{"id":77946,"date":"2022-12-01T09:56:51","date_gmt":"2022-12-01T09:56:51","guid":{"rendered":"https:\/\/logistiikkakeskus.net\/kauppa\/tuote\/hiusten-hoitoaine-hajuton-500ml-pumppup\/"},"modified":"2026-01-20T09:20:09","modified_gmt":"2026-01-20T07:20:09","slug":"hiusten-hoitoaine-hajuton-500ml-pumppup","status":"publish","type":"product","link":"https:\/\/logistiikkakeskus.net\/kauppa\/tuote\/hiusten-hoitoaine-hajuton-500ml-pumppup\/","title":{"rendered":"Hiusten hoitoaine Hajuton 500ml pumppup"},"content":{"rendered":"<p>myyntiyksikk\u00f6 PLO (500ml),ryhm\u00e4pak. 6 plo\/ltk<\/p>\n<h2>Avalon hiustenhoitobalsami hajustamaton 500mlpumppupullo<\/h2>\n<ul>\n<li>hiustenhoitobalsamitekee hiuksetkiilt\u00e4viksi ja antaa uutta ryhti\u00e4 ja runsautta\n<li>selvitt\u00e4\u00e4 hiukset hell\u00e4varaisesti ja tehokkaasti p\u00e4\u00e4nahkaa\u00e4rsytt\u00e4m\u00e4st\u00e4\n<li><b>ei sis\u00e4ll\u00e4 silikonia,hajusteita eik\u00e4 v\u00e4riaineita<\/b>\n<li>pH5,5<\/ul>\n<ul><b>S\u00e4ilyvyys:<\/b><\/p>\n<li>huoneen l\u00e4mm\u00f6ss\u00e4 3 vuottaja avattuna 12kk<\/ul>\n<p><i><br \/>hakusanat: hiusten hoitoaine,hoitobalsami,balsamiAvalon 500ml pumppupullo<\/i><\/p>\n","protected":false},"excerpt":{"rendered":"<p>myyntiyksikk\u00f6 PLO (500ml),ryhm\u00e4pak. 6 plo\/ltk Avalon hiustenhoitobalsami hajustamaton 500mlpumppupullo hiustenhoitobalsamitekee hiuksetkiilt\u00e4viksi ja antaa uutta ryhti\u00e4 ja runsautta selvitt\u00e4\u00e4 hiukset hell\u00e4varaisesti ja tehokkaasti p\u00e4\u00e4nahkaa\u00e4rsytt\u00e4m\u00e4st\u00e4 ei sis\u00e4ll\u00e4 silikonia,hajusteita eik\u00e4 v\u00e4riaineita pH5,5 S\u00e4ilyvyys: huoneen l\u00e4mm\u00f6ss\u00e4 3 vuottaja avattuna 12kk hakusanat: hiusten hoitoaine,hoitobalsami,balsamiAvalon 500ml pumppupullo<\/p>\n","protected":false},"featured_media":104494,"comment_status":"open","ping_status":"closed","template":"","meta":[],"product_brand":[],"product_cat":[3446],"product_tag":[],"class_list":{"0":"post-77946","1":"product","2":"type-product","3":"status-publish","4":"has-post-thumbnail","6":"product_cat-hoitotarvikkeet-henkilokohtainen-hygienia-ihon-pesunesteet","8":"first","9":"instock","10":"shipping-taxable","11":"purchasable","12":"product-type-simple"},"_links":{"self":[{"href":"https:\/\/logistiikkakeskus.net\/kauppa\/wp-json\/wp\/v2\/product\/77946","targetHints":{"allow":["GET"]}}],"collection":[{"href":"https:\/\/logistiikkakeskus.net\/kauppa\/wp-json\/wp\/v2\/product"}],"about":[{"href":"https:\/\/logistiikkakeskus.net\/kauppa\/wp-json\/wp\/v2\/types\/product"}],"replies":[{"embeddable":true,"href":"https:\/\/logistiikkakeskus.net\/kauppa\/wp-json\/wp\/v2\/comments?post=77946"}],"wp:featuredmedia":[{"embeddable":true,"href":"https:\/\/logistiikkakeskus.net\/kauppa\/wp-json\/wp\/v2\/media\/104494"}],"wp:attachment":[{"href":"https:\/\/logistiikkakeskus.net\/kauppa\/wp-json\/wp\/v2\/media?parent=77946"}],"wp:term":[{"taxonomy":"product_brand","embeddable":true,"href":"https:\/\/logistiikkakeskus.net\/kauppa\/wp-json\/wp\/v2\/product_brand?post=77946"},{"taxonomy":"product_cat","embeddable":true,"href":"https:\/\/logistiikkakeskus.net\/kauppa\/wp-json\/wp\/v2\/product_cat?post=77946"},{"taxonomy":"product_tag","embeddable":true,"href":"https:\/\/logistiikkakeskus.net\/kauppa\/wp-json\/wp\/v2\/product_tag?post=77946"}],"curies":[{"name":"wp","href":"https:\/\/api.w.org\/{rel}","templated":true}]}}