{"id":77931,"date":"2022-12-01T09:56:46","date_gmt":"2022-12-01T09:56:46","guid":{"rendered":"https:\/\/logistiikkakeskus.net\/kauppa\/tuote\/annostin-dispenso-seinateline-lyhyt-vipu\/"},"modified":"2026-01-20T09:20:07","modified_gmt":"2026-01-20T07:20:07","slug":"annostin-dispenso-seinateline-lyhyt-vipu","status":"publish","type":"product","link":"https:\/\/logistiikkakeskus.net\/kauppa\/tuote\/annostin-dispenso-seinateline-lyhyt-vipu\/","title":{"rendered":"Annostin Dispenso-sein\u00e4teline lyhyt vipu"},"content":{"rendered":"<p>myyntiyksikk\u00f6 KPL, Ryhm\u00e4pakkaus 30 kpl\/ltk<\/p>\n<h2>Avalon dispenso-sein\u00e4teline, lyhyt vipu<\/h2>\n<ul>\n<li>sein\u00e4\u00e4n kiinnitett\u00e4v\u00e4 annosteluteline 1litrandispenso-pakkauksille\n<li><b>lyhyt vipu 5,5cm<\/b>\n<li>lis\u00e4\u00e4 hygienisyytt\u00e4 jaruostumattomasta ter\u00e4ksest\u00e4 valmistettuna sopiimy\u00f6s kosteisiin tiloihin\n<li><i>kiinnitys sein\u00e4\u00e4ntapahtuu ruuveilla (eiv\u00e4t sis\u00e4lly pakkaukseen)<\/i>\n<li>kyseess\u00e4 on ns. k\u00e4mmenvipu<\/ul>\n<p><i><br \/>hakusanat: dispensopac, dispenserpac, sein\u00e4teline, pumppuannostelija, annostelupumppu, annostelija,annosteluv\u00e4line, annostelulaite, saippuateline,desinfektioaineteline, pesuaineteline, <\/i><\/p>\n","protected":false},"excerpt":{"rendered":"<p>myyntiyksikk\u00f6 KPL, Ryhm\u00e4pakkaus 30 kpl\/ltk Avalon dispenso-sein\u00e4teline, lyhyt vipu sein\u00e4\u00e4n kiinnitett\u00e4v\u00e4 annosteluteline 1litrandispenso-pakkauksille lyhyt vipu 5,5cm lis\u00e4\u00e4 hygienisyytt\u00e4 jaruostumattomasta ter\u00e4ksest\u00e4 valmistettuna sopiimy\u00f6s kosteisiin tiloihin kiinnitys sein\u00e4\u00e4ntapahtuu ruuveilla (eiv\u00e4t sis\u00e4lly pakkaukseen) kyseess\u00e4 on ns. k\u00e4mmenvipu hakusanat: dispensopac, dispenserpac, sein\u00e4teline, pumppuannostelija, annostelupumppu, annostelija,annosteluv\u00e4line, annostelulaite, saippuateline,desinfektioaineteline, pesuaineteline,<\/p>\n","protected":false},"featured_media":104487,"comment_status":"open","ping_status":"closed","template":"","meta":[],"product_brand":[],"product_cat":[3445],"product_tag":[],"class_list":{"0":"post-77931","1":"product","2":"type-product","3":"status-publish","4":"has-post-thumbnail","6":"product_cat-hoitotarvikkeet-annostelijat-astiat-ja-telineet-annostelijat","8":"first","9":"instock","10":"shipping-taxable","11":"purchasable","12":"product-type-simple"},"_links":{"self":[{"href":"https:\/\/logistiikkakeskus.net\/kauppa\/wp-json\/wp\/v2\/product\/77931","targetHints":{"allow":["GET"]}}],"collection":[{"href":"https:\/\/logistiikkakeskus.net\/kauppa\/wp-json\/wp\/v2\/product"}],"about":[{"href":"https:\/\/logistiikkakeskus.net\/kauppa\/wp-json\/wp\/v2\/types\/product"}],"replies":[{"embeddable":true,"href":"https:\/\/logistiikkakeskus.net\/kauppa\/wp-json\/wp\/v2\/comments?post=77931"}],"wp:featuredmedia":[{"embeddable":true,"href":"https:\/\/logistiikkakeskus.net\/kauppa\/wp-json\/wp\/v2\/media\/104487"}],"wp:attachment":[{"href":"https:\/\/logistiikkakeskus.net\/kauppa\/wp-json\/wp\/v2\/media?parent=77931"}],"wp:term":[{"taxonomy":"product_brand","embeddable":true,"href":"https:\/\/logistiikkakeskus.net\/kauppa\/wp-json\/wp\/v2\/product_brand?post=77931"},{"taxonomy":"product_cat","embeddable":true,"href":"https:\/\/logistiikkakeskus.net\/kauppa\/wp-json\/wp\/v2\/product_cat?post=77931"},{"taxonomy":"product_tag","embeddable":true,"href":"https:\/\/logistiikkakeskus.net\/kauppa\/wp-json\/wp\/v2\/product_tag?post=77931"}],"curies":[{"name":"wp","href":"https:\/\/api.w.org\/{rel}","templated":true}]}}