{"id":77929,"date":"2022-12-01T09:56:45","date_gmt":"2022-12-01T09:56:45","guid":{"rendered":"https:\/\/logistiikkakeskus.net\/kauppa\/tuote\/desinfektioaine-desinfektol-p-5l\/"},"modified":"2025-03-25T14:45:17","modified_gmt":"2025-03-25T12:45:17","slug":"desinfektioaine-desinfektol-p-5l","status":"publish","type":"product","link":"https:\/\/logistiikkakeskus.net\/kauppa\/tuote\/desinfektioaine-desinfektol-p-5l\/","title":{"rendered":"Desinfektioaine Desinfektol P 5L"},"content":{"rendered":"<p>myyntiyksikk\u00f6 AST (5L), ryhm\u00e4pak. 3 ast\/ltk <\/p>\n<h2>Etanolipohjainendesinfektioaine Desinfektol P <\/h2>\n<p>Tehokas desinfektioainel\u00e4\u00e4ketieteellisten instrumenttien,ja v\u00e4lineiden,kuten stetoskooppien,verenpainemittareiden sek\u00e4 veri- ja eritetahrojen desinfektioon.<\/p>\n<ul><b>Ominaisuudet:<\/b><\/p>\n<li> Sopii sellaisenaan kaikkia alkoholia kest\u00e4vien-my\u00f6s useimpienmuovimateriaalien-puhdistukseen ja desinfektioon\n<li>Mikrobisidisesti te hokas ja nopea\n<li>Sis\u00e4lt\u00e4\u00e4 tehoa lis\u00e4\u00e4v\u00e4\u00e4pinta-aktiivista ainetta &#8211; eitarvitse esipuhdistusta\n<li>Tuote l\u00e4p\u00e4iseestandardit EN13697, EN13727, EN14561, EN12791\n<li>pH n.7,0<\/ul>\n<p><i><br \/> Toimittajan nro: 13240132 Berner Oy<br \/>hakusanat:desinfektioaine,hajusteeton,monik\u00e4yt,40952<\/i><\/p>\n","protected":false},"excerpt":{"rendered":"<p>myyntiyksikk\u00f6 AST (5L), ryhm\u00e4pak. 3 ast\/ltk Etanolipohjainendesinfektioaine Desinfektol P Tehokas desinfektioainel\u00e4\u00e4ketieteellisten instrumenttien,ja v\u00e4lineiden,kuten stetoskooppien,verenpainemittareiden sek\u00e4 veri- ja eritetahrojen desinfektioon. Ominaisuudet: Sopii sellaisenaan kaikkia alkoholia kest\u00e4vien-my\u00f6s useimpienmuovimateriaalien-puhdistukseen ja desinfektioon Mikrobisidisesti te hokas ja nopea Sis\u00e4lt\u00e4\u00e4 tehoa lis\u00e4\u00e4v\u00e4\u00e4pinta-aktiivista ainetta &#8211; eitarvitse esipuhdistusta Tuote l\u00e4p\u00e4iseestandardit EN13697, EN13727, EN14561, EN12791 pH n.7,0 Toimittajan nro: 13240132 Berner Oyhakusanat:desinfektioaine,hajusteeton,monik\u00e4yt,40952<\/p>\n","protected":false},"featured_media":0,"comment_status":"open","ping_status":"closed","template":"","meta":[],"product_brand":[],"product_cat":[3444],"product_tag":[],"class_list":{"0":"post-77929","1":"product","2":"type-product","3":"status-publish","5":"product_cat-hoitotarvikkeet-desinfektio-instrumenttien-desinfektio","7":"first","8":"instock","9":"shipping-taxable","10":"purchasable","11":"product-type-simple"},"_links":{"self":[{"href":"https:\/\/logistiikkakeskus.net\/kauppa\/wp-json\/wp\/v2\/product\/77929","targetHints":{"allow":["GET"]}}],"collection":[{"href":"https:\/\/logistiikkakeskus.net\/kauppa\/wp-json\/wp\/v2\/product"}],"about":[{"href":"https:\/\/logistiikkakeskus.net\/kauppa\/wp-json\/wp\/v2\/types\/product"}],"replies":[{"embeddable":true,"href":"https:\/\/logistiikkakeskus.net\/kauppa\/wp-json\/wp\/v2\/comments?post=77929"}],"wp:attachment":[{"href":"https:\/\/logistiikkakeskus.net\/kauppa\/wp-json\/wp\/v2\/media?parent=77929"}],"wp:term":[{"taxonomy":"product_brand","embeddable":true,"href":"https:\/\/logistiikkakeskus.net\/kauppa\/wp-json\/wp\/v2\/product_brand?post=77929"},{"taxonomy":"product_cat","embeddable":true,"href":"https:\/\/logistiikkakeskus.net\/kauppa\/wp-json\/wp\/v2\/product_cat?post=77929"},{"taxonomy":"product_tag","embeddable":true,"href":"https:\/\/logistiikkakeskus.net\/kauppa\/wp-json\/wp\/v2\/product_tag?post=77929"}],"curies":[{"name":"wp","href":"https:\/\/api.w.org\/{rel}","templated":true}]}}