{"id":77923,"date":"2022-12-01T09:56:43","date_gmt":"2022-12-01T09:56:43","guid":{"rendered":"https:\/\/logistiikkakeskus.net\/kauppa\/tuote\/puhdistusaine-steel-1l-saostumienpoisto\/"},"modified":"2026-01-20T09:20:07","modified_gmt":"2026-01-20T07:20:07","slug":"puhdistusaine-steel-1l-saostumienpoisto","status":"publish","type":"product","link":"https:\/\/logistiikkakeskus.net\/kauppa\/tuote\/puhdistusaine-steel-1l-saostumienpoisto\/","title":{"rendered":"Puhdistusaine Steel 1L, saostumienpoisto"},"content":{"rendered":"<p>myyntiyksikk\u00f6 PLO (1L), ryhm\u00e4pak. 6 plo\/ltk <\/p>\n<h2>Hapanerikoispesuaine Steel, 1 litra <\/h2>\n<p>Erikoispesuaine oksidikalvojen jakalkki-  sek\u00e4ruostesaostumien poistoon instrumenteista ja instrumenttipesukoneista. <\/p>\n<ul><b>Ominaisuudet: <\/b><\/p>\n<li>Sopii sek\u00e4k\u00e4sipesuun ett\u00e4 konepesuun\n<li> Poistaa saostumat ja kirkastaametallipinnat\n<li> Sopii my\u00f6s useimmille alumiini-, messinki- jakuparipinnoille\n<li>Poistaa tahroja my\u00f6s silikoni-  ja muovipinnoilta\n<li>Tuote huuhtoutuu hyvin,  mieto tuoksu\n<li>Irronnut lika pyyhit\u00e4\u00e4npinnalta\n<li>pH-arvo 1,5<\/ul>\n<p><i><br \/>Toimittajan tuotenro. 8224 Kiiltoclean <br \/>hakusanat: v\u00e4linehuolto,saostumienpoisto,40881 instrumenttipesukoneaine,k\u00e4sipesuaine<\/i><\/p>\n","protected":false},"excerpt":{"rendered":"<p>myyntiyksikk\u00f6 PLO (1L), ryhm\u00e4pak. 6 plo\/ltk Hapanerikoispesuaine Steel, 1 litra Erikoispesuaine oksidikalvojen jakalkki- sek\u00e4ruostesaostumien poistoon instrumenteista ja instrumenttipesukoneista. Ominaisuudet: Sopii sek\u00e4k\u00e4sipesuun ett\u00e4 konepesuun Poistaa saostumat ja kirkastaametallipinnat Sopii my\u00f6s useimmille alumiini-, messinki- jakuparipinnoille Poistaa tahroja my\u00f6s silikoni- ja muovipinnoilta Tuote huuhtoutuu hyvin, mieto tuoksu Irronnut lika pyyhit\u00e4\u00e4npinnalta pH-arvo 1,5 Toimittajan tuotenro. 8224 Kiiltoclean hakusanat: v\u00e4linehuolto,saostumienpoisto,40881 [&hellip;]<\/p>\n","protected":false},"featured_media":104484,"comment_status":"open","ping_status":"closed","template":"","meta":[],"product_brand":[],"product_cat":[3444],"product_tag":[],"class_list":{"0":"post-77923","1":"product","2":"type-product","3":"status-publish","4":"has-post-thumbnail","6":"product_cat-hoitotarvikkeet-desinfektio-instrumenttien-desinfektio","8":"first","9":"instock","10":"shipping-taxable","11":"purchasable","12":"product-type-simple"},"_links":{"self":[{"href":"https:\/\/logistiikkakeskus.net\/kauppa\/wp-json\/wp\/v2\/product\/77923","targetHints":{"allow":["GET"]}}],"collection":[{"href":"https:\/\/logistiikkakeskus.net\/kauppa\/wp-json\/wp\/v2\/product"}],"about":[{"href":"https:\/\/logistiikkakeskus.net\/kauppa\/wp-json\/wp\/v2\/types\/product"}],"replies":[{"embeddable":true,"href":"https:\/\/logistiikkakeskus.net\/kauppa\/wp-json\/wp\/v2\/comments?post=77923"}],"wp:featuredmedia":[{"embeddable":true,"href":"https:\/\/logistiikkakeskus.net\/kauppa\/wp-json\/wp\/v2\/media\/104484"}],"wp:attachment":[{"href":"https:\/\/logistiikkakeskus.net\/kauppa\/wp-json\/wp\/v2\/media?parent=77923"}],"wp:term":[{"taxonomy":"product_brand","embeddable":true,"href":"https:\/\/logistiikkakeskus.net\/kauppa\/wp-json\/wp\/v2\/product_brand?post=77923"},{"taxonomy":"product_cat","embeddable":true,"href":"https:\/\/logistiikkakeskus.net\/kauppa\/wp-json\/wp\/v2\/product_cat?post=77923"},{"taxonomy":"product_tag","embeddable":true,"href":"https:\/\/logistiikkakeskus.net\/kauppa\/wp-json\/wp\/v2\/product_tag?post=77923"}],"curies":[{"name":"wp","href":"https:\/\/api.w.org\/{rel}","templated":true}]}}