{"id":77921,"date":"2022-12-01T09:56:42","date_gmt":"2022-12-01T09:56:42","guid":{"rendered":"https:\/\/logistiikkakeskus.net\/kauppa\/tuote\/puhdistusaine-erizyme-md4-5l\/"},"modified":"2025-10-15T10:21:30","modified_gmt":"2025-10-15T07:21:30","slug":"puhdistusaine-erizyme-md4-5l","status":"publish","type":"product","link":"https:\/\/logistiikkakeskus.net\/kauppa\/tuote\/puhdistusaine-erizyme-md4-5l\/","title":{"rendered":"Puhdistusaine Erizyme MD4 5L"},"content":{"rendered":"<p>myyntiyksikk\u00f6 AST (5L), ryhm\u00e4pak. 3 ast\/ltk <\/p>\n<h2>Neutraalikonepesuaine Erizyme MD4, 5 litraa <\/h2>\n<p>Vaahtoamaton,terveydenhuollon tarpeisiin  kehitetty konepesuaine huuhtelu-,desinfektio-, pesu- sek\u00e4 ultra\u00e4\u00e4nipesulaitteisiin.<\/p>\n<ul><b>Ominaisuudet:<\/b><\/p>\n<li>Tarkoitettu instrumenttien ja v\u00e4lineidenkoneelliseen pesuun\n<li>Sopii my\u00f6s hammashuollon v\u00e4lineiden puhdistukseen\n<li>Soveltuu  herkille materiaaleille kuten alumiini ja muovit\n<li>K\u00e4ytt\u00f6kohteet: v\u00e4linehuolto, leikkausosastot,  ja hammashuolto\n<li>pH-arvo 7,5 (k\u00e4ytt\u00f6liuos)<\/ul>\n<p><i><br \/>Toimittajan tuotenro. 8137 Kiiltoclean<br \/>hakusanat: v\u00e4linehuolto,instrumenttienpesu, instrumenttipesu , l\u00e4mp\u00f6desinfiointi 40842<\/i><\/p>\n","protected":false},"excerpt":{"rendered":"<p>myyntiyksikk\u00f6 AST (5L), ryhm\u00e4pak. 3 ast\/ltk Neutraalikonepesuaine Erizyme MD4, 5 litraa Vaahtoamaton,terveydenhuollon tarpeisiin kehitetty konepesuaine huuhtelu-,desinfektio-, pesu- sek\u00e4 ultra\u00e4\u00e4nipesulaitteisiin. Ominaisuudet: Tarkoitettu instrumenttien ja v\u00e4lineidenkoneelliseen pesuun Sopii my\u00f6s hammashuollon v\u00e4lineiden puhdistukseen Soveltuu herkille materiaaleille kuten alumiini ja muovit K\u00e4ytt\u00f6kohteet: v\u00e4linehuolto, leikkausosastot, ja hammashuolto pH-arvo 7,5 (k\u00e4ytt\u00f6liuos) Toimittajan tuotenro. 8137 Kiiltocleanhakusanat: v\u00e4linehuolto,instrumenttienpesu, instrumenttipesu , l\u00e4mp\u00f6desinfiointi 40842<\/p>\n","protected":false},"featured_media":0,"comment_status":"open","ping_status":"closed","template":"","meta":[],"product_brand":[],"product_cat":[3444],"product_tag":[],"class_list":{"0":"post-77921","1":"product","2":"type-product","3":"status-publish","5":"product_cat-hoitotarvikkeet-desinfektio-instrumenttien-desinfektio","7":"first","8":"instock","9":"shipping-taxable","10":"purchasable","11":"product-type-simple"},"_links":{"self":[{"href":"https:\/\/logistiikkakeskus.net\/kauppa\/wp-json\/wp\/v2\/product\/77921","targetHints":{"allow":["GET"]}}],"collection":[{"href":"https:\/\/logistiikkakeskus.net\/kauppa\/wp-json\/wp\/v2\/product"}],"about":[{"href":"https:\/\/logistiikkakeskus.net\/kauppa\/wp-json\/wp\/v2\/types\/product"}],"replies":[{"embeddable":true,"href":"https:\/\/logistiikkakeskus.net\/kauppa\/wp-json\/wp\/v2\/comments?post=77921"}],"wp:attachment":[{"href":"https:\/\/logistiikkakeskus.net\/kauppa\/wp-json\/wp\/v2\/media?parent=77921"}],"wp:term":[{"taxonomy":"product_brand","embeddable":true,"href":"https:\/\/logistiikkakeskus.net\/kauppa\/wp-json\/wp\/v2\/product_brand?post=77921"},{"taxonomy":"product_cat","embeddable":true,"href":"https:\/\/logistiikkakeskus.net\/kauppa\/wp-json\/wp\/v2\/product_cat?post=77921"},{"taxonomy":"product_tag","embeddable":true,"href":"https:\/\/logistiikkakeskus.net\/kauppa\/wp-json\/wp\/v2\/product_tag?post=77921"}],"curies":[{"name":"wp","href":"https:\/\/api.w.org\/{rel}","templated":true}]}}