{"id":77917,"date":"2022-12-01T09:56:41","date_gmt":"2022-12-01T09:56:41","guid":{"rendered":"https:\/\/logistiikkakeskus.net\/kauppa\/tuote\/desinfektioliina-teccare-control\/"},"modified":"2026-01-20T09:20:07","modified_gmt":"2026-01-20T07:20:07","slug":"desinfektioliina-teccare-control","status":"publish","type":"product","link":"https:\/\/logistiikkakeskus.net\/kauppa\/tuote\/desinfektioliina-teccare-control\/","title":{"rendered":"Desinfektioliina TECcare Control"},"content":{"rendered":"<p>Myyntiyksikk\u00f6 PSS (90 kpl), ryhm\u00e4p. 8 pss\/ltk<\/p>\n<h2>Pesev\u00e4 desinfektioliina TECcare Control<\/h2>\n<p>TECcare CONTROL tarjoaa terveydenhuoltoon turvallisen jatehokkaan,yksivaiheisen siivous- ja desinfiointimenetelm\u00e4n. Desinfektiopyyhe oneritt\u00e4in tehokas bakteereja, viruksia, sieni\u00e4, iti\u00f6it\u00e4 ja mykobakteerejavastaan. Ei sis\u00e4ll\u00e4 klooria eik\u00e4 alkoholia, joten tuote on k\u00e4ytt\u00e4j\u00e4lleturvallinen, ihoa ja limakalvoja \u00e4rsytt\u00e4m\u00e4t\u00f6n kuin my\u00f6selintarviketurvallinen. Soveltuu kaikille laitteille ja pinnoille.<\/p>\n<p><i>Hakusanat: desinfektioliina, desinfektioliinat,desinfektiopyyhkeet<\/i><\/p>\n","protected":false},"excerpt":{"rendered":"<p>Myyntiyksikk\u00f6 PSS (90 kpl), ryhm\u00e4p. 8 pss\/ltk Pesev\u00e4 desinfektioliina TECcare Control TECcare CONTROL tarjoaa terveydenhuoltoon turvallisen jatehokkaan,yksivaiheisen siivous- ja desinfiointimenetelm\u00e4n. Desinfektiopyyhe oneritt\u00e4in tehokas bakteereja, viruksia, sieni\u00e4, iti\u00f6it\u00e4 ja mykobakteerejavastaan. Ei sis\u00e4ll\u00e4 klooria eik\u00e4 alkoholia, joten tuote on k\u00e4ytt\u00e4j\u00e4lleturvallinen, ihoa ja limakalvoja \u00e4rsytt\u00e4m\u00e4t\u00f6n kuin my\u00f6selintarviketurvallinen. Soveltuu kaikille laitteille ja pinnoille. Hakusanat: desinfektioliina, desinfektioliinat,desinfektiopyyhkeet<\/p>\n","protected":false},"featured_media":104482,"comment_status":"open","ping_status":"closed","template":"","meta":[],"product_brand":[],"product_cat":[3275],"product_tag":[],"class_list":{"0":"post-77917","1":"product","2":"type-product","3":"status-publish","4":"has-post-thumbnail","6":"product_cat-hoitotarvikkeet-desinfektio-pintojen-desinfektio","8":"first","9":"instock","10":"shipping-taxable","11":"purchasable","12":"product-type-simple"},"_links":{"self":[{"href":"https:\/\/logistiikkakeskus.net\/kauppa\/wp-json\/wp\/v2\/product\/77917","targetHints":{"allow":["GET"]}}],"collection":[{"href":"https:\/\/logistiikkakeskus.net\/kauppa\/wp-json\/wp\/v2\/product"}],"about":[{"href":"https:\/\/logistiikkakeskus.net\/kauppa\/wp-json\/wp\/v2\/types\/product"}],"replies":[{"embeddable":true,"href":"https:\/\/logistiikkakeskus.net\/kauppa\/wp-json\/wp\/v2\/comments?post=77917"}],"wp:featuredmedia":[{"embeddable":true,"href":"https:\/\/logistiikkakeskus.net\/kauppa\/wp-json\/wp\/v2\/media\/104482"}],"wp:attachment":[{"href":"https:\/\/logistiikkakeskus.net\/kauppa\/wp-json\/wp\/v2\/media?parent=77917"}],"wp:term":[{"taxonomy":"product_brand","embeddable":true,"href":"https:\/\/logistiikkakeskus.net\/kauppa\/wp-json\/wp\/v2\/product_brand?post=77917"},{"taxonomy":"product_cat","embeddable":true,"href":"https:\/\/logistiikkakeskus.net\/kauppa\/wp-json\/wp\/v2\/product_cat?post=77917"},{"taxonomy":"product_tag","embeddable":true,"href":"https:\/\/logistiikkakeskus.net\/kauppa\/wp-json\/wp\/v2\/product_tag?post=77917"}],"curies":[{"name":"wp","href":"https:\/\/api.w.org\/{rel}","templated":true}]}}