{"id":77916,"date":"2022-12-01T09:56:40","date_gmt":"2022-12-01T09:56:40","guid":{"rendered":"https:\/\/logistiikkakeskus.net\/kauppa\/tuote\/kodinpuhdistusliina-kiilto-hajusteeton\/"},"modified":"2026-01-20T09:20:07","modified_gmt":"2026-01-20T07:20:07","slug":"kodinpuhdistusliina-kiilto-hajusteeton","status":"publish","type":"product","link":"https:\/\/logistiikkakeskus.net\/kauppa\/tuote\/kodinpuhdistusliina-kiilto-hajusteeton\/","title":{"rendered":"Kodinpuhdistusliina Kiilto, hajusteeton"},"content":{"rendered":"<p>Myyntiyksikk\u00f6 PSS (36 kpl)<\/p>\n<h2>Puhdistusliina Kiilto, hajusteeton<\/h2>\n<p>Kiilto-kodinpuhdistusliinalla koti on helppo pit\u00e4\u00e4 puhtaana.Puhdistusliinalla pyyhit vaivatta p\u00f6lyt ja tahrat kosteaa pyyhkimist\u00e4kest\u00e4vilt\u00e4 kovilta pinnoilta. Liina poistaa helposti sormenj\u00e4ljetovenpielist\u00e4 ja kaapinovista. K\u00e4tev\u00e4 pakkaus, joka on helppo ottaamukaan autoon tai m\u00f6kille.<\/p>\n<p>Sis\u00e4lt\u00e4\u00e4 36 reilun kokoista (18 x 28 cm) kompostoituvaa liinaa.Liinan voi laittaa k\u00e4yt\u00f6n j\u00e4lkeen bioj\u00e4tteeseen. Tuotteelle on my\u00f6nnettyAllergiatunnus ja Avainlippu.<\/p>\n<p><i>Hakusanat:siivouspyyhe, siivouspyyhkeet,kertak\u00e4ytt\u00f6pyyhe<\/i><\/p>\n","protected":false},"excerpt":{"rendered":"<p>Myyntiyksikk\u00f6 PSS (36 kpl) Puhdistusliina Kiilto, hajusteeton Kiilto-kodinpuhdistusliinalla koti on helppo pit\u00e4\u00e4 puhtaana.Puhdistusliinalla pyyhit vaivatta p\u00f6lyt ja tahrat kosteaa pyyhkimist\u00e4kest\u00e4vilt\u00e4 kovilta pinnoilta. Liina poistaa helposti sormenj\u00e4ljetovenpielist\u00e4 ja kaapinovista. K\u00e4tev\u00e4 pakkaus, joka on helppo ottaamukaan autoon tai m\u00f6kille. Sis\u00e4lt\u00e4\u00e4 36 reilun kokoista (18 x 28 cm) kompostoituvaa liinaa.Liinan voi laittaa k\u00e4yt\u00f6n j\u00e4lkeen bioj\u00e4tteeseen. Tuotteelle on my\u00f6nnettyAllergiatunnus [&hellip;]<\/p>\n","protected":false},"featured_media":104481,"comment_status":"open","ping_status":"closed","template":"","meta":[],"product_brand":[],"product_cat":[3141],"product_tag":[],"class_list":{"0":"post-77916","1":"product","2":"type-product","3":"status-publish","4":"has-post-thumbnail","6":"product_cat-siivousvalineet-ja-tarvikkeet-siivouspyyhkeet-kertakayttoiset-siivouspyyhkeet","8":"first","9":"instock","10":"shipping-taxable","11":"purchasable","12":"product-type-simple"},"_links":{"self":[{"href":"https:\/\/logistiikkakeskus.net\/kauppa\/wp-json\/wp\/v2\/product\/77916","targetHints":{"allow":["GET"]}}],"collection":[{"href":"https:\/\/logistiikkakeskus.net\/kauppa\/wp-json\/wp\/v2\/product"}],"about":[{"href":"https:\/\/logistiikkakeskus.net\/kauppa\/wp-json\/wp\/v2\/types\/product"}],"replies":[{"embeddable":true,"href":"https:\/\/logistiikkakeskus.net\/kauppa\/wp-json\/wp\/v2\/comments?post=77916"}],"wp:featuredmedia":[{"embeddable":true,"href":"https:\/\/logistiikkakeskus.net\/kauppa\/wp-json\/wp\/v2\/media\/104481"}],"wp:attachment":[{"href":"https:\/\/logistiikkakeskus.net\/kauppa\/wp-json\/wp\/v2\/media?parent=77916"}],"wp:term":[{"taxonomy":"product_brand","embeddable":true,"href":"https:\/\/logistiikkakeskus.net\/kauppa\/wp-json\/wp\/v2\/product_brand?post=77916"},{"taxonomy":"product_cat","embeddable":true,"href":"https:\/\/logistiikkakeskus.net\/kauppa\/wp-json\/wp\/v2\/product_cat?post=77916"},{"taxonomy":"product_tag","embeddable":true,"href":"https:\/\/logistiikkakeskus.net\/kauppa\/wp-json\/wp\/v2\/product_tag?post=77916"}],"curies":[{"name":"wp","href":"https:\/\/api.w.org\/{rel}","templated":true}]}}