{"id":77910,"date":"2022-12-01T09:56:38","date_gmt":"2022-12-01T09:56:38","guid":{"rendered":"https:\/\/logistiikkakeskus.net\/kauppa\/tuote\/desinfektiopyyhe-easydes-pinnoille\/"},"modified":"2026-01-20T09:20:07","modified_gmt":"2026-01-20T07:20:07","slug":"desinfektiopyyhe-easydes-pinnoille","status":"publish","type":"product","link":"https:\/\/logistiikkakeskus.net\/kauppa\/tuote\/desinfektiopyyhe-easydes-pinnoille\/","title":{"rendered":"Desinfektiopyyhe Easydes pinnoille"},"content":{"rendered":"<p>myyntiyksikk\u00f6 PSS (16kpl),ryhm\u00e4pak. 16 pss\/ltk <\/p>\n<h2>Easydes pesev\u00e4desinfektiopyyhe pinnoille<\/h2>\n<p>Easydes Desinfektiopyyhe onmikrobisidisesti tehokas k\u00e4yt\u00f6valmis ja nopeavaikutteinenl\u00e4\u00e4kinn\u00e4llisten laitteiden ja v\u00e4lineiden ja infektioiden torjunnankannalta kriittisten kohteidendesinfektiopyyhe. Helppok\u00e4ytt\u00f6inen,sopiikaikille alkoholeja siet\u00e4ville materiaaleille,my\u00f6s useimmillemuovimateriaaleille sek\u00e4 hammashuollon o sa-alueella. Etanolipohjainendesinfektioseos. Tuote l\u00e4p\u00e4isee standarditEN13697,EN13727,EN13713EN14348,EN1650,EN14476<\/><\/p>\n<p><i><br \/>Toimittajan tuotenro: 8285 KiiltoClean<br \/> hakusanat: Pesev\u00e4 desinfektiopyyhe pinnoille, k\u00e4ytt\u00f6valmisetanolipohjainen<\/i><\/p>\n","protected":false},"excerpt":{"rendered":"<p>myyntiyksikk\u00f6 PSS (16kpl),ryhm\u00e4pak. 16 pss\/ltk Easydes pesev\u00e4desinfektiopyyhe pinnoille Easydes Desinfektiopyyhe onmikrobisidisesti tehokas k\u00e4yt\u00f6valmis ja nopeavaikutteinenl\u00e4\u00e4kinn\u00e4llisten laitteiden ja v\u00e4lineiden ja infektioiden torjunnankannalta kriittisten kohteidendesinfektiopyyhe. Helppok\u00e4ytt\u00f6inen,sopiikaikille alkoholeja siet\u00e4ville materiaaleille,my\u00f6s useimmillemuovimateriaaleille sek\u00e4 hammashuollon o sa-alueella. Etanolipohjainendesinfektioseos. Tuote l\u00e4p\u00e4isee standarditEN13697,EN13727,EN13713EN14348,EN1650,EN14476 Toimittajan tuotenro: 8285 KiiltoClean hakusanat: Pesev\u00e4 desinfektiopyyhe pinnoille, k\u00e4ytt\u00f6valmisetanolipohjainen<\/p>\n","protected":false},"featured_media":104478,"comment_status":"open","ping_status":"closed","template":"","meta":[],"product_brand":[],"product_cat":[3275],"product_tag":[],"class_list":{"0":"post-77910","1":"product","2":"type-product","3":"status-publish","4":"has-post-thumbnail","6":"product_cat-hoitotarvikkeet-desinfektio-pintojen-desinfektio","8":"first","9":"instock","10":"shipping-taxable","11":"purchasable","12":"product-type-simple"},"_links":{"self":[{"href":"https:\/\/logistiikkakeskus.net\/kauppa\/wp-json\/wp\/v2\/product\/77910","targetHints":{"allow":["GET"]}}],"collection":[{"href":"https:\/\/logistiikkakeskus.net\/kauppa\/wp-json\/wp\/v2\/product"}],"about":[{"href":"https:\/\/logistiikkakeskus.net\/kauppa\/wp-json\/wp\/v2\/types\/product"}],"replies":[{"embeddable":true,"href":"https:\/\/logistiikkakeskus.net\/kauppa\/wp-json\/wp\/v2\/comments?post=77910"}],"wp:featuredmedia":[{"embeddable":true,"href":"https:\/\/logistiikkakeskus.net\/kauppa\/wp-json\/wp\/v2\/media\/104478"}],"wp:attachment":[{"href":"https:\/\/logistiikkakeskus.net\/kauppa\/wp-json\/wp\/v2\/media?parent=77910"}],"wp:term":[{"taxonomy":"product_brand","embeddable":true,"href":"https:\/\/logistiikkakeskus.net\/kauppa\/wp-json\/wp\/v2\/product_brand?post=77910"},{"taxonomy":"product_cat","embeddable":true,"href":"https:\/\/logistiikkakeskus.net\/kauppa\/wp-json\/wp\/v2\/product_cat?post=77910"},{"taxonomy":"product_tag","embeddable":true,"href":"https:\/\/logistiikkakeskus.net\/kauppa\/wp-json\/wp\/v2\/product_tag?post=77910"}],"curies":[{"name":"wp","href":"https:\/\/api.w.org\/{rel}","templated":true}]}}