{"id":77908,"date":"2022-12-01T09:56:37","date_gmt":"2022-12-01T09:56:37","guid":{"rendered":"https:\/\/logistiikkakeskus.net\/kauppa\/tuote\/desinfektioaine-virkon-50g-5x10g-jauhe\/"},"modified":"2026-01-20T09:20:06","modified_gmt":"2026-01-20T07:20:06","slug":"desinfektioaine-virkon-50g-5x10g-jauhe","status":"publish","type":"product","link":"https:\/\/logistiikkakeskus.net\/kauppa\/tuote\/desinfektioaine-virkon-50g-5x10g-jauhe\/","title":{"rendered":"Desinfektioaine Virkon 50g (10x5g) tabl"},"content":{"rendered":"<p>Myyntiyksikk\u00f6 PRK (sis. 10 x 5 g tablettia)<\/p>\n<h2>Hapan desinfektioaine Virkon 5g, 10 kpl<\/h2>\n<p>Desinfektioaine, joka tehon ja monipuolisuuden takia sopiilaitosymp\u00e4rist\u00f6\u00f6n.<\/p>\n<ul>\n<li>Tehoaa viruksiin, bakteereihin ja sieniin\n<li>Sopii infektioiden ja epidemioiden levi\u00e4misen ehk\u00e4isyyn\n<li>K\u00e4ytt\u00f6kohteet: tekstiilien, veri- ja eritetahrojen sek\u00e4lattia-,kaluste- ja kosketuspintojen desinfektio ja puhdistus\n<li>Annostelu: 5g\/5dl vett\u00e4\n<li>pH-arvo on 2,6 (k\u00e4ytt\u00f6liuos)\n<li>Liuos s\u00e4ilyy tehokkaana noin viikon ajan<\/ul>\n<p><i>Hakusanat: desinfiointiaine, desinfektiojauhe,puhdistusaine,tekstiilipesuaine<\/i><\/p>\n","protected":false},"excerpt":{"rendered":"<p>Myyntiyksikk\u00f6 PRK (sis. 10 x 5 g tablettia) Hapan desinfektioaine Virkon 5g, 10 kpl Desinfektioaine, joka tehon ja monipuolisuuden takia sopiilaitosymp\u00e4rist\u00f6\u00f6n. Tehoaa viruksiin, bakteereihin ja sieniin Sopii infektioiden ja epidemioiden levi\u00e4misen ehk\u00e4isyyn K\u00e4ytt\u00f6kohteet: tekstiilien, veri- ja eritetahrojen sek\u00e4lattia-,kaluste- ja kosketuspintojen desinfektio ja puhdistus Annostelu: 5g\/5dl vett\u00e4 pH-arvo on 2,6 (k\u00e4ytt\u00f6liuos) Liuos s\u00e4ilyy tehokkaana noin viikon [&hellip;]<\/p>\n","protected":false},"featured_media":104477,"comment_status":"open","ping_status":"closed","template":"","meta":[],"product_brand":[],"product_cat":[3275],"product_tag":[],"class_list":{"0":"post-77908","1":"product","2":"type-product","3":"status-publish","4":"has-post-thumbnail","6":"product_cat-hoitotarvikkeet-desinfektio-pintojen-desinfektio","8":"first","9":"instock","10":"shipping-taxable","11":"purchasable","12":"product-type-simple"},"_links":{"self":[{"href":"https:\/\/logistiikkakeskus.net\/kauppa\/wp-json\/wp\/v2\/product\/77908","targetHints":{"allow":["GET"]}}],"collection":[{"href":"https:\/\/logistiikkakeskus.net\/kauppa\/wp-json\/wp\/v2\/product"}],"about":[{"href":"https:\/\/logistiikkakeskus.net\/kauppa\/wp-json\/wp\/v2\/types\/product"}],"replies":[{"embeddable":true,"href":"https:\/\/logistiikkakeskus.net\/kauppa\/wp-json\/wp\/v2\/comments?post=77908"}],"wp:featuredmedia":[{"embeddable":true,"href":"https:\/\/logistiikkakeskus.net\/kauppa\/wp-json\/wp\/v2\/media\/104477"}],"wp:attachment":[{"href":"https:\/\/logistiikkakeskus.net\/kauppa\/wp-json\/wp\/v2\/media?parent=77908"}],"wp:term":[{"taxonomy":"product_brand","embeddable":true,"href":"https:\/\/logistiikkakeskus.net\/kauppa\/wp-json\/wp\/v2\/product_brand?post=77908"},{"taxonomy":"product_cat","embeddable":true,"href":"https:\/\/logistiikkakeskus.net\/kauppa\/wp-json\/wp\/v2\/product_cat?post=77908"},{"taxonomy":"product_tag","embeddable":true,"href":"https:\/\/logistiikkakeskus.net\/kauppa\/wp-json\/wp\/v2\/product_tag?post=77908"}],"curies":[{"name":"wp","href":"https:\/\/api.w.org\/{rel}","templated":true}]}}