{"id":77906,"date":"2022-12-01T09:56:36","date_gmt":"2022-12-01T09:56:36","guid":{"rendered":"https:\/\/logistiikkakeskus.net\/kauppa\/tuote\/desinfektioaine-erisan-oxy-50g-jauhe\/"},"modified":"2026-01-20T09:20:06","modified_gmt":"2026-01-20T07:20:06","slug":"desinfektioaine-erisan-oxy-50g-jauhe","status":"publish","type":"product","link":"https:\/\/logistiikkakeskus.net\/kauppa\/tuote\/desinfektioaine-erisan-oxy-50g-jauhe\/","title":{"rendered":"Desinfektioaine Erisan Oxy+ 50g jauhe"},"content":{"rendered":"<p>myyntiyksikk\u00f6 PSS (50g), ryhm\u00e4pak. 50 pss\/ltk <\/p>\n<h2>Pesev\u00e4desinfektiojauhe Erisan Oxy+ 50g<\/h2>\n<p>Desinfektioaineterveydenhuollon laitteiden ja v\u00e4lineiden puhdistukseen ja desinfektioon- sopii my\u00f6s herkkien tekstiilien desinfioivaan pesuun<\/p>\n<ul><b>Ominaisuudet:<\/b><\/p>\n<li>Vetyperoksidiin ja peretikkahappoon perustuvadesinfiointiteho\n<li> Soveltuu my\u00f6s hammashuollon proteettisten t\u00f6iden jatehoimujen desinfiointiin\n<li>K\u00e4ytt\u00f6kohteet: Terveydenhuollon v\u00e4lineet,instrumentit ja tasopinnat\n<li>pH-arvo 7,5 (k\u00e4ytt\u00f6liuos)\n<li>Tuotel\u00e4p\u00e4isee stand. EN13727,EN13697,EN13624,EN13704 <\/ul>\n<p><i><br \/>Toimittajan tuotenro: 8116 Kiilto Clean<br \/>hakusanat: 40980v\u00e4linehuolto, desinfektioaine, jauhe<\/i><\/p>\n","protected":false},"excerpt":{"rendered":"<p>myyntiyksikk\u00f6 PSS (50g), ryhm\u00e4pak. 50 pss\/ltk Pesev\u00e4desinfektiojauhe Erisan Oxy+ 50g Desinfektioaineterveydenhuollon laitteiden ja v\u00e4lineiden puhdistukseen ja desinfektioon- sopii my\u00f6s herkkien tekstiilien desinfioivaan pesuun Ominaisuudet: Vetyperoksidiin ja peretikkahappoon perustuvadesinfiointiteho Soveltuu my\u00f6s hammashuollon proteettisten t\u00f6iden jatehoimujen desinfiointiin K\u00e4ytt\u00f6kohteet: Terveydenhuollon v\u00e4lineet,instrumentit ja tasopinnat pH-arvo 7,5 (k\u00e4ytt\u00f6liuos) Tuotel\u00e4p\u00e4isee stand. EN13727,EN13697,EN13624,EN13704 Toimittajan tuotenro: 8116 Kiilto Cleanhakusanat: 40980v\u00e4linehuolto, desinfektioaine, jauhe<\/p>\n","protected":false},"featured_media":104476,"comment_status":"open","ping_status":"closed","template":"","meta":[],"product_brand":[],"product_cat":[3444],"product_tag":[],"class_list":{"0":"post-77906","1":"product","2":"type-product","3":"status-publish","4":"has-post-thumbnail","6":"product_cat-hoitotarvikkeet-desinfektio-instrumenttien-desinfektio","8":"first","9":"instock","10":"shipping-taxable","11":"purchasable","12":"product-type-simple"},"_links":{"self":[{"href":"https:\/\/logistiikkakeskus.net\/kauppa\/wp-json\/wp\/v2\/product\/77906","targetHints":{"allow":["GET"]}}],"collection":[{"href":"https:\/\/logistiikkakeskus.net\/kauppa\/wp-json\/wp\/v2\/product"}],"about":[{"href":"https:\/\/logistiikkakeskus.net\/kauppa\/wp-json\/wp\/v2\/types\/product"}],"replies":[{"embeddable":true,"href":"https:\/\/logistiikkakeskus.net\/kauppa\/wp-json\/wp\/v2\/comments?post=77906"}],"wp:featuredmedia":[{"embeddable":true,"href":"https:\/\/logistiikkakeskus.net\/kauppa\/wp-json\/wp\/v2\/media\/104476"}],"wp:attachment":[{"href":"https:\/\/logistiikkakeskus.net\/kauppa\/wp-json\/wp\/v2\/media?parent=77906"}],"wp:term":[{"taxonomy":"product_brand","embeddable":true,"href":"https:\/\/logistiikkakeskus.net\/kauppa\/wp-json\/wp\/v2\/product_brand?post=77906"},{"taxonomy":"product_cat","embeddable":true,"href":"https:\/\/logistiikkakeskus.net\/kauppa\/wp-json\/wp\/v2\/product_cat?post=77906"},{"taxonomy":"product_tag","embeddable":true,"href":"https:\/\/logistiikkakeskus.net\/kauppa\/wp-json\/wp\/v2\/product_tag?post=77906"}],"curies":[{"name":"wp","href":"https:\/\/api.w.org\/{rel}","templated":true}]}}