{"id":77904,"date":"2022-12-01T09:56:36","date_gmt":"2022-12-01T09:56:36","guid":{"rendered":"https:\/\/logistiikkakeskus.net\/kauppa\/tuote\/desinfektioaine-erisan-des-3l-kvattipohj\/"},"modified":"2026-01-20T09:20:06","modified_gmt":"2026-01-20T07:20:06","slug":"desinfektioaine-erisan-des-3l-kvattipohj","status":"publish","type":"product","link":"https:\/\/logistiikkakeskus.net\/kauppa\/tuote\/desinfektioaine-erisan-des-3l-kvattipohj\/","title":{"rendered":"Desinfektioaine Erisan Des 3L kvattipohj"},"content":{"rendered":"<p>myyntiyksikk\u00f6 AST (3L), ryhm\u00e4pakkaus 3 ast\/ltk <\/p>\n<h2>Pesev\u00e4desinfektioaine Erisan Des 3 litraa <\/h2>\n<p>Kvattipohjainendesinfektioaine pinnoille  ja v\u00e4lineille &#8211; terveydenhuollon tarpeisiinkehitetty<\/p>\n<ul><b>Ominaisuudet:<\/b><\/p>\n<li>Tutkimus- , hoitov\u00e4lineiden jainstrumenttien desinfektioon\n<li>Desinfektoi ja puhdistaa tasopinnat jaeritetahrat\n<li>Sopii ultra\u00e4\u00e4nipesulaitteeseen\n<li> Soveltuu erinomaisestihammashuollon tarpeisiin\n<li>pH-arvo 10 (k\u00e4ytt\u00f6liuos)\n<li>tuote l\u00e4p\u00e4iseestandardit EN13697, EN13713, EN13727, EN13624, EN1276<\/ul>\n<p><i> <br \/>Toimittajan tuotenro: 8127 Kiilto Clean<br \/> hakusanat: v\u00e4linehuolto,desinfektioaine, 40923 kvatti-amiini-fenoksietanoli<\/i><\/p>\n","protected":false},"excerpt":{"rendered":"<p>myyntiyksikk\u00f6 AST (3L), ryhm\u00e4pakkaus 3 ast\/ltk Pesev\u00e4desinfektioaine Erisan Des 3 litraa Kvattipohjainendesinfektioaine pinnoille ja v\u00e4lineille &#8211; terveydenhuollon tarpeisiinkehitetty Ominaisuudet: Tutkimus- , hoitov\u00e4lineiden jainstrumenttien desinfektioon Desinfektoi ja puhdistaa tasopinnat jaeritetahrat Sopii ultra\u00e4\u00e4nipesulaitteeseen Soveltuu erinomaisestihammashuollon tarpeisiin pH-arvo 10 (k\u00e4ytt\u00f6liuos) tuote l\u00e4p\u00e4iseestandardit EN13697, EN13713, EN13727, EN13624, EN1276 Toimittajan tuotenro: 8127 Kiilto Clean hakusanat: v\u00e4linehuolto,desinfektioaine, 40923 kvatti-amiini-fenoksietanoli<\/p>\n","protected":false},"featured_media":104475,"comment_status":"open","ping_status":"closed","template":"","meta":[],"product_brand":[],"product_cat":[3444],"product_tag":[],"class_list":{"0":"post-77904","1":"product","2":"type-product","3":"status-publish","4":"has-post-thumbnail","6":"product_cat-hoitotarvikkeet-desinfektio-instrumenttien-desinfektio","8":"first","9":"instock","10":"shipping-taxable","11":"purchasable","12":"product-type-simple"},"_links":{"self":[{"href":"https:\/\/logistiikkakeskus.net\/kauppa\/wp-json\/wp\/v2\/product\/77904","targetHints":{"allow":["GET"]}}],"collection":[{"href":"https:\/\/logistiikkakeskus.net\/kauppa\/wp-json\/wp\/v2\/product"}],"about":[{"href":"https:\/\/logistiikkakeskus.net\/kauppa\/wp-json\/wp\/v2\/types\/product"}],"replies":[{"embeddable":true,"href":"https:\/\/logistiikkakeskus.net\/kauppa\/wp-json\/wp\/v2\/comments?post=77904"}],"wp:featuredmedia":[{"embeddable":true,"href":"https:\/\/logistiikkakeskus.net\/kauppa\/wp-json\/wp\/v2\/media\/104475"}],"wp:attachment":[{"href":"https:\/\/logistiikkakeskus.net\/kauppa\/wp-json\/wp\/v2\/media?parent=77904"}],"wp:term":[{"taxonomy":"product_brand","embeddable":true,"href":"https:\/\/logistiikkakeskus.net\/kauppa\/wp-json\/wp\/v2\/product_brand?post=77904"},{"taxonomy":"product_cat","embeddable":true,"href":"https:\/\/logistiikkakeskus.net\/kauppa\/wp-json\/wp\/v2\/product_cat?post=77904"},{"taxonomy":"product_tag","embeddable":true,"href":"https:\/\/logistiikkakeskus.net\/kauppa\/wp-json\/wp\/v2\/product_tag?post=77904"}],"curies":[{"name":"wp","href":"https:\/\/api.w.org\/{rel}","templated":true}]}}