{"id":77902,"date":"2022-12-01T09:56:35","date_gmt":"2022-12-01T09:56:35","guid":{"rendered":"https:\/\/logistiikkakeskus.net\/kauppa\/tuote\/desinfektioaine-erisan-des-500ml-kvattip\/"},"modified":"2026-01-20T09:20:06","modified_gmt":"2026-01-20T07:20:06","slug":"desinfektioaine-erisan-des-500ml-kvattip","status":"publish","type":"product","link":"https:\/\/logistiikkakeskus.net\/kauppa\/tuote\/desinfektioaine-erisan-des-500ml-kvattip\/","title":{"rendered":"Desinfektioaine Erisan Des 500ml kvattip"},"content":{"rendered":"<p>myyntiyksikk\u00f6 PLO (500ml), ryhm\u00e4p. 12 plo\/ltk <\/p>\n<h2>Pesev\u00e4desinfektioaine Erisan Des 500ml<\/h2>\n<p>Kvattipohjainen desinfektioainepinnoille ja v\u00e4lineille &#8211; terveydenhuollon tarpeisiin kehitetty <\/p>\n<ul><b>Ominaisuudet:<\/b><\/p>\n<li>Tutkimus- ja hoitov\u00e4lineiden, instrumenttiendesinfektioon\n<li> Desinfektoi ja puhdistaa tasopinnat ja eritetahrat\n<li>Sopii ultra\u00e4\u00e4nipesulaitteeseen\n<li>Soveltuu erinomaisestihammashuollon hoitoyksik\u00f6iden tarpeisiin\n<li>pH-arvo 10 (k\u00e4ytt\u00f6liuos)\n<li>Tuote l\u00e4p\u00e4isee standardit EN13697, EN13713, EN13727, EN13624, EN1276<\/ul>\n<p><i><br \/> Toimittajan tuotenro. 8126 Kiiltoclean<br \/> hakusanat: v\u00e4linehuolto, desinfektioaine,kvattipohdesinfiointiaine, tekstiilipesu,40920<\/i><\/p>\n","protected":false},"excerpt":{"rendered":"<p>myyntiyksikk\u00f6 PLO (500ml), ryhm\u00e4p. 12 plo\/ltk Pesev\u00e4desinfektioaine Erisan Des 500ml Kvattipohjainen desinfektioainepinnoille ja v\u00e4lineille &#8211; terveydenhuollon tarpeisiin kehitetty Ominaisuudet: Tutkimus- ja hoitov\u00e4lineiden, instrumenttiendesinfektioon Desinfektoi ja puhdistaa tasopinnat ja eritetahrat Sopii ultra\u00e4\u00e4nipesulaitteeseen Soveltuu erinomaisestihammashuollon hoitoyksik\u00f6iden tarpeisiin pH-arvo 10 (k\u00e4ytt\u00f6liuos) Tuote l\u00e4p\u00e4isee standardit EN13697, EN13713, EN13727, EN13624, EN1276 Toimittajan tuotenro. 8126 Kiiltoclean hakusanat: v\u00e4linehuolto, desinfektioaine,kvattipohdesinfiointiaine, tekstiilipesu,40920<\/p>\n","protected":false},"featured_media":104474,"comment_status":"open","ping_status":"closed","template":"","meta":[],"product_brand":[],"product_cat":[3444],"product_tag":[],"class_list":{"0":"post-77902","1":"product","2":"type-product","3":"status-publish","4":"has-post-thumbnail","6":"product_cat-hoitotarvikkeet-desinfektio-instrumenttien-desinfektio","8":"first","9":"instock","10":"shipping-taxable","11":"purchasable","12":"product-type-simple"},"_links":{"self":[{"href":"https:\/\/logistiikkakeskus.net\/kauppa\/wp-json\/wp\/v2\/product\/77902","targetHints":{"allow":["GET"]}}],"collection":[{"href":"https:\/\/logistiikkakeskus.net\/kauppa\/wp-json\/wp\/v2\/product"}],"about":[{"href":"https:\/\/logistiikkakeskus.net\/kauppa\/wp-json\/wp\/v2\/types\/product"}],"replies":[{"embeddable":true,"href":"https:\/\/logistiikkakeskus.net\/kauppa\/wp-json\/wp\/v2\/comments?post=77902"}],"wp:featuredmedia":[{"embeddable":true,"href":"https:\/\/logistiikkakeskus.net\/kauppa\/wp-json\/wp\/v2\/media\/104474"}],"wp:attachment":[{"href":"https:\/\/logistiikkakeskus.net\/kauppa\/wp-json\/wp\/v2\/media?parent=77902"}],"wp:term":[{"taxonomy":"product_brand","embeddable":true,"href":"https:\/\/logistiikkakeskus.net\/kauppa\/wp-json\/wp\/v2\/product_brand?post=77902"},{"taxonomy":"product_cat","embeddable":true,"href":"https:\/\/logistiikkakeskus.net\/kauppa\/wp-json\/wp\/v2\/product_cat?post=77902"},{"taxonomy":"product_tag","embeddable":true,"href":"https:\/\/logistiikkakeskus.net\/kauppa\/wp-json\/wp\/v2\/product_tag?post=77902"}],"curies":[{"name":"wp","href":"https:\/\/api.w.org\/{rel}","templated":true}]}}