{"id":77898,"date":"2022-12-01T09:56:34","date_gmt":"2022-12-01T09:56:34","guid":{"rendered":"https:\/\/logistiikkakeskus.net\/kauppa\/tuote\/desinfektioaine-oxivir-plus-spray-750ml\/"},"modified":"2026-01-20T09:20:06","modified_gmt":"2026-01-20T07:20:06","slug":"desinfektioaine-oxivir-plus-spray-750ml","status":"publish","type":"product","link":"https:\/\/logistiikkakeskus.net\/kauppa\/tuote\/desinfektioaine-oxivir-plus-spray-750ml\/","title":{"rendered":"Desinfektioaine Oxivir Plus Spray 750ml"},"content":{"rendered":"<p>Myyntiyksikk\u00f6 PLO (750 ml), ryhm\u00e4pak. 6 plo\/ltk<\/p>\n<p>Desinfektioaine Oxivir Plus Spray 3,5% 750 ml, CE-merkittytuote<\/p>\n<p>Sumutinpullossa oleva k\u00e4ytt\u00f6valmis hajustamatonvetyperoksidipohjainen hapan peroksygeeni.<\/p>\n<ul>\n<li>Soveltuu l\u00e4\u00e4kinn\u00e4llisten laitteiden ja v\u00e4lineidenpuhdistukseen jadesinfektioon\n<li>Soveltuu pinta- sek\u00e4 eritetahradesinfektioon\n<li>Laaja mikrobisidinen teho\n<li>Tutkittu mm. EN13727, EN13624, EN13697, EN13704 testeill\u00e4\n<li>Turvallinen ja helppo k\u00e4ytt\u00e4\u00e4\n<li>Soveltuu my\u00f6s tekstiileille\n<li>pH-arvo 1,8 (laimentamaton)<\/ul>\n<p>Hakusanat: pesev\u00e4 desinfioiva pesuaine, desinfektio<\/p>\n","protected":false},"excerpt":{"rendered":"<p>Myyntiyksikk\u00f6 PLO (750 ml), ryhm\u00e4pak. 6 plo\/ltk Desinfektioaine Oxivir Plus Spray 3,5% 750 ml, CE-merkittytuote Sumutinpullossa oleva k\u00e4ytt\u00f6valmis hajustamatonvetyperoksidipohjainen hapan peroksygeeni. Soveltuu l\u00e4\u00e4kinn\u00e4llisten laitteiden ja v\u00e4lineidenpuhdistukseen jadesinfektioon Soveltuu pinta- sek\u00e4 eritetahradesinfektioon Laaja mikrobisidinen teho Tutkittu mm. EN13727, EN13624, EN13697, EN13704 testeill\u00e4 Turvallinen ja helppo k\u00e4ytt\u00e4\u00e4 Soveltuu my\u00f6s tekstiileille pH-arvo 1,8 (laimentamaton) Hakusanat: pesev\u00e4 desinfioiva pesuaine, [&hellip;]<\/p>\n","protected":false},"featured_media":104472,"comment_status":"open","ping_status":"closed","template":"","meta":[],"product_brand":[],"product_cat":[3275],"product_tag":[],"class_list":{"0":"post-77898","1":"product","2":"type-product","3":"status-publish","4":"has-post-thumbnail","6":"product_cat-hoitotarvikkeet-desinfektio-pintojen-desinfektio","8":"first","9":"instock","10":"shipping-taxable","11":"purchasable","12":"product-type-simple"},"_links":{"self":[{"href":"https:\/\/logistiikkakeskus.net\/kauppa\/wp-json\/wp\/v2\/product\/77898","targetHints":{"allow":["GET"]}}],"collection":[{"href":"https:\/\/logistiikkakeskus.net\/kauppa\/wp-json\/wp\/v2\/product"}],"about":[{"href":"https:\/\/logistiikkakeskus.net\/kauppa\/wp-json\/wp\/v2\/types\/product"}],"replies":[{"embeddable":true,"href":"https:\/\/logistiikkakeskus.net\/kauppa\/wp-json\/wp\/v2\/comments?post=77898"}],"wp:featuredmedia":[{"embeddable":true,"href":"https:\/\/logistiikkakeskus.net\/kauppa\/wp-json\/wp\/v2\/media\/104472"}],"wp:attachment":[{"href":"https:\/\/logistiikkakeskus.net\/kauppa\/wp-json\/wp\/v2\/media?parent=77898"}],"wp:term":[{"taxonomy":"product_brand","embeddable":true,"href":"https:\/\/logistiikkakeskus.net\/kauppa\/wp-json\/wp\/v2\/product_brand?post=77898"},{"taxonomy":"product_cat","embeddable":true,"href":"https:\/\/logistiikkakeskus.net\/kauppa\/wp-json\/wp\/v2\/product_cat?post=77898"},{"taxonomy":"product_tag","embeddable":true,"href":"https:\/\/logistiikkakeskus.net\/kauppa\/wp-json\/wp\/v2\/product_tag?post=77898"}],"curies":[{"name":"wp","href":"https:\/\/api.w.org\/{rel}","templated":true}]}}