{"id":77841,"date":"2022-12-01T09:56:13","date_gmt":"2022-12-01T09:56:13","guid":{"rendered":"https:\/\/logistiikkakeskus.net\/kauppa\/tuote\/hukkavarisailio-epson-t6716\/"},"modified":"2026-01-20T09:20:02","modified_gmt":"2026-01-20T07:20:02","slug":"hukkavarisailio-epson-t6716","status":"publish","type":"product","link":"https:\/\/logistiikkakeskus.net\/kauppa\/tuote\/hukkavarisailio-epson-t6716\/","title":{"rendered":"Hukkav\u00e4ris\u00e4ili\u00f6 Epson T6716"},"content":{"rendered":"<h2>Epson T6761 -hukkav\u00e4ris\u00e4ili\u00f6<\/h2>\n<p>Kapasiteetti: 50000 sivua<\/p>\n<p>Sopii seuraaviin laitteisiin:<\/p>\n<ul>\n<li>WF-C5210DW\n<li>WF-C5215DW\n<li>WF-C5290DW\n<li>WF-C5290RDW\n<li>WF-C5710DWF\n<li>WF-C5790DWF<\/ul>\n<p>Toimittajan tuotenro: C13T671600<\/p>\n<p><i>hakusanat: hukkav\u00e4ripatruuna, maintenance box,workforce pro, WF-C5200, WF-C5290, apotti, jatkuvuusty\u00f6asematulostin<\/i><\/p>\n","protected":false},"excerpt":{"rendered":"<p>Epson T6761 -hukkav\u00e4ris\u00e4ili\u00f6 Kapasiteetti: 50000 sivua Sopii seuraaviin laitteisiin: WF-C5210DW WF-C5215DW WF-C5290DW WF-C5290RDW WF-C5710DWF WF-C5790DWF Toimittajan tuotenro: C13T671600 hakusanat: hukkav\u00e4ripatruuna, maintenance box,workforce pro, WF-C5200, WF-C5290, apotti, jatkuvuusty\u00f6asematulostin<\/p>\n","protected":false},"featured_media":104456,"comment_status":"open","ping_status":"closed","template":"","meta":[],"product_brand":[],"product_cat":[3246],"product_tag":[],"class_list":{"0":"post-77841","1":"product","2":"type-product","3":"status-publish","4":"has-post-thumbnail","6":"product_cat-it-toimisto-sahkolaitteet-ja-tarv-tulostustarvikkeet-laserkasetit-muut","8":"first","9":"instock","10":"shipping-taxable","11":"purchasable","12":"product-type-simple"},"_links":{"self":[{"href":"https:\/\/logistiikkakeskus.net\/kauppa\/wp-json\/wp\/v2\/product\/77841","targetHints":{"allow":["GET"]}}],"collection":[{"href":"https:\/\/logistiikkakeskus.net\/kauppa\/wp-json\/wp\/v2\/product"}],"about":[{"href":"https:\/\/logistiikkakeskus.net\/kauppa\/wp-json\/wp\/v2\/types\/product"}],"replies":[{"embeddable":true,"href":"https:\/\/logistiikkakeskus.net\/kauppa\/wp-json\/wp\/v2\/comments?post=77841"}],"wp:featuredmedia":[{"embeddable":true,"href":"https:\/\/logistiikkakeskus.net\/kauppa\/wp-json\/wp\/v2\/media\/104456"}],"wp:attachment":[{"href":"https:\/\/logistiikkakeskus.net\/kauppa\/wp-json\/wp\/v2\/media?parent=77841"}],"wp:term":[{"taxonomy":"product_brand","embeddable":true,"href":"https:\/\/logistiikkakeskus.net\/kauppa\/wp-json\/wp\/v2\/product_brand?post=77841"},{"taxonomy":"product_cat","embeddable":true,"href":"https:\/\/logistiikkakeskus.net\/kauppa\/wp-json\/wp\/v2\/product_cat?post=77841"},{"taxonomy":"product_tag","embeddable":true,"href":"https:\/\/logistiikkakeskus.net\/kauppa\/wp-json\/wp\/v2\/product_tag?post=77841"}],"curies":[{"name":"wp","href":"https:\/\/api.w.org\/{rel}","templated":true}]}}