{"id":77829,"date":"2022-12-01T09:56:08","date_gmt":"2022-12-01T09:56:08","guid":{"rendered":"https:\/\/logistiikkakeskus.net\/kauppa\/tuote\/apple-pencil-mk0c2\/"},"modified":"2026-01-20T09:20:01","modified_gmt":"2026-01-20T07:20:01","slug":"apple-pencil-mk0c2","status":"publish","type":"product","link":"https:\/\/logistiikkakeskus.net\/kauppa\/tuote\/apple-pencil-mk0c2\/","title":{"rendered":"X Apple Pencil (MK0C2)"},"content":{"rendered":"<p>Apple Pencil tuo iPad Pron tehoon uusia ulottuvuuksia ja avaa lis\u00e4\u00e4mahdollisuuksia luovuuteen. Se aistii painallusvoiman jakallistuskulman, joten voit piirt\u00e4\u00e4 eripaksuista viivaa, luodahienovaraisia varjostuksia ja tuottaa monenlaisia taiteellisiatehosteita &#8211; aivan kuin tavallisella kyn\u00e4ll\u00e4, mutta pikselintarkasti.<\/p>\n","protected":false},"excerpt":{"rendered":"<p>Apple Pencil tuo iPad Pron tehoon uusia ulottuvuuksia ja avaa lis\u00e4\u00e4mahdollisuuksia luovuuteen. Se aistii painallusvoiman jakallistuskulman, joten voit piirt\u00e4\u00e4 eripaksuista viivaa, luodahienovaraisia varjostuksia ja tuottaa monenlaisia taiteellisiatehosteita &#8211; aivan kuin tavallisella kyn\u00e4ll\u00e4, mutta pikselintarkasti.<\/p>\n","protected":false},"featured_media":104450,"comment_status":"open","ping_status":"closed","template":"","meta":[],"product_brand":[],"product_cat":[3247],"product_tag":[],"class_list":{"0":"post-77829","1":"product","2":"type-product","3":"status-publish","4":"has-post-thumbnail","6":"product_cat-it-toimisto-sahkolaitteet-ja-tarv-it-tarvikkeet-muut-it-tarvikkeet","8":"first","9":"instock","10":"shipping-taxable","11":"purchasable","12":"product-type-simple"},"_links":{"self":[{"href":"https:\/\/logistiikkakeskus.net\/kauppa\/wp-json\/wp\/v2\/product\/77829","targetHints":{"allow":["GET"]}}],"collection":[{"href":"https:\/\/logistiikkakeskus.net\/kauppa\/wp-json\/wp\/v2\/product"}],"about":[{"href":"https:\/\/logistiikkakeskus.net\/kauppa\/wp-json\/wp\/v2\/types\/product"}],"replies":[{"embeddable":true,"href":"https:\/\/logistiikkakeskus.net\/kauppa\/wp-json\/wp\/v2\/comments?post=77829"}],"wp:featuredmedia":[{"embeddable":true,"href":"https:\/\/logistiikkakeskus.net\/kauppa\/wp-json\/wp\/v2\/media\/104450"}],"wp:attachment":[{"href":"https:\/\/logistiikkakeskus.net\/kauppa\/wp-json\/wp\/v2\/media?parent=77829"}],"wp:term":[{"taxonomy":"product_brand","embeddable":true,"href":"https:\/\/logistiikkakeskus.net\/kauppa\/wp-json\/wp\/v2\/product_brand?post=77829"},{"taxonomy":"product_cat","embeddable":true,"href":"https:\/\/logistiikkakeskus.net\/kauppa\/wp-json\/wp\/v2\/product_cat?post=77829"},{"taxonomy":"product_tag","embeddable":true,"href":"https:\/\/logistiikkakeskus.net\/kauppa\/wp-json\/wp\/v2\/product_tag?post=77829"}],"curies":[{"name":"wp","href":"https:\/\/api.w.org\/{rel}","templated":true}]}}