{"id":77683,"date":"2022-12-01T09:55:20","date_gmt":"2022-12-01T09:55:20","guid":{"rendered":"https:\/\/logistiikkakeskus.net\/kauppa\/tuote\/kuvarumpu-brother-dr2400\/"},"modified":"2026-01-20T09:19:59","modified_gmt":"2026-01-20T07:19:59","slug":"kuvarumpu-brother-dr2400","status":"publish","type":"product","link":"https:\/\/logistiikkakeskus.net\/kauppa\/tuote\/kuvarumpu-brother-dr2400\/","title":{"rendered":"Kuvarumpu Brother DR2400"},"content":{"rendered":"<h2>Kuvarumpu Brother DR2400<\/h2>\n<p>Riittoisuus n. 12000 sivua.<\/p>\n<p>Sopii seuraaviin laitteisiin:<\/p>\n<ul>\n<li>DCP-L2510\n<li>DCP-L2530DW\n<li>DCP-L2550DN\n<li>HL-L2310D\n<li>HL-L2350DW\n<li>HL-L2370DN\n<li>HL-L2375DW\n<li>MFC-2710DW\n<li>MFC-L2710DW\n<li>MFC-L2730DW\n<li>MFC-L2750DW<\/ul>\n<p><i>hakusanat: kuvarumpu, rumpuyksikk\u00f6, kuvayksikk\u00f6,kuvansiirtoyksikk\u00f6<\/i><\/p>\n","protected":false},"excerpt":{"rendered":"<p>Kuvarumpu Brother DR2400 Riittoisuus n. 12000 sivua. Sopii seuraaviin laitteisiin: DCP-L2510 DCP-L2530DW DCP-L2550DN HL-L2310D HL-L2350DW HL-L2370DN HL-L2375DW MFC-2710DW MFC-L2710DW MFC-L2730DW MFC-L2750DW hakusanat: kuvarumpu, rumpuyksikk\u00f6, kuvayksikk\u00f6,kuvansiirtoyksikk\u00f6<\/p>\n","protected":false},"featured_media":104442,"comment_status":"open","ping_status":"closed","template":"","meta":[],"product_brand":[],"product_cat":[3246],"product_tag":[],"class_list":{"0":"post-77683","1":"product","2":"type-product","3":"status-publish","4":"has-post-thumbnail","6":"product_cat-it-toimisto-sahkolaitteet-ja-tarv-tulostustarvikkeet-laserkasetit-muut","8":"first","9":"instock","10":"shipping-taxable","11":"purchasable","12":"product-type-simple"},"_links":{"self":[{"href":"https:\/\/logistiikkakeskus.net\/kauppa\/wp-json\/wp\/v2\/product\/77683","targetHints":{"allow":["GET"]}}],"collection":[{"href":"https:\/\/logistiikkakeskus.net\/kauppa\/wp-json\/wp\/v2\/product"}],"about":[{"href":"https:\/\/logistiikkakeskus.net\/kauppa\/wp-json\/wp\/v2\/types\/product"}],"replies":[{"embeddable":true,"href":"https:\/\/logistiikkakeskus.net\/kauppa\/wp-json\/wp\/v2\/comments?post=77683"}],"wp:featuredmedia":[{"embeddable":true,"href":"https:\/\/logistiikkakeskus.net\/kauppa\/wp-json\/wp\/v2\/media\/104442"}],"wp:attachment":[{"href":"https:\/\/logistiikkakeskus.net\/kauppa\/wp-json\/wp\/v2\/media?parent=77683"}],"wp:term":[{"taxonomy":"product_brand","embeddable":true,"href":"https:\/\/logistiikkakeskus.net\/kauppa\/wp-json\/wp\/v2\/product_brand?post=77683"},{"taxonomy":"product_cat","embeddable":true,"href":"https:\/\/logistiikkakeskus.net\/kauppa\/wp-json\/wp\/v2\/product_cat?post=77683"},{"taxonomy":"product_tag","embeddable":true,"href":"https:\/\/logistiikkakeskus.net\/kauppa\/wp-json\/wp\/v2\/product_tag?post=77683"}],"curies":[{"name":"wp","href":"https:\/\/api.w.org\/{rel}","templated":true}]}}