{"id":77110,"date":"2022-12-01T09:52:01","date_gmt":"2022-12-01T09:52:01","guid":{"rendered":"https:\/\/logistiikkakeskus.net\/kauppa\/tuote\/hiiri-logitech-b220-silent-langaton\/"},"modified":"2026-01-20T09:19:53","modified_gmt":"2026-01-20T07:19:53","slug":"hiiri-logitech-b220-silent-langaton","status":"publish","type":"product","link":"https:\/\/logistiikkakeskus.net\/kauppa\/tuote\/hiiri-logitech-b220-silent-langaton\/","title":{"rendered":"Hiiri Logitech M220 Silent, langaton"},"content":{"rendered":"<p>Parempaa tuottavuutta joka p\u00e4iv\u00e4 tinkim\u00e4tt\u00f6m\u00e4ll\u00e4 tarkkuudella jaty\u00f6tovereita h\u00e4iritsem\u00e4tt\u00e4. Silent-hiirill\u00e4 on sama napsautustuntumailman napsautus\u00e4\u00e4nt\u00e4 \u2013 yli 90 % aiempaa hiljaisempi \u00e4\u00e4ni. Kest\u00e4v\u00e4t jasuorituskykyiset tassut liukuvat hiljaisesti. 3 painiketta, 2.4 GHz,USB-johdoton vastaanotin, toimintaet\u00e4isyys 10 m.<\/p>\n","protected":false},"excerpt":{"rendered":"<p>Parempaa tuottavuutta joka p\u00e4iv\u00e4 tinkim\u00e4tt\u00f6m\u00e4ll\u00e4 tarkkuudella jaty\u00f6tovereita h\u00e4iritsem\u00e4tt\u00e4. Silent-hiirill\u00e4 on sama napsautustuntumailman napsautus\u00e4\u00e4nt\u00e4 \u2013 yli 90 % aiempaa hiljaisempi \u00e4\u00e4ni. Kest\u00e4v\u00e4t jasuorituskykyiset tassut liukuvat hiljaisesti. 3 painiketta, 2.4 GHz,USB-johdoton vastaanotin, toimintaet\u00e4isyys 10 m.<\/p>\n","protected":false},"featured_media":104383,"comment_status":"open","ping_status":"closed","template":"","meta":[],"product_brand":[],"product_cat":[3249],"product_tag":[],"class_list":{"0":"post-77110","1":"product","2":"type-product","3":"status-publish","4":"has-post-thumbnail","6":"product_cat-it-toimisto-sahkolaitteet-ja-tarv-it-tarvikkeet-tietokoneiden-oheislaitteet","8":"first","9":"instock","10":"shipping-taxable","11":"purchasable","12":"product-type-simple"},"_links":{"self":[{"href":"https:\/\/logistiikkakeskus.net\/kauppa\/wp-json\/wp\/v2\/product\/77110","targetHints":{"allow":["GET"]}}],"collection":[{"href":"https:\/\/logistiikkakeskus.net\/kauppa\/wp-json\/wp\/v2\/product"}],"about":[{"href":"https:\/\/logistiikkakeskus.net\/kauppa\/wp-json\/wp\/v2\/types\/product"}],"replies":[{"embeddable":true,"href":"https:\/\/logistiikkakeskus.net\/kauppa\/wp-json\/wp\/v2\/comments?post=77110"}],"wp:featuredmedia":[{"embeddable":true,"href":"https:\/\/logistiikkakeskus.net\/kauppa\/wp-json\/wp\/v2\/media\/104383"}],"wp:attachment":[{"href":"https:\/\/logistiikkakeskus.net\/kauppa\/wp-json\/wp\/v2\/media?parent=77110"}],"wp:term":[{"taxonomy":"product_brand","embeddable":true,"href":"https:\/\/logistiikkakeskus.net\/kauppa\/wp-json\/wp\/v2\/product_brand?post=77110"},{"taxonomy":"product_cat","embeddable":true,"href":"https:\/\/logistiikkakeskus.net\/kauppa\/wp-json\/wp\/v2\/product_cat?post=77110"},{"taxonomy":"product_tag","embeddable":true,"href":"https:\/\/logistiikkakeskus.net\/kauppa\/wp-json\/wp\/v2\/product_tag?post=77110"}],"curies":[{"name":"wp","href":"https:\/\/api.w.org\/{rel}","templated":true}]}}