{"id":76916,"date":"2022-12-01T09:50:57","date_gmt":"2022-12-01T09:50:57","guid":{"rendered":"https:\/\/logistiikkakeskus.net\/kauppa\/tuote\/tietoturvasuoja-24-532-x-299-mm\/"},"modified":"2026-01-20T09:19:51","modified_gmt":"2026-01-20T07:19:51","slug":"tietoturvasuoja-24-532-x-299-mm","status":"publish","type":"product","link":"https:\/\/logistiikkakeskus.net\/kauppa\/tuote\/tietoturvasuoja-24-532-x-299-mm\/","title":{"rendered":"Tietoturvasuoja 24&#8243; (532 x 299 mm)"},"content":{"rendered":"<p><b>HUOM! N\u00e4ytt\u00f6jen mittasuhteet vaihtelevat suuresti merkeitt\u00e4injamalleittain. Varmista, ett\u00e4 tietoturvasuojan koko vastaa n\u00e4ytt\u00f6sileveytt\u00e4 ja korkeutta.<\/b><\/p>\n<h2>Gearlab Privacy Filter -tietoturvasuoja 24&#8243; (kuvasuhde: 16:9)<\/h2>\n<ul>Mitat: 532 x 299 mm<\/ul>\n<p>Toimittajan tuotenro: GLBB24532299<\/p>\n","protected":false},"excerpt":{"rendered":"<p>HUOM! N\u00e4ytt\u00f6jen mittasuhteet vaihtelevat suuresti merkeitt\u00e4injamalleittain. Varmista, ett\u00e4 tietoturvasuojan koko vastaa n\u00e4ytt\u00f6sileveytt\u00e4 ja korkeutta. Gearlab Privacy Filter -tietoturvasuoja 24&#8243; (kuvasuhde: 16:9) Mitat: 532 x 299 mm Toimittajan tuotenro: GLBB24532299<\/p>\n","protected":false},"featured_media":104364,"comment_status":"open","ping_status":"closed","template":"","meta":[],"product_brand":[],"product_cat":[3247],"product_tag":[],"class_list":{"0":"post-76916","1":"product","2":"type-product","3":"status-publish","4":"has-post-thumbnail","6":"product_cat-it-toimisto-sahkolaitteet-ja-tarv-it-tarvikkeet-muut-it-tarvikkeet","8":"first","9":"instock","10":"shipping-taxable","11":"purchasable","12":"product-type-simple"},"_links":{"self":[{"href":"https:\/\/logistiikkakeskus.net\/kauppa\/wp-json\/wp\/v2\/product\/76916","targetHints":{"allow":["GET"]}}],"collection":[{"href":"https:\/\/logistiikkakeskus.net\/kauppa\/wp-json\/wp\/v2\/product"}],"about":[{"href":"https:\/\/logistiikkakeskus.net\/kauppa\/wp-json\/wp\/v2\/types\/product"}],"replies":[{"embeddable":true,"href":"https:\/\/logistiikkakeskus.net\/kauppa\/wp-json\/wp\/v2\/comments?post=76916"}],"wp:featuredmedia":[{"embeddable":true,"href":"https:\/\/logistiikkakeskus.net\/kauppa\/wp-json\/wp\/v2\/media\/104364"}],"wp:attachment":[{"href":"https:\/\/logistiikkakeskus.net\/kauppa\/wp-json\/wp\/v2\/media?parent=76916"}],"wp:term":[{"taxonomy":"product_brand","embeddable":true,"href":"https:\/\/logistiikkakeskus.net\/kauppa\/wp-json\/wp\/v2\/product_brand?post=76916"},{"taxonomy":"product_cat","embeddable":true,"href":"https:\/\/logistiikkakeskus.net\/kauppa\/wp-json\/wp\/v2\/product_cat?post=76916"},{"taxonomy":"product_tag","embeddable":true,"href":"https:\/\/logistiikkakeskus.net\/kauppa\/wp-json\/wp\/v2\/product_tag?post=76916"}],"curies":[{"name":"wp","href":"https:\/\/api.w.org\/{rel}","templated":true}]}}