{"id":76914,"date":"2022-12-01T09:50:56","date_gmt":"2022-12-01T09:50:56","guid":{"rendered":"https:\/\/logistiikkakeskus.net\/kauppa\/tuote\/tietoturvasuoja-12-5-277-x-156-mm\/"},"modified":"2026-01-20T09:19:51","modified_gmt":"2026-01-20T07:19:51","slug":"tietoturvasuoja-12-5-277-x-156-mm","status":"publish","type":"product","link":"https:\/\/logistiikkakeskus.net\/kauppa\/tuote\/tietoturvasuoja-12-5-277-x-156-mm\/","title":{"rendered":"Tietoturvasuoja 12,5&#8221; (277 x 156 mm)"},"content":{"rendered":"<p>Tietoturvasuoja 12.5&#8221; 150979 278mm x157mm 16:9 wide Lis\u00e4tiedot: leveys:278mm korkeus 157mm. sopii my\u00f6s kosketusn\u00e4ytt\u00f6ihin.Lyhyt selite:Tietoturvasuoja 12.5&#8221;. Myyntier\u00e4:1 KPL. Valmistaja\/valmistuttaja:MICROSPARE<\/p>\n","protected":false},"excerpt":{"rendered":"<p>Tietoturvasuoja 12.5&#8221; 150979 278mm x157mm 16:9 wide Lis\u00e4tiedot: leveys:278mm korkeus 157mm. sopii my\u00f6s kosketusn\u00e4ytt\u00f6ihin.Lyhyt selite:Tietoturvasuoja 12.5&#8221;. Myyntier\u00e4:1 KPL. Valmistaja\/valmistuttaja:MICROSPARE<\/p>\n","protected":false},"featured_media":104363,"comment_status":"open","ping_status":"closed","template":"","meta":[],"product_brand":[],"product_cat":[3247],"product_tag":[],"class_list":{"0":"post-76914","1":"product","2":"type-product","3":"status-publish","4":"has-post-thumbnail","6":"product_cat-it-toimisto-sahkolaitteet-ja-tarv-it-tarvikkeet-muut-it-tarvikkeet","8":"first","9":"instock","10":"shipping-taxable","11":"purchasable","12":"product-type-simple"},"_links":{"self":[{"href":"https:\/\/logistiikkakeskus.net\/kauppa\/wp-json\/wp\/v2\/product\/76914","targetHints":{"allow":["GET"]}}],"collection":[{"href":"https:\/\/logistiikkakeskus.net\/kauppa\/wp-json\/wp\/v2\/product"}],"about":[{"href":"https:\/\/logistiikkakeskus.net\/kauppa\/wp-json\/wp\/v2\/types\/product"}],"replies":[{"embeddable":true,"href":"https:\/\/logistiikkakeskus.net\/kauppa\/wp-json\/wp\/v2\/comments?post=76914"}],"wp:featuredmedia":[{"embeddable":true,"href":"https:\/\/logistiikkakeskus.net\/kauppa\/wp-json\/wp\/v2\/media\/104363"}],"wp:attachment":[{"href":"https:\/\/logistiikkakeskus.net\/kauppa\/wp-json\/wp\/v2\/media?parent=76914"}],"wp:term":[{"taxonomy":"product_brand","embeddable":true,"href":"https:\/\/logistiikkakeskus.net\/kauppa\/wp-json\/wp\/v2\/product_brand?post=76914"},{"taxonomy":"product_cat","embeddable":true,"href":"https:\/\/logistiikkakeskus.net\/kauppa\/wp-json\/wp\/v2\/product_cat?post=76914"},{"taxonomy":"product_tag","embeddable":true,"href":"https:\/\/logistiikkakeskus.net\/kauppa\/wp-json\/wp\/v2\/product_tag?post=76914"}],"curies":[{"name":"wp","href":"https:\/\/api.w.org\/{rel}","templated":true}]}}