{"id":76908,"date":"2022-12-01T09:50:54","date_gmt":"2022-12-01T09:50:54","guid":{"rendered":"https:\/\/logistiikkakeskus.net\/kauppa\/tuote\/tietoturvasuoja-pf23-8w-528-x-297-mm\/"},"modified":"2026-01-20T09:19:51","modified_gmt":"2026-01-20T07:19:51","slug":"tietoturvasuoja-pf23-8w-528-x-297-mm","status":"publish","type":"product","link":"https:\/\/logistiikkakeskus.net\/kauppa\/tuote\/tietoturvasuoja-pf23-8w-528-x-297-mm\/","title":{"rendered":"Tietoturvasuoja PF23.8W (528 x 297 mm)"},"content":{"rendered":"<p>3M Tietoturvasuoja PF23.8W 150346 23.8&#8221; widescreen, 16:9 Lis\u00e4tiedot:Tietoturvasuoja kannettaville tietokoneille ja litteille n\u00e4yt\u00f6ille.Helppo ja huoleton tapa suojata salaiset tiedot monitorin ruudulta -ty\u00f6skentelitp\u00e4 sitten lentokent\u00e4ll\u00e4, bussissa tai vaikkapa kahvilassa.Helppo kiinnitt\u00e4\u00e4 ja irrottaa. Kiinnitet\u00e4\u00e4Lyhyt selite:  3MTietoturvasuoja PF23.8W. Myyntier\u00e4:1 KPL. Valmistaja\/valmistuttaja: 3M<\/p>\n","protected":false},"excerpt":{"rendered":"<p>3M Tietoturvasuoja PF23.8W 150346 23.8&#8221; widescreen, 16:9 Lis\u00e4tiedot:Tietoturvasuoja kannettaville tietokoneille ja litteille n\u00e4yt\u00f6ille.Helppo ja huoleton tapa suojata salaiset tiedot monitorin ruudulta -ty\u00f6skentelitp\u00e4 sitten lentokent\u00e4ll\u00e4, bussissa tai vaikkapa kahvilassa.Helppo kiinnitt\u00e4\u00e4 ja irrottaa. Kiinnitet\u00e4\u00e4Lyhyt selite: 3MTietoturvasuoja PF23.8W. Myyntier\u00e4:1 KPL. Valmistaja\/valmistuttaja: 3M<\/p>\n","protected":false},"featured_media":104360,"comment_status":"open","ping_status":"closed","template":"","meta":[],"product_brand":[],"product_cat":[3247],"product_tag":[],"class_list":{"0":"post-76908","1":"product","2":"type-product","3":"status-publish","4":"has-post-thumbnail","6":"product_cat-it-toimisto-sahkolaitteet-ja-tarv-it-tarvikkeet-muut-it-tarvikkeet","8":"first","9":"instock","10":"shipping-taxable","11":"purchasable","12":"product-type-simple"},"_links":{"self":[{"href":"https:\/\/logistiikkakeskus.net\/kauppa\/wp-json\/wp\/v2\/product\/76908","targetHints":{"allow":["GET"]}}],"collection":[{"href":"https:\/\/logistiikkakeskus.net\/kauppa\/wp-json\/wp\/v2\/product"}],"about":[{"href":"https:\/\/logistiikkakeskus.net\/kauppa\/wp-json\/wp\/v2\/types\/product"}],"replies":[{"embeddable":true,"href":"https:\/\/logistiikkakeskus.net\/kauppa\/wp-json\/wp\/v2\/comments?post=76908"}],"wp:featuredmedia":[{"embeddable":true,"href":"https:\/\/logistiikkakeskus.net\/kauppa\/wp-json\/wp\/v2\/media\/104360"}],"wp:attachment":[{"href":"https:\/\/logistiikkakeskus.net\/kauppa\/wp-json\/wp\/v2\/media?parent=76908"}],"wp:term":[{"taxonomy":"product_brand","embeddable":true,"href":"https:\/\/logistiikkakeskus.net\/kauppa\/wp-json\/wp\/v2\/product_brand?post=76908"},{"taxonomy":"product_cat","embeddable":true,"href":"https:\/\/logistiikkakeskus.net\/kauppa\/wp-json\/wp\/v2\/product_cat?post=76908"},{"taxonomy":"product_tag","embeddable":true,"href":"https:\/\/logistiikkakeskus.net\/kauppa\/wp-json\/wp\/v2\/product_tag?post=76908"}],"curies":[{"name":"wp","href":"https:\/\/api.w.org\/{rel}","templated":true}]}}