{"id":76804,"date":"2022-12-01T09:50:18","date_gmt":"2022-12-01T09:50:18","guid":{"rendered":"https:\/\/logistiikkakeskus.net\/kauppa\/tuote\/reppu-targus-mobile-vip-12-15-6\/"},"modified":"2026-01-20T09:19:50","modified_gmt":"2026-01-20T07:19:50","slug":"reppu-targus-mobile-vip-12-15-6","status":"publish","type":"product","link":"https:\/\/logistiikkakeskus.net\/kauppa\/tuote\/reppu-targus-mobile-vip-12-15-6\/","title":{"rendered":"Reppu CitySmart Essential 12-15.6&#8243;"},"content":{"rendered":"<p>Targus CitySmart Essential 12-15.6&#8243; -tietokonereppu, musta<\/p>\n<p>CitySmart -valikoima on pelkistetty, kuten urbaaniin tyyliinkuuluukin. Innovatiivinen tietokonetasku &#8217;Multi-Fit&#8217;-mukautuu laitteenkoon mukaan. Sopii kooltaan 12&#8243; aina 15,6&#8243; kokoiseen tietokoneeseenasti. S\u00e4\u00e4dett\u00e4v\u00e4 olkahihna ja ylempi kantokahva. Pehmustetut olkahihnatja ilmastoitu takaosan toppaus varmistavat mukavuuden silloinkin, kuntaakka on raskas.<\/p>\n<p>Mitat: 470 x 305 x 150 mm<\/p>\n<p><i>Hakusanat: reppu, laukku, sleeve, kannettava,ATK-tarvikkeet,kotelot, suojatasku, l\u00e4pp\u00e4ri<\/i><\/p>\n","protected":false},"excerpt":{"rendered":"<p>Targus CitySmart Essential 12-15.6&#8243; -tietokonereppu, musta CitySmart -valikoima on pelkistetty, kuten urbaaniin tyyliinkuuluukin. Innovatiivinen tietokonetasku &#8217;Multi-Fit&#8217;-mukautuu laitteenkoon mukaan. Sopii kooltaan 12&#8243; aina 15,6&#8243; kokoiseen tietokoneeseenasti. S\u00e4\u00e4dett\u00e4v\u00e4 olkahihna ja ylempi kantokahva. Pehmustetut olkahihnatja ilmastoitu takaosan toppaus varmistavat mukavuuden silloinkin, kuntaakka on raskas. Mitat: 470 x 305 x 150 mm Hakusanat: reppu, laukku, sleeve, kannettava,ATK-tarvikkeet,kotelot, suojatasku, l\u00e4pp\u00e4ri<\/p>\n","protected":false},"featured_media":104342,"comment_status":"open","ping_status":"closed","template":"","meta":[],"product_brand":[],"product_cat":[3247],"product_tag":[],"class_list":{"0":"post-76804","1":"product","2":"type-product","3":"status-publish","4":"has-post-thumbnail","6":"product_cat-it-toimisto-sahkolaitteet-ja-tarv-it-tarvikkeet-muut-it-tarvikkeet","8":"first","9":"instock","10":"shipping-taxable","11":"purchasable","12":"product-type-simple"},"_links":{"self":[{"href":"https:\/\/logistiikkakeskus.net\/kauppa\/wp-json\/wp\/v2\/product\/76804","targetHints":{"allow":["GET"]}}],"collection":[{"href":"https:\/\/logistiikkakeskus.net\/kauppa\/wp-json\/wp\/v2\/product"}],"about":[{"href":"https:\/\/logistiikkakeskus.net\/kauppa\/wp-json\/wp\/v2\/types\/product"}],"replies":[{"embeddable":true,"href":"https:\/\/logistiikkakeskus.net\/kauppa\/wp-json\/wp\/v2\/comments?post=76804"}],"wp:featuredmedia":[{"embeddable":true,"href":"https:\/\/logistiikkakeskus.net\/kauppa\/wp-json\/wp\/v2\/media\/104342"}],"wp:attachment":[{"href":"https:\/\/logistiikkakeskus.net\/kauppa\/wp-json\/wp\/v2\/media?parent=76804"}],"wp:term":[{"taxonomy":"product_brand","embeddable":true,"href":"https:\/\/logistiikkakeskus.net\/kauppa\/wp-json\/wp\/v2\/product_brand?post=76804"},{"taxonomy":"product_cat","embeddable":true,"href":"https:\/\/logistiikkakeskus.net\/kauppa\/wp-json\/wp\/v2\/product_cat?post=76804"},{"taxonomy":"product_tag","embeddable":true,"href":"https:\/\/logistiikkakeskus.net\/kauppa\/wp-json\/wp\/v2\/product_tag?post=76804"}],"curies":[{"name":"wp","href":"https:\/\/api.w.org\/{rel}","templated":true}]}}