{"id":76778,"date":"2022-12-01T09:50:10","date_gmt":"2022-12-01T09:50:10","guid":{"rendered":"https:\/\/logistiikkakeskus.net\/kauppa\/tuote\/konferenssikaiutin-sandberg\/"},"modified":"2026-01-20T09:19:49","modified_gmt":"2026-01-20T07:19:49","slug":"konferenssikaiutin-sandberg","status":"publish","type":"product","link":"https:\/\/logistiikkakeskus.net\/kauppa\/tuote\/konferenssikaiutin-sandberg\/","title":{"rendered":"Konferenssikaiutin Poly Sync 10"},"content":{"rendered":"<p>Poly Sync 10 on langallinen kaiutinpuhelin joka on sertifioitu sek\u00e4 Zoomett\u00e4 Microsoft Teams k\u00e4ytt\u00f6\u00f6n. Yhteensopiva MAC:ille ja Windowsille.Kahden mikrofonin sarja keskittyy puhe\u00e4\u00e4neesi, ei taustameluun, jonkaansiosta ulkopuoliset \u00e4\u00e4net ja h\u00e4iri\u00f6tekij\u00e4t poistuvatneuvottelupuheluista. S\u00e4\u00e4d\u00f6t: Vaimennus, volyymi, vastaus\/loppu,Microsoft Teams -painike. Liitintyyppi: USB (USB Type-A) Kaapelitiedot:USB-kaapeli &#8211; 71.5 cm USB-A to USB-C -adapteri &#8211; irrotettava Ohjelmistonsertifiointi: Zoom-sertifioitu, sertifioitu Microsoft Teamsill\u00e4.<\/p>\n","protected":false},"excerpt":{"rendered":"<p>Poly Sync 10 on langallinen kaiutinpuhelin joka on sertifioitu sek\u00e4 Zoomett\u00e4 Microsoft Teams k\u00e4ytt\u00f6\u00f6n. Yhteensopiva MAC:ille ja Windowsille.Kahden mikrofonin sarja keskittyy puhe\u00e4\u00e4neesi, ei taustameluun, jonkaansiosta ulkopuoliset \u00e4\u00e4net ja h\u00e4iri\u00f6tekij\u00e4t poistuvatneuvottelupuheluista. S\u00e4\u00e4d\u00f6t: Vaimennus, volyymi, vastaus\/loppu,Microsoft Teams -painike. Liitintyyppi: USB (USB Type-A) Kaapelitiedot:USB-kaapeli &#8211; 71.5 cm USB-A to USB-C -adapteri &#8211; irrotettava Ohjelmistonsertifiointi: Zoom-sertifioitu, sertifioitu Microsoft Teamsill\u00e4.<\/p>\n","protected":false},"featured_media":104335,"comment_status":"open","ping_status":"closed","template":"","meta":[],"product_brand":[],"product_cat":[3247],"product_tag":[],"class_list":{"0":"post-76778","1":"product","2":"type-product","3":"status-publish","4":"has-post-thumbnail","6":"product_cat-it-toimisto-sahkolaitteet-ja-tarv-it-tarvikkeet-muut-it-tarvikkeet","8":"first","9":"instock","10":"shipping-taxable","11":"purchasable","12":"product-type-simple"},"_links":{"self":[{"href":"https:\/\/logistiikkakeskus.net\/kauppa\/wp-json\/wp\/v2\/product\/76778","targetHints":{"allow":["GET"]}}],"collection":[{"href":"https:\/\/logistiikkakeskus.net\/kauppa\/wp-json\/wp\/v2\/product"}],"about":[{"href":"https:\/\/logistiikkakeskus.net\/kauppa\/wp-json\/wp\/v2\/types\/product"}],"replies":[{"embeddable":true,"href":"https:\/\/logistiikkakeskus.net\/kauppa\/wp-json\/wp\/v2\/comments?post=76778"}],"wp:featuredmedia":[{"embeddable":true,"href":"https:\/\/logistiikkakeskus.net\/kauppa\/wp-json\/wp\/v2\/media\/104335"}],"wp:attachment":[{"href":"https:\/\/logistiikkakeskus.net\/kauppa\/wp-json\/wp\/v2\/media?parent=76778"}],"wp:term":[{"taxonomy":"product_brand","embeddable":true,"href":"https:\/\/logistiikkakeskus.net\/kauppa\/wp-json\/wp\/v2\/product_brand?post=76778"},{"taxonomy":"product_cat","embeddable":true,"href":"https:\/\/logistiikkakeskus.net\/kauppa\/wp-json\/wp\/v2\/product_cat?post=76778"},{"taxonomy":"product_tag","embeddable":true,"href":"https:\/\/logistiikkakeskus.net\/kauppa\/wp-json\/wp\/v2\/product_tag?post=76778"}],"curies":[{"name":"wp","href":"https:\/\/api.w.org\/{rel}","templated":true}]}}