{"id":76776,"date":"2022-12-01T09:50:09","date_gmt":"2022-12-01T09:50:09","guid":{"rendered":"https:\/\/logistiikkakeskus.net\/kauppa\/tuote\/kuulokemikrofoni-jabra-evolve-20-ms\/"},"modified":"2026-01-20T09:19:49","modified_gmt":"2026-01-20T07:19:49","slug":"kuulokemikrofoni-jabra-evolve-20-ms","status":"publish","type":"product","link":"https:\/\/logistiikkakeskus.net\/kauppa\/tuote\/kuulokemikrofoni-jabra-evolve-20-ms\/","title":{"rendered":"Kuulokemikrofoni Jabra Evolve 20 MS"},"content":{"rendered":"<p>Ammattimaiseen k\u00e4ytt\u00f6\u00f6n tietokoneelle suunniteltu langallinen JabraEvoleve 20 MS -headset. Headsetissa melua vaimentavat mikrofoni. K\u00e4tev\u00e4nUSB-ohjausyksik\u00f6n avulla s\u00e4\u00e4d\u00e4t \u00e4\u00e4nenvoimakkuutta, vastaat puheluihin jatarvittaessa mykist\u00e4t puhelun. Soveltuu my\u00f6s musiikin kuunteluun ty\u00f6nohessa.<\/p>\n<p>Liit\u00e4nt\u00e4: USB-A<\/p>\n","protected":false},"excerpt":{"rendered":"<p>Ammattimaiseen k\u00e4ytt\u00f6\u00f6n tietokoneelle suunniteltu langallinen JabraEvoleve 20 MS -headset. Headsetissa melua vaimentavat mikrofoni. K\u00e4tev\u00e4nUSB-ohjausyksik\u00f6n avulla s\u00e4\u00e4d\u00e4t \u00e4\u00e4nenvoimakkuutta, vastaat puheluihin jatarvittaessa mykist\u00e4t puhelun. Soveltuu my\u00f6s musiikin kuunteluun ty\u00f6nohessa. Liit\u00e4nt\u00e4: USB-A<\/p>\n","protected":false},"featured_media":104334,"comment_status":"open","ping_status":"closed","template":"","meta":[],"product_brand":[],"product_cat":[3247],"product_tag":[],"class_list":{"0":"post-76776","1":"product","2":"type-product","3":"status-publish","4":"has-post-thumbnail","6":"product_cat-it-toimisto-sahkolaitteet-ja-tarv-it-tarvikkeet-muut-it-tarvikkeet","8":"first","9":"instock","10":"shipping-taxable","11":"purchasable","12":"product-type-simple"},"_links":{"self":[{"href":"https:\/\/logistiikkakeskus.net\/kauppa\/wp-json\/wp\/v2\/product\/76776","targetHints":{"allow":["GET"]}}],"collection":[{"href":"https:\/\/logistiikkakeskus.net\/kauppa\/wp-json\/wp\/v2\/product"}],"about":[{"href":"https:\/\/logistiikkakeskus.net\/kauppa\/wp-json\/wp\/v2\/types\/product"}],"replies":[{"embeddable":true,"href":"https:\/\/logistiikkakeskus.net\/kauppa\/wp-json\/wp\/v2\/comments?post=76776"}],"wp:featuredmedia":[{"embeddable":true,"href":"https:\/\/logistiikkakeskus.net\/kauppa\/wp-json\/wp\/v2\/media\/104334"}],"wp:attachment":[{"href":"https:\/\/logistiikkakeskus.net\/kauppa\/wp-json\/wp\/v2\/media?parent=76776"}],"wp:term":[{"taxonomy":"product_brand","embeddable":true,"href":"https:\/\/logistiikkakeskus.net\/kauppa\/wp-json\/wp\/v2\/product_brand?post=76776"},{"taxonomy":"product_cat","embeddable":true,"href":"https:\/\/logistiikkakeskus.net\/kauppa\/wp-json\/wp\/v2\/product_cat?post=76776"},{"taxonomy":"product_tag","embeddable":true,"href":"https:\/\/logistiikkakeskus.net\/kauppa\/wp-json\/wp\/v2\/product_tag?post=76776"}],"curies":[{"name":"wp","href":"https:\/\/api.w.org\/{rel}","templated":true}]}}