{"id":76721,"date":"2022-12-01T09:49:49","date_gmt":"2022-12-01T09:49:49","guid":{"rendered":"https:\/\/logistiikkakeskus.net\/kauppa\/tuote\/hp-laserjet-b5l37a-hukkavarisailio\/"},"modified":"2025-10-15T10:21:04","modified_gmt":"2025-10-15T07:21:04","slug":"hp-laserjet-b5l37a-hukkavarisailio","status":"publish","type":"product","link":"https:\/\/logistiikkakeskus.net\/kauppa\/tuote\/hp-laserjet-b5l37a-hukkavarisailio\/","title":{"rendered":"HP LaserJet B5L37A -hukkav\u00e4ris\u00e4ili\u00f6"},"content":{"rendered":"<h2>HP LaserJet B5L37A -hukkav\u00e4ris\u00e4ili\u00f6<\/h2>\n<p>Keskim\u00e4\u00e4r\u00e4inen riittoisuus 54 000 sivua<\/p>\n<p>Sopii seuraaviin laitteisiin:<\/p>\n<ul>\n<li>Color LaserJet Enterprise M552dn, M553dh, M553dn, M553n, M553x\n<li>Color LaserJet Managed M553dnm, M553xm\n<li>Color LaserJet Managed Flow MFP E57540c, MFP M577cm\n<li>LaserJet Enterprise MFP M577dn, MFP M577f\n<li>LaserJet Enterprise Flow MFP M577c, MFP M577z\n<li>LaserJet Managed MFP E57540dn, MFP M577dnm<\/ul>\n<p>Toimittajan tuotenro. B5L37A<br \/><i>hakusanat: hukkav\u00e4ri, hukkav\u00e4ris\u00e4ili\u00f6<\/i><\/p>\n","protected":false},"excerpt":{"rendered":"<p>HP LaserJet B5L37A -hukkav\u00e4ris\u00e4ili\u00f6 Keskim\u00e4\u00e4r\u00e4inen riittoisuus 54 000 sivua Sopii seuraaviin laitteisiin: Color LaserJet Enterprise M552dn, M553dh, M553dn, M553n, M553x Color LaserJet Managed M553dnm, M553xm Color LaserJet Managed Flow MFP E57540c, MFP M577cm LaserJet Enterprise MFP M577dn, MFP M577f LaserJet Enterprise Flow MFP M577c, MFP M577z LaserJet Managed MFP E57540dn, MFP M577dnm Toimittajan tuotenro. B5L37Ahakusanat: [&hellip;]<\/p>\n","protected":false},"featured_media":0,"comment_status":"open","ping_status":"closed","template":"","meta":[],"product_brand":[],"product_cat":[3243],"product_tag":[],"class_list":{"0":"post-76721","1":"product","2":"type-product","3":"status-publish","5":"product_cat-it-toimisto-sahkolaitteet-ja-tarv-tulostustarvikkeet-laserkasetit-hp","7":"first","8":"instock","9":"shipping-taxable","10":"purchasable","11":"product-type-simple"},"_links":{"self":[{"href":"https:\/\/logistiikkakeskus.net\/kauppa\/wp-json\/wp\/v2\/product\/76721","targetHints":{"allow":["GET"]}}],"collection":[{"href":"https:\/\/logistiikkakeskus.net\/kauppa\/wp-json\/wp\/v2\/product"}],"about":[{"href":"https:\/\/logistiikkakeskus.net\/kauppa\/wp-json\/wp\/v2\/types\/product"}],"replies":[{"embeddable":true,"href":"https:\/\/logistiikkakeskus.net\/kauppa\/wp-json\/wp\/v2\/comments?post=76721"}],"wp:attachment":[{"href":"https:\/\/logistiikkakeskus.net\/kauppa\/wp-json\/wp\/v2\/media?parent=76721"}],"wp:term":[{"taxonomy":"product_brand","embeddable":true,"href":"https:\/\/logistiikkakeskus.net\/kauppa\/wp-json\/wp\/v2\/product_brand?post=76721"},{"taxonomy":"product_cat","embeddable":true,"href":"https:\/\/logistiikkakeskus.net\/kauppa\/wp-json\/wp\/v2\/product_cat?post=76721"},{"taxonomy":"product_tag","embeddable":true,"href":"https:\/\/logistiikkakeskus.net\/kauppa\/wp-json\/wp\/v2\/product_tag?post=76721"}],"curies":[{"name":"wp","href":"https:\/\/api.w.org\/{rel}","templated":true}]}}