{"id":76709,"date":"2022-12-01T09:49:45","date_gmt":"2022-12-01T09:49:45","guid":{"rendered":"https:\/\/logistiikkakeskus.net\/kauppa\/tuote\/hiiriohjain-mousetrapper-prime\/"},"modified":"2026-01-20T09:19:48","modified_gmt":"2026-01-20T07:19:48","slug":"hiiriohjain-mousetrapper-prime","status":"publish","type":"product","link":"https:\/\/logistiikkakeskus.net\/kauppa\/tuote\/hiiriohjain-mousetrapper-prime\/","title":{"rendered":"Hiiriohjain Mousetrapper Prime"},"content":{"rendered":"<h2>MouseTrapper Prime -hiiriohjain, langaton<\/h2>\n<p>Mousetrapper prime on Mousetrapper-sarjan uusin malli. Se onvalmistettu Ruotsissa, kuten muutkin Mousetrapper-tuotteet ja se on yli20 vuoden kehitysty\u00f6n tulos. Mousetrapper prime -mallissa on monta uuttaominaisuutta, kuten maton tarkka vieritys- ja osoitintoiminto. Prime-mallissa on aivan uusi vieritystoiminto, jossa on n\u00e4pp\u00e4imet yl\u00f6s- jaalasvieritykseen. Toinen uusi ainutlaatuinen ominaisuus on mahdollisuusohjelmoida enint\u00e4\u00e4n 254 merkin vapaa teksti. Voit k\u00e4ytt\u00e4\u00e4 Prime\u00e4langattomasti tai USB-kaapelin kautta.<\/p>\n<p><p>Toimittajan tuotenro: 600100<br \/><i>hakusanat: hiiri, hiiret, hiirohjain, langaton, wireless<\/i><\/p>\n","protected":false},"excerpt":{"rendered":"<p>MouseTrapper Prime -hiiriohjain, langaton Mousetrapper prime on Mousetrapper-sarjan uusin malli. Se onvalmistettu Ruotsissa, kuten muutkin Mousetrapper-tuotteet ja se on yli20 vuoden kehitysty\u00f6n tulos. Mousetrapper prime -mallissa on monta uuttaominaisuutta, kuten maton tarkka vieritys- ja osoitintoiminto. Prime-mallissa on aivan uusi vieritystoiminto, jossa on n\u00e4pp\u00e4imet yl\u00f6s- jaalasvieritykseen. Toinen uusi ainutlaatuinen ominaisuus on mahdollisuusohjelmoida enint\u00e4\u00e4n 254 merkin vapaa [&hellip;]<\/p>\n","protected":false},"featured_media":104321,"comment_status":"open","ping_status":"closed","template":"","meta":[],"product_brand":[],"product_cat":[3247],"product_tag":[],"class_list":{"0":"post-76709","1":"product","2":"type-product","3":"status-publish","4":"has-post-thumbnail","6":"product_cat-it-toimisto-sahkolaitteet-ja-tarv-it-tarvikkeet-muut-it-tarvikkeet","8":"first","9":"instock","10":"shipping-taxable","11":"purchasable","12":"product-type-simple"},"_links":{"self":[{"href":"https:\/\/logistiikkakeskus.net\/kauppa\/wp-json\/wp\/v2\/product\/76709","targetHints":{"allow":["GET"]}}],"collection":[{"href":"https:\/\/logistiikkakeskus.net\/kauppa\/wp-json\/wp\/v2\/product"}],"about":[{"href":"https:\/\/logistiikkakeskus.net\/kauppa\/wp-json\/wp\/v2\/types\/product"}],"replies":[{"embeddable":true,"href":"https:\/\/logistiikkakeskus.net\/kauppa\/wp-json\/wp\/v2\/comments?post=76709"}],"wp:featuredmedia":[{"embeddable":true,"href":"https:\/\/logistiikkakeskus.net\/kauppa\/wp-json\/wp\/v2\/media\/104321"}],"wp:attachment":[{"href":"https:\/\/logistiikkakeskus.net\/kauppa\/wp-json\/wp\/v2\/media?parent=76709"}],"wp:term":[{"taxonomy":"product_brand","embeddable":true,"href":"https:\/\/logistiikkakeskus.net\/kauppa\/wp-json\/wp\/v2\/product_brand?post=76709"},{"taxonomy":"product_cat","embeddable":true,"href":"https:\/\/logistiikkakeskus.net\/kauppa\/wp-json\/wp\/v2\/product_cat?post=76709"},{"taxonomy":"product_tag","embeddable":true,"href":"https:\/\/logistiikkakeskus.net\/kauppa\/wp-json\/wp\/v2\/product_tag?post=76709"}],"curies":[{"name":"wp","href":"https:\/\/api.w.org\/{rel}","templated":true}]}}