{"id":76665,"date":"2022-12-01T09:49:30","date_gmt":"2022-12-01T09:49:30","guid":{"rendered":"https:\/\/logistiikkakeskus.net\/kauppa\/tuote\/pystyhiiri-evoluent-v4-pieni\/"},"modified":"2026-01-20T09:19:46","modified_gmt":"2026-01-20T07:19:46","slug":"pystyhiiri-evoluent-v4-pieni","status":"publish","type":"product","link":"https:\/\/logistiikkakeskus.net\/kauppa\/tuote\/pystyhiiri-evoluent-v4-pieni\/","title":{"rendered":"Pystyhiiri Evoluent V4, pieni"},"content":{"rendered":"<p>Evoluent V4 pienemm\u00e4ss\u00e4 koossa. Pystyhiiren ergonominen muotoilu tukeek\u00e4tt\u00e4 rennossa ja luonnollisessa asennossa. Parannetun muotonsa ansiostaV4 sopii pieneen k\u00e4teen hyvin. K\u00e4sivarsi on luonnollisessa asennossa jaennaltaehk\u00e4isee ranteen kipeytymist\u00e4. Oikeak\u00e4tinen.<\/p>\n","protected":false},"excerpt":{"rendered":"<p>Evoluent V4 pienemm\u00e4ss\u00e4 koossa. Pystyhiiren ergonominen muotoilu tukeek\u00e4tt\u00e4 rennossa ja luonnollisessa asennossa. Parannetun muotonsa ansiostaV4 sopii pieneen k\u00e4teen hyvin. K\u00e4sivarsi on luonnollisessa asennossa jaennaltaehk\u00e4isee ranteen kipeytymist\u00e4. Oikeak\u00e4tinen.<\/p>\n","protected":false},"featured_media":104305,"comment_status":"open","ping_status":"closed","template":"","meta":[],"product_brand":[],"product_cat":[3247],"product_tag":[],"class_list":{"0":"post-76665","1":"product","2":"type-product","3":"status-publish","4":"has-post-thumbnail","6":"product_cat-it-toimisto-sahkolaitteet-ja-tarv-it-tarvikkeet-muut-it-tarvikkeet","8":"first","9":"instock","10":"shipping-taxable","11":"purchasable","12":"product-type-simple"},"_links":{"self":[{"href":"https:\/\/logistiikkakeskus.net\/kauppa\/wp-json\/wp\/v2\/product\/76665","targetHints":{"allow":["GET"]}}],"collection":[{"href":"https:\/\/logistiikkakeskus.net\/kauppa\/wp-json\/wp\/v2\/product"}],"about":[{"href":"https:\/\/logistiikkakeskus.net\/kauppa\/wp-json\/wp\/v2\/types\/product"}],"replies":[{"embeddable":true,"href":"https:\/\/logistiikkakeskus.net\/kauppa\/wp-json\/wp\/v2\/comments?post=76665"}],"wp:featuredmedia":[{"embeddable":true,"href":"https:\/\/logistiikkakeskus.net\/kauppa\/wp-json\/wp\/v2\/media\/104305"}],"wp:attachment":[{"href":"https:\/\/logistiikkakeskus.net\/kauppa\/wp-json\/wp\/v2\/media?parent=76665"}],"wp:term":[{"taxonomy":"product_brand","embeddable":true,"href":"https:\/\/logistiikkakeskus.net\/kauppa\/wp-json\/wp\/v2\/product_brand?post=76665"},{"taxonomy":"product_cat","embeddable":true,"href":"https:\/\/logistiikkakeskus.net\/kauppa\/wp-json\/wp\/v2\/product_cat?post=76665"},{"taxonomy":"product_tag","embeddable":true,"href":"https:\/\/logistiikkakeskus.net\/kauppa\/wp-json\/wp\/v2\/product_tag?post=76665"}],"curies":[{"name":"wp","href":"https:\/\/api.w.org\/{rel}","templated":true}]}}