{"id":76661,"date":"2022-12-01T09:49:29","date_gmt":"2022-12-01T09:49:29","guid":{"rendered":"https:\/\/logistiikkakeskus.net\/kauppa\/tuote\/pystyhiiri-evoluent-v4-langaton\/"},"modified":"2026-01-20T09:19:46","modified_gmt":"2026-01-20T07:19:46","slug":"pystyhiiri-evoluent-v4-langaton","status":"publish","type":"product","link":"https:\/\/logistiikkakeskus.net\/kauppa\/tuote\/pystyhiiri-evoluent-v4-langaton\/","title":{"rendered":"Pystyhiiri Evoluent V4, langaton"},"content":{"rendered":"<p>Evoluent V4 langattoman pystyhiiren ergonominen patentoitu muotoilutukee k\u00e4tt\u00e4 neutraaliin ja luonnolliseen asentoon. N\u00e4inennaltaehk\u00e4ist\u00e4\u00e4n ranteen ja k\u00e4sivarren kipeytymist\u00e4. Oikeak\u00e4tinen.<\/p>\n","protected":false},"excerpt":{"rendered":"<p>Evoluent V4 langattoman pystyhiiren ergonominen patentoitu muotoilutukee k\u00e4tt\u00e4 neutraaliin ja luonnolliseen asentoon. N\u00e4inennaltaehk\u00e4ist\u00e4\u00e4n ranteen ja k\u00e4sivarren kipeytymist\u00e4. Oikeak\u00e4tinen.<\/p>\n","protected":false},"featured_media":104303,"comment_status":"open","ping_status":"closed","template":"","meta":[],"product_brand":[],"product_cat":[3247],"product_tag":[],"class_list":{"0":"post-76661","1":"product","2":"type-product","3":"status-publish","4":"has-post-thumbnail","6":"product_cat-it-toimisto-sahkolaitteet-ja-tarv-it-tarvikkeet-muut-it-tarvikkeet","8":"first","9":"instock","10":"shipping-taxable","11":"purchasable","12":"product-type-simple"},"_links":{"self":[{"href":"https:\/\/logistiikkakeskus.net\/kauppa\/wp-json\/wp\/v2\/product\/76661","targetHints":{"allow":["GET"]}}],"collection":[{"href":"https:\/\/logistiikkakeskus.net\/kauppa\/wp-json\/wp\/v2\/product"}],"about":[{"href":"https:\/\/logistiikkakeskus.net\/kauppa\/wp-json\/wp\/v2\/types\/product"}],"replies":[{"embeddable":true,"href":"https:\/\/logistiikkakeskus.net\/kauppa\/wp-json\/wp\/v2\/comments?post=76661"}],"wp:featuredmedia":[{"embeddable":true,"href":"https:\/\/logistiikkakeskus.net\/kauppa\/wp-json\/wp\/v2\/media\/104303"}],"wp:attachment":[{"href":"https:\/\/logistiikkakeskus.net\/kauppa\/wp-json\/wp\/v2\/media?parent=76661"}],"wp:term":[{"taxonomy":"product_brand","embeddable":true,"href":"https:\/\/logistiikkakeskus.net\/kauppa\/wp-json\/wp\/v2\/product_brand?post=76661"},{"taxonomy":"product_cat","embeddable":true,"href":"https:\/\/logistiikkakeskus.net\/kauppa\/wp-json\/wp\/v2\/product_cat?post=76661"},{"taxonomy":"product_tag","embeddable":true,"href":"https:\/\/logistiikkakeskus.net\/kauppa\/wp-json\/wp\/v2\/product_tag?post=76661"}],"curies":[{"name":"wp","href":"https:\/\/api.w.org\/{rel}","templated":true}]}}