{"id":76106,"date":"2022-12-01T09:46:25","date_gmt":"2022-12-01T09:46:25","guid":{"rendered":"https:\/\/logistiikkakeskus.net\/kauppa\/tuote\/uraruuvi-din7985-tx30-zn-m6x30\/"},"modified":"2026-01-20T09:19:40","modified_gmt":"2026-01-20T07:19:40","slug":"uraruuvi-din7985-tx30-zn-m6x30","status":"publish","type":"product","link":"https:\/\/logistiikkakeskus.net\/kauppa\/tuote\/uraruuvi-din7985-tx30-zn-m6x30\/","title":{"rendered":"URARUUVI DIN7985 TX30 ZN M6X30"},"content":{"rendered":"<p>Uraruuvi, lieri\u00f6kantaTX-v\u00e4\u00e4nti\u00f6Vastaa standardia DIN 7985, ter\u00e4s 4.8, sinkitty, sinipassivoitu (A2K)(200 kpl\/rasia)<\/p>\n","protected":false},"excerpt":{"rendered":"<p>Uraruuvi, lieri\u00f6kantaTX-v\u00e4\u00e4nti\u00f6Vastaa standardia DIN 7985, ter\u00e4s 4.8, sinkitty, sinipassivoitu (A2K)(200 kpl\/rasia)<\/p>\n","protected":false},"featured_media":104234,"comment_status":"open","ping_status":"closed","template":"","meta":[],"product_brand":[],"product_cat":[3278],"product_tag":[],"class_list":{"0":"post-76106","1":"product","2":"type-product","3":"status-publish","4":"has-post-thumbnail","6":"product_cat-rakennustarvikkeet-pienrauta-ja-kiiinnikkeet-naulat-ja-ruuvit","8":"first","9":"instock","10":"shipping-taxable","11":"purchasable","12":"product-type-simple"},"_links":{"self":[{"href":"https:\/\/logistiikkakeskus.net\/kauppa\/wp-json\/wp\/v2\/product\/76106","targetHints":{"allow":["GET"]}}],"collection":[{"href":"https:\/\/logistiikkakeskus.net\/kauppa\/wp-json\/wp\/v2\/product"}],"about":[{"href":"https:\/\/logistiikkakeskus.net\/kauppa\/wp-json\/wp\/v2\/types\/product"}],"replies":[{"embeddable":true,"href":"https:\/\/logistiikkakeskus.net\/kauppa\/wp-json\/wp\/v2\/comments?post=76106"}],"wp:featuredmedia":[{"embeddable":true,"href":"https:\/\/logistiikkakeskus.net\/kauppa\/wp-json\/wp\/v2\/media\/104234"}],"wp:attachment":[{"href":"https:\/\/logistiikkakeskus.net\/kauppa\/wp-json\/wp\/v2\/media?parent=76106"}],"wp:term":[{"taxonomy":"product_brand","embeddable":true,"href":"https:\/\/logistiikkakeskus.net\/kauppa\/wp-json\/wp\/v2\/product_brand?post=76106"},{"taxonomy":"product_cat","embeddable":true,"href":"https:\/\/logistiikkakeskus.net\/kauppa\/wp-json\/wp\/v2\/product_cat?post=76106"},{"taxonomy":"product_tag","embeddable":true,"href":"https:\/\/logistiikkakeskus.net\/kauppa\/wp-json\/wp\/v2\/product_tag?post=76106"}],"curies":[{"name":"wp","href":"https:\/\/api.w.org\/{rel}","templated":true}]}}