{"id":75962,"date":"2022-12-01T09:45:33","date_gmt":"2022-12-01T09:45:33","guid":{"rendered":"https:\/\/logistiikkakeskus.net\/kauppa\/tuote\/suihkuhana-oras-safira-1070\/"},"modified":"2025-01-16T13:41:39","modified_gmt":"2025-01-16T11:41:39","slug":"suihkuhana-oras-safira-1070","status":"publish","type":"product","link":"https:\/\/logistiikkakeskus.net\/kauppa\/tuote\/suihkuhana-oras-safira-1070\/","title":{"rendered":"Suihkuhana Oras Safira 1070"},"content":{"rendered":"<p>Oras Safira 1070 -suihkuhana on helppok\u00e4ytt\u00f6inen ja kest\u00e4v\u00e4 hanakylpyhuoneeseen. Veden l\u00e4mp\u00f6tilaa ja virtaamaa on helppo s\u00e4\u00e4t\u00e4\u00e4yksiotteisesta vipuhanasta. Suihkuhanassa on l\u00e4mp\u00f6tilan ja virtaamanrajoitusmahdollisuus, joiden avulla hana voidaan s\u00e4\u00e4t\u00e4\u00e4 vett\u00e4 jaenergiaa s\u00e4\u00e4st\u00e4v\u00e4ksi.<\/p>\n","protected":false},"excerpt":{"rendered":"<p>Oras Safira 1070 -suihkuhana on helppok\u00e4ytt\u00f6inen ja kest\u00e4v\u00e4 hanakylpyhuoneeseen. Veden l\u00e4mp\u00f6tilaa ja virtaamaa on helppo s\u00e4\u00e4t\u00e4\u00e4yksiotteisesta vipuhanasta. Suihkuhanassa on l\u00e4mp\u00f6tilan ja virtaamanrajoitusmahdollisuus, joiden avulla hana voidaan s\u00e4\u00e4t\u00e4\u00e4 vett\u00e4 jaenergiaa s\u00e4\u00e4st\u00e4v\u00e4ksi.<\/p>\n","protected":false},"featured_media":0,"comment_status":"open","ping_status":"closed","template":"","meta":[],"product_brand":[],"product_cat":[3323],"product_tag":[],"class_list":{"0":"post-75962","1":"product","2":"type-product","3":"status-publish","5":"product_cat-kiinteistotarvikkeet-muut-tuotteet-kiinteistotuotteet","7":"first","8":"instock","9":"shipping-taxable","10":"purchasable","11":"product-type-simple"},"_links":{"self":[{"href":"https:\/\/logistiikkakeskus.net\/kauppa\/wp-json\/wp\/v2\/product\/75962","targetHints":{"allow":["GET"]}}],"collection":[{"href":"https:\/\/logistiikkakeskus.net\/kauppa\/wp-json\/wp\/v2\/product"}],"about":[{"href":"https:\/\/logistiikkakeskus.net\/kauppa\/wp-json\/wp\/v2\/types\/product"}],"replies":[{"embeddable":true,"href":"https:\/\/logistiikkakeskus.net\/kauppa\/wp-json\/wp\/v2\/comments?post=75962"}],"wp:attachment":[{"href":"https:\/\/logistiikkakeskus.net\/kauppa\/wp-json\/wp\/v2\/media?parent=75962"}],"wp:term":[{"taxonomy":"product_brand","embeddable":true,"href":"https:\/\/logistiikkakeskus.net\/kauppa\/wp-json\/wp\/v2\/product_brand?post=75962"},{"taxonomy":"product_cat","embeddable":true,"href":"https:\/\/logistiikkakeskus.net\/kauppa\/wp-json\/wp\/v2\/product_cat?post=75962"},{"taxonomy":"product_tag","embeddable":true,"href":"https:\/\/logistiikkakeskus.net\/kauppa\/wp-json\/wp\/v2\/product_tag?post=75962"}],"curies":[{"name":"wp","href":"https:\/\/api.w.org\/{rel}","templated":true}]}}