{"id":75961,"date":"2022-12-01T09:45:33","date_gmt":"2022-12-01T09:45:33","guid":{"rendered":"https:\/\/logistiikkakeskus.net\/kauppa\/tuote\/kalustekulma-27x27x1x30-sink-4kpl\/"},"modified":"2025-10-15T10:20:38","modified_gmt":"2025-10-15T07:20:38","slug":"kalustekulma-27x27x1x30-sink-4kpl","status":"publish","type":"product","link":"https:\/\/logistiikkakeskus.net\/kauppa\/tuote\/kalustekulma-27x27x1x30-sink-4kpl\/","title":{"rendered":"Kalustekulma 502 30x30x26mm Sink 4KPL"},"content":{"rendered":"<p>S\u00e4hk\u00f6sinkitty ter\u00e4s. Paksuus 1 mm. Reikien koko 4,6 mm ja 13 x 5 mm.Pakkauksessa 4 kpl kulmarautoja.<\/p>\n","protected":false},"excerpt":{"rendered":"<p>S\u00e4hk\u00f6sinkitty ter\u00e4s. Paksuus 1 mm. Reikien koko 4,6 mm ja 13 x 5 mm.Pakkauksessa 4 kpl kulmarautoja.<\/p>\n","protected":false},"featured_media":0,"comment_status":"open","ping_status":"closed","template":"","meta":[],"product_brand":[],"product_cat":[3439],"product_tag":[],"class_list":{"0":"post-75961","1":"product","2":"type-product","3":"status-publish","5":"product_cat-rakennustarvikkeet-pienrauta-ja-kiiinnikkeet-kulmaraudat-ja-naulauslevyt","7":"first","8":"instock","9":"shipping-taxable","10":"purchasable","11":"product-type-simple"},"_links":{"self":[{"href":"https:\/\/logistiikkakeskus.net\/kauppa\/wp-json\/wp\/v2\/product\/75961","targetHints":{"allow":["GET"]}}],"collection":[{"href":"https:\/\/logistiikkakeskus.net\/kauppa\/wp-json\/wp\/v2\/product"}],"about":[{"href":"https:\/\/logistiikkakeskus.net\/kauppa\/wp-json\/wp\/v2\/types\/product"}],"replies":[{"embeddable":true,"href":"https:\/\/logistiikkakeskus.net\/kauppa\/wp-json\/wp\/v2\/comments?post=75961"}],"wp:attachment":[{"href":"https:\/\/logistiikkakeskus.net\/kauppa\/wp-json\/wp\/v2\/media?parent=75961"}],"wp:term":[{"taxonomy":"product_brand","embeddable":true,"href":"https:\/\/logistiikkakeskus.net\/kauppa\/wp-json\/wp\/v2\/product_brand?post=75961"},{"taxonomy":"product_cat","embeddable":true,"href":"https:\/\/logistiikkakeskus.net\/kauppa\/wp-json\/wp\/v2\/product_cat?post=75961"},{"taxonomy":"product_tag","embeddable":true,"href":"https:\/\/logistiikkakeskus.net\/kauppa\/wp-json\/wp\/v2\/product_tag?post=75961"}],"curies":[{"name":"wp","href":"https:\/\/api.w.org\/{rel}","templated":true}]}}