{"id":75952,"date":"2022-12-01T09:45:27","date_gmt":"2022-12-01T09:45:27","guid":{"rendered":"https:\/\/logistiikkakeskus.net\/kauppa\/tuote\/yleisruuvi-osakierre-t25-5x100-100kpl\/"},"modified":"2025-10-15T10:20:36","modified_gmt":"2025-10-15T07:20:36","slug":"yleisruuvi-osakierre-t25-5x100-100kpl","status":"publish","type":"product","link":"https:\/\/logistiikkakeskus.net\/kauppa\/tuote\/yleisruuvi-osakierre-t25-5x100-100kpl\/","title":{"rendered":"Yleisruuvi osakierre T25 5&#215;100, 100kpl"},"content":{"rendered":"<p>S\u00e4hk\u00f6sinkitty yleisruuvi uppokannalla ja T25-uralla sis\u00e4k\u00e4ytt\u00f6\u00f6n.Ruuvissa on leikkaava k\u00e4rki, sahalaitakierre ja senkkiter\u00e4t kannan alla.Ruuvin vahattu pinta v\u00e4hent\u00e4\u00e4 kitkaa. Ruuvissa on osakierre ja se on CE-hyv\u00e4ksytty. 100 kpl\/rasia.<\/p>\n","protected":false},"excerpt":{"rendered":"<p>S\u00e4hk\u00f6sinkitty yleisruuvi uppokannalla ja T25-uralla sis\u00e4k\u00e4ytt\u00f6\u00f6n.Ruuvissa on leikkaava k\u00e4rki, sahalaitakierre ja senkkiter\u00e4t kannan alla.Ruuvin vahattu pinta v\u00e4hent\u00e4\u00e4 kitkaa. Ruuvissa on osakierre ja se on CE-hyv\u00e4ksytty. 100 kpl\/rasia.<\/p>\n","protected":false},"featured_media":0,"comment_status":"open","ping_status":"closed","template":"","meta":[],"product_brand":[],"product_cat":[3278],"product_tag":[],"class_list":{"0":"post-75952","1":"product","2":"type-product","3":"status-publish","5":"product_cat-rakennustarvikkeet-pienrauta-ja-kiiinnikkeet-naulat-ja-ruuvit","7":"first","8":"instock","9":"shipping-taxable","10":"purchasable","11":"product-type-simple"},"_links":{"self":[{"href":"https:\/\/logistiikkakeskus.net\/kauppa\/wp-json\/wp\/v2\/product\/75952","targetHints":{"allow":["GET"]}}],"collection":[{"href":"https:\/\/logistiikkakeskus.net\/kauppa\/wp-json\/wp\/v2\/product"}],"about":[{"href":"https:\/\/logistiikkakeskus.net\/kauppa\/wp-json\/wp\/v2\/types\/product"}],"replies":[{"embeddable":true,"href":"https:\/\/logistiikkakeskus.net\/kauppa\/wp-json\/wp\/v2\/comments?post=75952"}],"wp:attachment":[{"href":"https:\/\/logistiikkakeskus.net\/kauppa\/wp-json\/wp\/v2\/media?parent=75952"}],"wp:term":[{"taxonomy":"product_brand","embeddable":true,"href":"https:\/\/logistiikkakeskus.net\/kauppa\/wp-json\/wp\/v2\/product_brand?post=75952"},{"taxonomy":"product_cat","embeddable":true,"href":"https:\/\/logistiikkakeskus.net\/kauppa\/wp-json\/wp\/v2\/product_cat?post=75952"},{"taxonomy":"product_tag","embeddable":true,"href":"https:\/\/logistiikkakeskus.net\/kauppa\/wp-json\/wp\/v2\/product_tag?post=75952"}],"curies":[{"name":"wp","href":"https:\/\/api.w.org\/{rel}","templated":true}]}}