{"id":75951,"date":"2022-12-01T09:45:26","date_gmt":"2022-12-01T09:45:26","guid":{"rendered":"https:\/\/logistiikkakeskus.net\/kauppa\/tuote\/terassiruuvi-5x70-rst-t25-vihrea-150-kpl\/"},"modified":"2025-10-15T10:20:36","modified_gmt":"2025-10-15T07:20:36","slug":"terassiruuvi-5x70-rst-t25-vihrea-150-kpl","status":"publish","type":"product","link":"https:\/\/logistiikkakeskus.net\/kauppa\/tuote\/terassiruuvi-5x70-rst-t25-vihrea-150-kpl\/","title":{"rendered":"Terassiruuvi 5&#215;70 rst T25 vihre\u00e4 150 kpl"},"content":{"rendered":"<p>Ruostumaton AISI 410 -terassiruuvi vihre\u00e4ll\u00e4 pinnoitteella. Ruuveissaporautumista helpottava leikkaava k\u00e4rki ja siistin asennusj\u00e4ljen puunpintaan takaava senkkaava kanta. Ruuvin mitat ovat 5 mm x 70 mm.Rasiassa on 150 kappaletta.<\/p>\n","protected":false},"excerpt":{"rendered":"<p>Ruostumaton AISI 410 -terassiruuvi vihre\u00e4ll\u00e4 pinnoitteella. Ruuveissaporautumista helpottava leikkaava k\u00e4rki ja siistin asennusj\u00e4ljen puunpintaan takaava senkkaava kanta. Ruuvin mitat ovat 5 mm x 70 mm.Rasiassa on 150 kappaletta.<\/p>\n","protected":false},"featured_media":0,"comment_status":"open","ping_status":"closed","template":"","meta":[],"product_brand":[],"product_cat":[3278],"product_tag":[],"class_list":{"0":"post-75951","1":"product","2":"type-product","3":"status-publish","5":"product_cat-rakennustarvikkeet-pienrauta-ja-kiiinnikkeet-naulat-ja-ruuvit","7":"first","8":"instock","9":"shipping-taxable","10":"purchasable","11":"product-type-simple"},"_links":{"self":[{"href":"https:\/\/logistiikkakeskus.net\/kauppa\/wp-json\/wp\/v2\/product\/75951","targetHints":{"allow":["GET"]}}],"collection":[{"href":"https:\/\/logistiikkakeskus.net\/kauppa\/wp-json\/wp\/v2\/product"}],"about":[{"href":"https:\/\/logistiikkakeskus.net\/kauppa\/wp-json\/wp\/v2\/types\/product"}],"replies":[{"embeddable":true,"href":"https:\/\/logistiikkakeskus.net\/kauppa\/wp-json\/wp\/v2\/comments?post=75951"}],"wp:attachment":[{"href":"https:\/\/logistiikkakeskus.net\/kauppa\/wp-json\/wp\/v2\/media?parent=75951"}],"wp:term":[{"taxonomy":"product_brand","embeddable":true,"href":"https:\/\/logistiikkakeskus.net\/kauppa\/wp-json\/wp\/v2\/product_brand?post=75951"},{"taxonomy":"product_cat","embeddable":true,"href":"https:\/\/logistiikkakeskus.net\/kauppa\/wp-json\/wp\/v2\/product_cat?post=75951"},{"taxonomy":"product_tag","embeddable":true,"href":"https:\/\/logistiikkakeskus.net\/kauppa\/wp-json\/wp\/v2\/product_tag?post=75951"}],"curies":[{"name":"wp","href":"https:\/\/api.w.org\/{rel}","templated":true}]}}