{"id":75949,"date":"2022-12-01T09:45:25","date_gmt":"2022-12-01T09:45:25","guid":{"rendered":"https:\/\/logistiikkakeskus.net\/kauppa\/tuote\/terassiruuvi-45x55-rst-t20-vihrea-200kp\/"},"modified":"2026-01-20T09:19:39","modified_gmt":"2026-01-20T07:19:39","slug":"terassiruuvi-45x55-rst-t20-vihrea-200kp","status":"publish","type":"product","link":"https:\/\/logistiikkakeskus.net\/kauppa\/tuote\/terassiruuvi-45x55-rst-t20-vihrea-200kp\/","title":{"rendered":"Terassiruuvi 4,2&#215;55 rst T20 vihre\u00e4 250kp"},"content":{"rendered":"<p>Ruostumaton AISI 410 -terassiruuvi vihre\u00e4ll\u00e4 pinnoitteella. Ruuveissaporautumista helpottava leikkaava k\u00e4rki ja siistin asennusj\u00e4ljen puunpintaan takaava senkkaava kanta. Ruuvin mitat ovat 4,2 mm x 55 mm.Rasiassa on 250 kappaletta.<\/p>\n","protected":false},"excerpt":{"rendered":"<p>Ruostumaton AISI 410 -terassiruuvi vihre\u00e4ll\u00e4 pinnoitteella. Ruuveissaporautumista helpottava leikkaava k\u00e4rki ja siistin asennusj\u00e4ljen puunpintaan takaava senkkaava kanta. Ruuvin mitat ovat 4,2 mm x 55 mm.Rasiassa on 250 kappaletta.<\/p>\n","protected":false},"featured_media":0,"comment_status":"open","ping_status":"closed","template":"","meta":[],"product_brand":[],"product_cat":[3278],"product_tag":[],"class_list":{"0":"post-75949","1":"product","2":"type-product","3":"status-publish","5":"product_cat-rakennustarvikkeet-pienrauta-ja-kiiinnikkeet-naulat-ja-ruuvit","7":"first","8":"instock","9":"shipping-taxable","10":"purchasable","11":"product-type-simple"},"_links":{"self":[{"href":"https:\/\/logistiikkakeskus.net\/kauppa\/wp-json\/wp\/v2\/product\/75949","targetHints":{"allow":["GET"]}}],"collection":[{"href":"https:\/\/logistiikkakeskus.net\/kauppa\/wp-json\/wp\/v2\/product"}],"about":[{"href":"https:\/\/logistiikkakeskus.net\/kauppa\/wp-json\/wp\/v2\/types\/product"}],"replies":[{"embeddable":true,"href":"https:\/\/logistiikkakeskus.net\/kauppa\/wp-json\/wp\/v2\/comments?post=75949"}],"wp:attachment":[{"href":"https:\/\/logistiikkakeskus.net\/kauppa\/wp-json\/wp\/v2\/media?parent=75949"}],"wp:term":[{"taxonomy":"product_brand","embeddable":true,"href":"https:\/\/logistiikkakeskus.net\/kauppa\/wp-json\/wp\/v2\/product_brand?post=75949"},{"taxonomy":"product_cat","embeddable":true,"href":"https:\/\/logistiikkakeskus.net\/kauppa\/wp-json\/wp\/v2\/product_cat?post=75949"},{"taxonomy":"product_tag","embeddable":true,"href":"https:\/\/logistiikkakeskus.net\/kauppa\/wp-json\/wp\/v2\/product_tag?post=75949"}],"curies":[{"name":"wp","href":"https:\/\/api.w.org\/{rel}","templated":true}]}}