{"id":75942,"date":"2022-12-01T09:45:20","date_gmt":"2022-12-01T09:45:20","guid":{"rendered":"https:\/\/logistiikkakeskus.net\/kauppa\/tuote\/dyckertnaula-45x17-sahkosink-300-kpl\/"},"modified":"2026-01-20T09:19:39","modified_gmt":"2026-01-20T07:19:39","slug":"dyckertnaula-45x17-sahkosink-300-kpl","status":"publish","type":"product","link":"https:\/\/logistiikkakeskus.net\/kauppa\/tuote\/dyckertnaula-45x17-sahkosink-300-kpl\/","title":{"rendered":"Dyckertnaula 45&#215;1,7 s\u00e4hk\u00f6sink. 300 kpl"},"content":{"rendered":"<p>S\u00e4hk\u00f6sinkitty dyckertnaula sis\u00e4k\u00e4ytt\u00f6\u00f6n. Pakkauksessa 300 kpl.<\/p>\n","protected":false},"excerpt":{"rendered":"<p>S\u00e4hk\u00f6sinkitty dyckertnaula sis\u00e4k\u00e4ytt\u00f6\u00f6n. Pakkauksessa 300 kpl.<\/p>\n","protected":false},"featured_media":0,"comment_status":"open","ping_status":"closed","template":"","meta":[],"product_brand":[],"product_cat":[3278],"product_tag":[],"class_list":{"0":"post-75942","1":"product","2":"type-product","3":"status-publish","5":"product_cat-rakennustarvikkeet-pienrauta-ja-kiiinnikkeet-naulat-ja-ruuvit","7":"first","8":"instock","9":"shipping-taxable","10":"purchasable","11":"product-type-simple"},"_links":{"self":[{"href":"https:\/\/logistiikkakeskus.net\/kauppa\/wp-json\/wp\/v2\/product\/75942","targetHints":{"allow":["GET"]}}],"collection":[{"href":"https:\/\/logistiikkakeskus.net\/kauppa\/wp-json\/wp\/v2\/product"}],"about":[{"href":"https:\/\/logistiikkakeskus.net\/kauppa\/wp-json\/wp\/v2\/types\/product"}],"replies":[{"embeddable":true,"href":"https:\/\/logistiikkakeskus.net\/kauppa\/wp-json\/wp\/v2\/comments?post=75942"}],"wp:attachment":[{"href":"https:\/\/logistiikkakeskus.net\/kauppa\/wp-json\/wp\/v2\/media?parent=75942"}],"wp:term":[{"taxonomy":"product_brand","embeddable":true,"href":"https:\/\/logistiikkakeskus.net\/kauppa\/wp-json\/wp\/v2\/product_brand?post=75942"},{"taxonomy":"product_cat","embeddable":true,"href":"https:\/\/logistiikkakeskus.net\/kauppa\/wp-json\/wp\/v2\/product_cat?post=75942"},{"taxonomy":"product_tag","embeddable":true,"href":"https:\/\/logistiikkakeskus.net\/kauppa\/wp-json\/wp\/v2\/product_tag?post=75942"}],"curies":[{"name":"wp","href":"https:\/\/api.w.org\/{rel}","templated":true}]}}