{"id":75855,"date":"2022-12-01T09:44:44","date_gmt":"2022-12-01T09:44:44","guid":{"rendered":"https:\/\/logistiikkakeskus.net\/kauppa\/tuote\/helsinki-lippalakki-impact-6-paneelinen\/"},"modified":"2026-01-20T09:19:37","modified_gmt":"2026-01-20T07:19:37","slug":"helsinki-lippalakki-impact-6-paneelinen","status":"publish","type":"product","link":"https:\/\/logistiikkakeskus.net\/kauppa\/tuote\/helsinki-lippalakki-impact-6-paneelinen\/","title":{"rendered":"Helsinki lippalakki Impact 6-paneelinen"},"content":{"rendered":"<p>Impact 6-paneelinen musta lippalakki kierr\u00e4tetyst\u00e4 puuvillasta,tarrakiinnityksell\u00e4kaareva lippa, brodeeratut pienet aukot ilmankierrolle, ja velcrosuljin,materiaali 190 g\/m2.<\/p>\n","protected":false},"excerpt":{"rendered":"<p>Impact 6-paneelinen musta lippalakki kierr\u00e4tetyst\u00e4 puuvillasta,tarrakiinnityksell\u00e4kaareva lippa, brodeeratut pienet aukot ilmankierrolle, ja velcrosuljin,materiaali 190 g\/m2.<\/p>\n","protected":false},"featured_media":0,"comment_status":"open","ping_status":"closed","template":"","meta":[],"product_brand":[],"product_cat":[3287],"product_tag":[],"class_list":{"0":"post-75855","1":"product","2":"type-product","3":"status-publish","5":"product_cat-vaatteet-tyovaatteet-stara-asusteet","7":"first","8":"instock","9":"shipping-taxable","10":"purchasable","11":"product-type-simple"},"_links":{"self":[{"href":"https:\/\/logistiikkakeskus.net\/kauppa\/wp-json\/wp\/v2\/product\/75855","targetHints":{"allow":["GET"]}}],"collection":[{"href":"https:\/\/logistiikkakeskus.net\/kauppa\/wp-json\/wp\/v2\/product"}],"about":[{"href":"https:\/\/logistiikkakeskus.net\/kauppa\/wp-json\/wp\/v2\/types\/product"}],"replies":[{"embeddable":true,"href":"https:\/\/logistiikkakeskus.net\/kauppa\/wp-json\/wp\/v2\/comments?post=75855"}],"wp:attachment":[{"href":"https:\/\/logistiikkakeskus.net\/kauppa\/wp-json\/wp\/v2\/media?parent=75855"}],"wp:term":[{"taxonomy":"product_brand","embeddable":true,"href":"https:\/\/logistiikkakeskus.net\/kauppa\/wp-json\/wp\/v2\/product_brand?post=75855"},{"taxonomy":"product_cat","embeddable":true,"href":"https:\/\/logistiikkakeskus.net\/kauppa\/wp-json\/wp\/v2\/product_cat?post=75855"},{"taxonomy":"product_tag","embeddable":true,"href":"https:\/\/logistiikkakeskus.net\/kauppa\/wp-json\/wp\/v2\/product_tag?post=75855"}],"curies":[{"name":"wp","href":"https:\/\/api.w.org\/{rel}","templated":true}]}}