{"id":75787,"date":"2022-12-01T09:44:20","date_gmt":"2022-12-01T09:44:20","guid":{"rendered":"https:\/\/logistiikkakeskus.net\/kauppa\/tuote\/sammutuspeite-120x180-cm\/"},"modified":"2026-01-20T09:19:33","modified_gmt":"2026-01-20T07:19:33","slug":"sammutuspeite-120x180-cm","status":"publish","type":"product","link":"https:\/\/logistiikkakeskus.net\/kauppa\/tuote\/sammutuspeite-120x180-cm\/","title":{"rendered":"Sammutuspeite 120&#215;180 cm"},"content":{"rendered":"<p>Sammutuspeite on tehokas keino parantaa paloturvallisuutta kotona taity\u00f6paikalla. Sammutuspeite on edullinen, varmatoiminen jayksinkertainen, se kannattaa hankkia kaikkialle, miss\u00e4 on pienikinpalovaara. Hyvin tehty alkusammutus ehk\u00e4isee palon levi\u00e4misen jarajoittaa vahinkoja tuntuvasti. Kotona suurin osa paloista syttyykeitti\u00f6ss\u00e4, joten v\u00e4hint\u00e4\u00e4n keitti\u00f6ss\u00e4 tulisi aina olla sammutuspeiten\u00e4kyv\u00e4ll\u00e4 paikalla ja helposti k\u00e4ytt\u00f6\u00f6n otettavissa. Sammutuspeite onhelppo ja nopea ottaa k\u00e4ytt\u00f6\u00f6n ja sill\u00e4 voi tukahduttaa tehokkaastirasvapalot, s\u00e4hk\u00f6palot ja muut pienet palot. Sammutuspeite onk\u00e4yt\u00e4nn\u00f6llinen hankinta kotiin, autoon, autotalliin, veneeseen,toimistoon, kaikkialle miss\u00e4 palovaara on mahdollinen.Koko 120 x 180 cm.EN 1869:2019<\/p>\n","protected":false},"excerpt":{"rendered":"<p>Sammutuspeite on tehokas keino parantaa paloturvallisuutta kotona taity\u00f6paikalla. Sammutuspeite on edullinen, varmatoiminen jayksinkertainen, se kannattaa hankkia kaikkialle, miss\u00e4 on pienikinpalovaara. Hyvin tehty alkusammutus ehk\u00e4isee palon levi\u00e4misen jarajoittaa vahinkoja tuntuvasti. Kotona suurin osa paloista syttyykeitti\u00f6ss\u00e4, joten v\u00e4hint\u00e4\u00e4n keitti\u00f6ss\u00e4 tulisi aina olla sammutuspeiten\u00e4kyv\u00e4ll\u00e4 paikalla ja helposti k\u00e4ytt\u00f6\u00f6n otettavissa. Sammutuspeite onhelppo ja nopea ottaa k\u00e4ytt\u00f6\u00f6n ja sill\u00e4 voi [&hellip;]<\/p>\n","protected":false},"featured_media":104179,"comment_status":"open","ping_status":"closed","template":"","meta":[],"product_brand":[],"product_cat":[3323],"product_tag":[],"class_list":{"0":"post-75787","1":"product","2":"type-product","3":"status-publish","4":"has-post-thumbnail","6":"product_cat-kiinteistotarvikkeet-muut-tuotteet-kiinteistotuotteet","8":"first","9":"instock","10":"shipping-taxable","11":"purchasable","12":"product-type-simple"},"_links":{"self":[{"href":"https:\/\/logistiikkakeskus.net\/kauppa\/wp-json\/wp\/v2\/product\/75787","targetHints":{"allow":["GET"]}}],"collection":[{"href":"https:\/\/logistiikkakeskus.net\/kauppa\/wp-json\/wp\/v2\/product"}],"about":[{"href":"https:\/\/logistiikkakeskus.net\/kauppa\/wp-json\/wp\/v2\/types\/product"}],"replies":[{"embeddable":true,"href":"https:\/\/logistiikkakeskus.net\/kauppa\/wp-json\/wp\/v2\/comments?post=75787"}],"wp:featuredmedia":[{"embeddable":true,"href":"https:\/\/logistiikkakeskus.net\/kauppa\/wp-json\/wp\/v2\/media\/104179"}],"wp:attachment":[{"href":"https:\/\/logistiikkakeskus.net\/kauppa\/wp-json\/wp\/v2\/media?parent=75787"}],"wp:term":[{"taxonomy":"product_brand","embeddable":true,"href":"https:\/\/logistiikkakeskus.net\/kauppa\/wp-json\/wp\/v2\/product_brand?post=75787"},{"taxonomy":"product_cat","embeddable":true,"href":"https:\/\/logistiikkakeskus.net\/kauppa\/wp-json\/wp\/v2\/product_cat?post=75787"},{"taxonomy":"product_tag","embeddable":true,"href":"https:\/\/logistiikkakeskus.net\/kauppa\/wp-json\/wp\/v2\/product_tag?post=75787"}],"curies":[{"name":"wp","href":"https:\/\/api.w.org\/{rel}","templated":true}]}}