{"id":75766,"date":"2022-12-01T09:44:14","date_gmt":"2022-12-01T09:44:14","guid":{"rendered":"https:\/\/logistiikkakeskus.net\/kauppa\/tuote\/polkupyorateline-sinkitty-5-paikkainen\/"},"modified":"2026-01-20T09:19:32","modified_gmt":"2026-01-20T07:19:32","slug":"polkupyorateline-sinkitty-5-paikkainen","status":"publish","type":"product","link":"https:\/\/logistiikkakeskus.net\/kauppa\/tuote\/polkupyorateline-sinkitty-5-paikkainen\/","title":{"rendered":"Polkupy\u00f6r\u00e4teline sinkitty 5-paikkainen"},"content":{"rendered":"<p>Polkupy\u00f6r\u00e4teline Markki sinkitty 5-paikkainenTurvallinen ja kest\u00e4v\u00e4 MARKKI-py\u00f6r\u00e4teline soveltuu niin omakoti- kuinrivi- tai kivitalonpihaan ja yksityiseen tai julkiseen k\u00e4ytt\u00f6\u00f6n.<\/p>\n","protected":false},"excerpt":{"rendered":"<p>Polkupy\u00f6r\u00e4teline Markki sinkitty 5-paikkainenTurvallinen ja kest\u00e4v\u00e4 MARKKI-py\u00f6r\u00e4teline soveltuu niin omakoti- kuinrivi- tai kivitalonpihaan ja yksityiseen tai julkiseen k\u00e4ytt\u00f6\u00f6n.<\/p>\n","protected":false},"featured_media":104174,"comment_status":"open","ping_status":"closed","template":"","meta":[],"product_brand":[],"product_cat":[3323],"product_tag":[],"class_list":{"0":"post-75766","1":"product","2":"type-product","3":"status-publish","4":"has-post-thumbnail","6":"product_cat-kiinteistotarvikkeet-muut-tuotteet-kiinteistotuotteet","8":"first","9":"instock","10":"shipping-taxable","11":"purchasable","12":"product-type-simple"},"_links":{"self":[{"href":"https:\/\/logistiikkakeskus.net\/kauppa\/wp-json\/wp\/v2\/product\/75766","targetHints":{"allow":["GET"]}}],"collection":[{"href":"https:\/\/logistiikkakeskus.net\/kauppa\/wp-json\/wp\/v2\/product"}],"about":[{"href":"https:\/\/logistiikkakeskus.net\/kauppa\/wp-json\/wp\/v2\/types\/product"}],"replies":[{"embeddable":true,"href":"https:\/\/logistiikkakeskus.net\/kauppa\/wp-json\/wp\/v2\/comments?post=75766"}],"wp:featuredmedia":[{"embeddable":true,"href":"https:\/\/logistiikkakeskus.net\/kauppa\/wp-json\/wp\/v2\/media\/104174"}],"wp:attachment":[{"href":"https:\/\/logistiikkakeskus.net\/kauppa\/wp-json\/wp\/v2\/media?parent=75766"}],"wp:term":[{"taxonomy":"product_brand","embeddable":true,"href":"https:\/\/logistiikkakeskus.net\/kauppa\/wp-json\/wp\/v2\/product_brand?post=75766"},{"taxonomy":"product_cat","embeddable":true,"href":"https:\/\/logistiikkakeskus.net\/kauppa\/wp-json\/wp\/v2\/product_cat?post=75766"},{"taxonomy":"product_tag","embeddable":true,"href":"https:\/\/logistiikkakeskus.net\/kauppa\/wp-json\/wp\/v2\/product_tag?post=75766"}],"curies":[{"name":"wp","href":"https:\/\/api.w.org\/{rel}","templated":true}]}}