{"id":75764,"date":"2022-12-01T09:44:13","date_gmt":"2022-12-01T09:44:13","guid":{"rendered":"https:\/\/logistiikkakeskus.net\/kauppa\/tuote\/jalkasaleikkorappuralli-30x300x1000mm\/"},"modified":"2026-01-20T09:19:32","modified_gmt":"2026-01-20T07:19:32","slug":"jalkasaleikkorappuralli-30x300x1000mm","status":"publish","type":"product","link":"https:\/\/logistiikkakeskus.net\/kauppa\/tuote\/jalkasaleikkorappuralli-30x300x1000mm\/","title":{"rendered":"Jalkas\u00e4leikk\u00f6 Rappurallli 30x30x1000mm"},"content":{"rendered":"<p>Kest\u00e4v\u00e4 jalkas\u00e4leikk\u00f6. Valmistettu kuumasinkityst\u00e4 ter\u00e4ksest\u00e4. Tuote onpitk\u00e4ik\u00e4inen ja kest\u00e4\u00e4 kovaa kulutusta. Koko 300 x 1000 x 30 mm.hakusana: rappuritil\u00e4, ter\u00e4sritil\u00e4<\/p>\n","protected":false},"excerpt":{"rendered":"<p>Kest\u00e4v\u00e4 jalkas\u00e4leikk\u00f6. Valmistettu kuumasinkityst\u00e4 ter\u00e4ksest\u00e4. Tuote onpitk\u00e4ik\u00e4inen ja kest\u00e4\u00e4 kovaa kulutusta. Koko 300 x 1000 x 30 mm.hakusana: rappuritil\u00e4, ter\u00e4sritil\u00e4<\/p>\n","protected":false},"featured_media":104173,"comment_status":"open","ping_status":"closed","template":"","meta":[],"product_brand":[],"product_cat":[3323],"product_tag":[],"class_list":{"0":"post-75764","1":"product","2":"type-product","3":"status-publish","4":"has-post-thumbnail","6":"product_cat-kiinteistotarvikkeet-muut-tuotteet-kiinteistotuotteet","8":"first","9":"instock","10":"shipping-taxable","11":"purchasable","12":"product-type-simple"},"_links":{"self":[{"href":"https:\/\/logistiikkakeskus.net\/kauppa\/wp-json\/wp\/v2\/product\/75764","targetHints":{"allow":["GET"]}}],"collection":[{"href":"https:\/\/logistiikkakeskus.net\/kauppa\/wp-json\/wp\/v2\/product"}],"about":[{"href":"https:\/\/logistiikkakeskus.net\/kauppa\/wp-json\/wp\/v2\/types\/product"}],"replies":[{"embeddable":true,"href":"https:\/\/logistiikkakeskus.net\/kauppa\/wp-json\/wp\/v2\/comments?post=75764"}],"wp:featuredmedia":[{"embeddable":true,"href":"https:\/\/logistiikkakeskus.net\/kauppa\/wp-json\/wp\/v2\/media\/104173"}],"wp:attachment":[{"href":"https:\/\/logistiikkakeskus.net\/kauppa\/wp-json\/wp\/v2\/media?parent=75764"}],"wp:term":[{"taxonomy":"product_brand","embeddable":true,"href":"https:\/\/logistiikkakeskus.net\/kauppa\/wp-json\/wp\/v2\/product_brand?post=75764"},{"taxonomy":"product_cat","embeddable":true,"href":"https:\/\/logistiikkakeskus.net\/kauppa\/wp-json\/wp\/v2\/product_cat?post=75764"},{"taxonomy":"product_tag","embeddable":true,"href":"https:\/\/logistiikkakeskus.net\/kauppa\/wp-json\/wp\/v2\/product_tag?post=75764"}],"curies":[{"name":"wp","href":"https:\/\/api.w.org\/{rel}","templated":true}]}}