{"id":75743,"date":"2022-12-01T09:44:05","date_gmt":"2022-12-01T09:44:05","guid":{"rendered":"https:\/\/logistiikkakeskus.net\/kauppa\/tuote\/kaapeli-usb-a-c-1-m\/"},"modified":"2026-01-20T09:19:30","modified_gmt":"2026-01-20T07:19:30","slug":"kaapeli-usb-a-c-1-m","status":"publish","type":"product","link":"https:\/\/logistiikkakeskus.net\/kauppa\/tuote\/kaapeli-usb-a-c-1-m\/","title":{"rendered":"Kaapeli USB-A &#8211; USB-C (M\/M), 1 m"},"content":{"rendered":"<p>Latauskaapeli esim. puhelimelle, toinen p\u00e4\u00e4 USB-A,toinen p\u00e4\u00e4 USB-C. Pituus 1 m.<\/p>\n<p><i>Hakusanat: virtajohto, latausjohto, puhelimen lataus<\/i><\/p>\n","protected":false},"excerpt":{"rendered":"<p>Latauskaapeli esim. puhelimelle, toinen p\u00e4\u00e4 USB-A,toinen p\u00e4\u00e4 USB-C. Pituus 1 m. Hakusanat: virtajohto, latausjohto, puhelimen lataus<\/p>\n","protected":false},"featured_media":104162,"comment_status":"open","ping_status":"closed","template":"","meta":[],"product_brand":[],"product_cat":[3247],"product_tag":[],"class_list":{"0":"post-75743","1":"product","2":"type-product","3":"status-publish","4":"has-post-thumbnail","6":"product_cat-it-toimisto-sahkolaitteet-ja-tarv-it-tarvikkeet-muut-it-tarvikkeet","8":"first","9":"instock","10":"shipping-taxable","11":"purchasable","12":"product-type-simple"},"_links":{"self":[{"href":"https:\/\/logistiikkakeskus.net\/kauppa\/wp-json\/wp\/v2\/product\/75743","targetHints":{"allow":["GET"]}}],"collection":[{"href":"https:\/\/logistiikkakeskus.net\/kauppa\/wp-json\/wp\/v2\/product"}],"about":[{"href":"https:\/\/logistiikkakeskus.net\/kauppa\/wp-json\/wp\/v2\/types\/product"}],"replies":[{"embeddable":true,"href":"https:\/\/logistiikkakeskus.net\/kauppa\/wp-json\/wp\/v2\/comments?post=75743"}],"wp:featuredmedia":[{"embeddable":true,"href":"https:\/\/logistiikkakeskus.net\/kauppa\/wp-json\/wp\/v2\/media\/104162"}],"wp:attachment":[{"href":"https:\/\/logistiikkakeskus.net\/kauppa\/wp-json\/wp\/v2\/media?parent=75743"}],"wp:term":[{"taxonomy":"product_brand","embeddable":true,"href":"https:\/\/logistiikkakeskus.net\/kauppa\/wp-json\/wp\/v2\/product_brand?post=75743"},{"taxonomy":"product_cat","embeddable":true,"href":"https:\/\/logistiikkakeskus.net\/kauppa\/wp-json\/wp\/v2\/product_cat?post=75743"},{"taxonomy":"product_tag","embeddable":true,"href":"https:\/\/logistiikkakeskus.net\/kauppa\/wp-json\/wp\/v2\/product_tag?post=75743"}],"curies":[{"name":"wp","href":"https:\/\/api.w.org\/{rel}","templated":true}]}}