{"id":75686,"date":"2022-12-01T09:43:46","date_gmt":"2022-12-01T09:43:46","guid":{"rendered":"https:\/\/logistiikkakeskus.net\/kauppa\/tuote\/suojalasit-vahvuuksilla-pegaso-wf-2\/"},"modified":"2026-01-20T09:19:29","modified_gmt":"2026-01-20T07:19:29","slug":"suojalasit-vahvuuksilla-pegaso-wf-2","status":"publish","type":"product","link":"https:\/\/logistiikkakeskus.net\/kauppa\/tuote\/suojalasit-vahvuuksilla-pegaso-wf-2\/","title":{"rendered":"Suojalasit vahvuuksilla Pegaso W&#038;F, +2"},"content":{"rendered":"<h2>Pegaso Work &#038; Fun -suojalasit, +2<\/h2>\n<p>Suojalasit ik\u00e4n\u00e4k\u00f6korjauksella +1 &#8211; +3 diopteria 0,5 diopterinv\u00e4lein, yksiteho.<\/p>\n<ul>\n<li>Mukana kaulanauha ja suojapussi\n<li>Kukin voimakkuus v\u00e4rikoodattu<\/ul>\n<p><i>hakusanat: suojalasit, ty\u00f6lasit, silm\u00e4lasit,turvavarusteet<\/i><\/p>\n","protected":false},"excerpt":{"rendered":"<p>Pegaso Work &#038; Fun -suojalasit, +2 Suojalasit ik\u00e4n\u00e4k\u00f6korjauksella +1 &#8211; +3 diopteria 0,5 diopterinv\u00e4lein, yksiteho. Mukana kaulanauha ja suojapussi Kukin voimakkuus v\u00e4rikoodattu hakusanat: suojalasit, ty\u00f6lasit, silm\u00e4lasit,turvavarusteet<\/p>\n","protected":false},"featured_media":104146,"comment_status":"open","ping_status":"closed","template":"","meta":[],"product_brand":[],"product_cat":[3374],"product_tag":[],"class_list":{"0":"post-75686","1":"product","2":"type-product","3":"status-publish","4":"has-post-thumbnail","6":"product_cat-henkilonsuojaimet-ja-tyoturvallisuus-henkilonsuojaimet-suojalasit-ja-kasvosuojaimet","8":"first","9":"instock","10":"shipping-taxable","11":"purchasable","12":"product-type-simple"},"_links":{"self":[{"href":"https:\/\/logistiikkakeskus.net\/kauppa\/wp-json\/wp\/v2\/product\/75686","targetHints":{"allow":["GET"]}}],"collection":[{"href":"https:\/\/logistiikkakeskus.net\/kauppa\/wp-json\/wp\/v2\/product"}],"about":[{"href":"https:\/\/logistiikkakeskus.net\/kauppa\/wp-json\/wp\/v2\/types\/product"}],"replies":[{"embeddable":true,"href":"https:\/\/logistiikkakeskus.net\/kauppa\/wp-json\/wp\/v2\/comments?post=75686"}],"wp:featuredmedia":[{"embeddable":true,"href":"https:\/\/logistiikkakeskus.net\/kauppa\/wp-json\/wp\/v2\/media\/104146"}],"wp:attachment":[{"href":"https:\/\/logistiikkakeskus.net\/kauppa\/wp-json\/wp\/v2\/media?parent=75686"}],"wp:term":[{"taxonomy":"product_brand","embeddable":true,"href":"https:\/\/logistiikkakeskus.net\/kauppa\/wp-json\/wp\/v2\/product_brand?post=75686"},{"taxonomy":"product_cat","embeddable":true,"href":"https:\/\/logistiikkakeskus.net\/kauppa\/wp-json\/wp\/v2\/product_cat?post=75686"},{"taxonomy":"product_tag","embeddable":true,"href":"https:\/\/logistiikkakeskus.net\/kauppa\/wp-json\/wp\/v2\/product_tag?post=75686"}],"curies":[{"name":"wp","href":"https:\/\/api.w.org\/{rel}","templated":true}]}}