{"id":75678,"date":"2022-12-01T09:43:43","date_gmt":"2022-12-01T09:43:43","guid":{"rendered":"https:\/\/logistiikkakeskus.net\/kauppa\/tuote\/painesumutin-ik-15-1-l\/"},"modified":"2026-01-20T09:19:28","modified_gmt":"2026-01-20T07:19:28","slug":"painesumutin-ik-15-1-l","status":"publish","type":"product","link":"https:\/\/logistiikkakeskus.net\/kauppa\/tuote\/painesumutin-ik-15-1-l\/","title":{"rendered":"Painesumutin IK 1,5, 1 L"},"content":{"rendered":"<p>MatalapaineruiskuPieni ja n\u00e4pp\u00e4r\u00e4 paineruisku, joka kest\u00e4\u00e4 voimakkaiden liuottimienlevityksen. Suuri t\u00e4ytt\u00f6aukko.Varustus: Viton-tiivisteet, varoventtiili, helppopaineenpoistomahdollisuus, s\u00e4\u00e4dett\u00e4v\u00e4 sumusuutinT\u00e4ytt\u00f6tilavuus: 1 litraHakusanat: sumutinpullo, k\u00e4siruisku, painepullo<\/p>\n","protected":false},"excerpt":{"rendered":"<p>MatalapaineruiskuPieni ja n\u00e4pp\u00e4r\u00e4 paineruisku, joka kest\u00e4\u00e4 voimakkaiden liuottimienlevityksen. Suuri t\u00e4ytt\u00f6aukko.Varustus: Viton-tiivisteet, varoventtiili, helppopaineenpoistomahdollisuus, s\u00e4\u00e4dett\u00e4v\u00e4 sumusuutinT\u00e4ytt\u00f6tilavuus: 1 litraHakusanat: sumutinpullo, k\u00e4siruisku, painepullo<\/p>\n","protected":false},"featured_media":104142,"comment_status":"open","ping_status":"closed","template":"","meta":[],"product_brand":[],"product_cat":[3362],"product_tag":[],"class_list":{"0":"post-75678","1":"product","2":"type-product","3":"status-publish","4":"has-post-thumbnail","6":"product_cat-tyokalut-puutarhatyokalut-muut-puutarhatyokalut","8":"first","9":"instock","10":"shipping-taxable","11":"purchasable","12":"product-type-simple"},"_links":{"self":[{"href":"https:\/\/logistiikkakeskus.net\/kauppa\/wp-json\/wp\/v2\/product\/75678","targetHints":{"allow":["GET"]}}],"collection":[{"href":"https:\/\/logistiikkakeskus.net\/kauppa\/wp-json\/wp\/v2\/product"}],"about":[{"href":"https:\/\/logistiikkakeskus.net\/kauppa\/wp-json\/wp\/v2\/types\/product"}],"replies":[{"embeddable":true,"href":"https:\/\/logistiikkakeskus.net\/kauppa\/wp-json\/wp\/v2\/comments?post=75678"}],"wp:featuredmedia":[{"embeddable":true,"href":"https:\/\/logistiikkakeskus.net\/kauppa\/wp-json\/wp\/v2\/media\/104142"}],"wp:attachment":[{"href":"https:\/\/logistiikkakeskus.net\/kauppa\/wp-json\/wp\/v2\/media?parent=75678"}],"wp:term":[{"taxonomy":"product_brand","embeddable":true,"href":"https:\/\/logistiikkakeskus.net\/kauppa\/wp-json\/wp\/v2\/product_brand?post=75678"},{"taxonomy":"product_cat","embeddable":true,"href":"https:\/\/logistiikkakeskus.net\/kauppa\/wp-json\/wp\/v2\/product_cat?post=75678"},{"taxonomy":"product_tag","embeddable":true,"href":"https:\/\/logistiikkakeskus.net\/kauppa\/wp-json\/wp\/v2\/product_tag?post=75678"}],"curies":[{"name":"wp","href":"https:\/\/api.w.org\/{rel}","templated":true}]}}