{"id":75674,"date":"2022-12-01T09:43:42","date_gmt":"2022-12-01T09:43:42","guid":{"rendered":"https:\/\/logistiikkakeskus.net\/kauppa\/tuote\/paineruisku-goizper-ik6-6-l\/"},"modified":"2026-01-20T09:19:28","modified_gmt":"2026-01-20T07:19:28","slug":"paineruisku-goizper-ik6-6-l","status":"publish","type":"product","link":"https:\/\/logistiikkakeskus.net\/kauppa\/tuote\/paineruisku-goizper-ik6-6-l\/","title":{"rendered":"Paineruisku Goizper IK6, 6 L"},"content":{"rendered":"<p>Paineruisku 6 L.Kaikki osat kest\u00e4v\u00e4t useimpia happoja ja liuottimia, kuten my\u00f6skemiallisia puhdistusaineita, joita k\u00e4ytet\u00e4\u00e4n teollisuudessa,autojenpesussa, sek\u00e4 ammatillisessa puhdistuksessa.Varustus:3 Bar varoventtiiliVahva l\u00e4pikuultava s\u00e4ili\u00f6 t\u00e4yt\u00f6nilmaisimellaSuppilo tankissaLaukaisin metallisella painikkeellaSuodatin suihkuputkessaLetkun saa s\u00e4ili\u00f6n ymp\u00e4ri varastoidessaKahva ja olkap\u00e4\u00e4hihnaPakkauksessa mukana s\u00e4\u00e4dett\u00e4v\u00e4 sumusuutin, viuhkasuutin, sek\u00e4ylim\u00e4\u00e4r\u00e4inen letku hapolle.Hakusanat: painesumutin, s\u00e4ili\u00f6ruisku, puutarharuisku<\/p>\n","protected":false},"excerpt":{"rendered":"<p>Paineruisku 6 L.Kaikki osat kest\u00e4v\u00e4t useimpia happoja ja liuottimia, kuten my\u00f6skemiallisia puhdistusaineita, joita k\u00e4ytet\u00e4\u00e4n teollisuudessa,autojenpesussa, sek\u00e4 ammatillisessa puhdistuksessa.Varustus:3 Bar varoventtiiliVahva l\u00e4pikuultava s\u00e4ili\u00f6 t\u00e4yt\u00f6nilmaisimellaSuppilo tankissaLaukaisin metallisella painikkeellaSuodatin suihkuputkessaLetkun saa s\u00e4ili\u00f6n ymp\u00e4ri varastoidessaKahva ja olkap\u00e4\u00e4hihnaPakkauksessa mukana s\u00e4\u00e4dett\u00e4v\u00e4 sumusuutin, viuhkasuutin, sek\u00e4ylim\u00e4\u00e4r\u00e4inen letku hapolle.Hakusanat: painesumutin, s\u00e4ili\u00f6ruisku, puutarharuisku<\/p>\n","protected":false},"featured_media":104140,"comment_status":"open","ping_status":"closed","template":"","meta":[],"product_brand":[],"product_cat":[3362],"product_tag":[],"class_list":{"0":"post-75674","1":"product","2":"type-product","3":"status-publish","4":"has-post-thumbnail","6":"product_cat-tyokalut-puutarhatyokalut-muut-puutarhatyokalut","8":"first","9":"instock","10":"shipping-taxable","11":"purchasable","12":"product-type-simple"},"_links":{"self":[{"href":"https:\/\/logistiikkakeskus.net\/kauppa\/wp-json\/wp\/v2\/product\/75674","targetHints":{"allow":["GET"]}}],"collection":[{"href":"https:\/\/logistiikkakeskus.net\/kauppa\/wp-json\/wp\/v2\/product"}],"about":[{"href":"https:\/\/logistiikkakeskus.net\/kauppa\/wp-json\/wp\/v2\/types\/product"}],"replies":[{"embeddable":true,"href":"https:\/\/logistiikkakeskus.net\/kauppa\/wp-json\/wp\/v2\/comments?post=75674"}],"wp:featuredmedia":[{"embeddable":true,"href":"https:\/\/logistiikkakeskus.net\/kauppa\/wp-json\/wp\/v2\/media\/104140"}],"wp:attachment":[{"href":"https:\/\/logistiikkakeskus.net\/kauppa\/wp-json\/wp\/v2\/media?parent=75674"}],"wp:term":[{"taxonomy":"product_brand","embeddable":true,"href":"https:\/\/logistiikkakeskus.net\/kauppa\/wp-json\/wp\/v2\/product_brand?post=75674"},{"taxonomy":"product_cat","embeddable":true,"href":"https:\/\/logistiikkakeskus.net\/kauppa\/wp-json\/wp\/v2\/product_cat?post=75674"},{"taxonomy":"product_tag","embeddable":true,"href":"https:\/\/logistiikkakeskus.net\/kauppa\/wp-json\/wp\/v2\/product_tag?post=75674"}],"curies":[{"name":"wp","href":"https:\/\/api.w.org\/{rel}","templated":true}]}}