{"id":75529,"date":"2022-12-01T09:42:52","date_gmt":"2022-12-01T09:42:52","guid":{"rendered":"https:\/\/logistiikkakeskus.net\/kauppa\/tuote\/nestekaasupullo-kuori-2-kg-pv-teras\/"},"modified":"2026-01-20T09:19:25","modified_gmt":"2026-01-20T07:19:25","slug":"nestekaasupullo-kuori-2-kg-pv-teras","status":"publish","type":"product","link":"https:\/\/logistiikkakeskus.net\/kauppa\/tuote\/nestekaasupullo-kuori-2-kg-pv-teras\/","title":{"rendered":"Nestekaasupullo kuori 2 kg PV ter\u00e4s"},"content":{"rendered":"<p>Nestekaasupullo kuori 2 kg PV ter\u00e4sTer\u00e4spullo painoventtiilill\u00e4 (ei sis\u00e4ll\u00e4 kaasua).Korkeus: 315mm, Korkeus venttiilin kanssa: 400mm, Halkaisija: 200mm,Kuoren paino: 4kgJos teill\u00e4 ei ole tyhj\u00e4\u00e4 kaasupulloa, ja haluatte tilata t\u00e4yden pullon,tilatkaa sek\u00e4 kuori, ett\u00e4 t\u00e4ytt\u00f6. Kuori j\u00e4\u00e4 teid\u00e4n omaksi.Jos haluatte vaihtaa tyhj\u00e4n pullon t\u00e4yteen, tilatkaapelkk\u00e4 kaasupullon t\u00e4ytt\u00f6.<\/p>\n","protected":false},"excerpt":{"rendered":"<p>Nestekaasupullo kuori 2 kg PV ter\u00e4sTer\u00e4spullo painoventtiilill\u00e4 (ei sis\u00e4ll\u00e4 kaasua).Korkeus: 315mm, Korkeus venttiilin kanssa: 400mm, Halkaisija: 200mm,Kuoren paino: 4kgJos teill\u00e4 ei ole tyhj\u00e4\u00e4 kaasupulloa, ja haluatte tilata t\u00e4yden pullon,tilatkaa sek\u00e4 kuori, ett\u00e4 t\u00e4ytt\u00f6. Kuori j\u00e4\u00e4 teid\u00e4n omaksi.Jos haluatte vaihtaa tyhj\u00e4n pullon t\u00e4yteen, tilatkaapelkk\u00e4 kaasupullon t\u00e4ytt\u00f6.<\/p>\n","protected":false},"featured_media":104106,"comment_status":"open","ping_status":"closed","template":"","meta":[],"product_brand":[],"product_cat":[3367],"product_tag":[],"class_list":{"0":"post-75529","1":"product","2":"type-product","3":"status-publish","4":"has-post-thumbnail","6":"product_cat-kemikaalit-kaasut-nestekaasu","8":"first","9":"instock","10":"shipping-taxable","11":"purchasable","12":"product-type-simple"},"_links":{"self":[{"href":"https:\/\/logistiikkakeskus.net\/kauppa\/wp-json\/wp\/v2\/product\/75529","targetHints":{"allow":["GET"]}}],"collection":[{"href":"https:\/\/logistiikkakeskus.net\/kauppa\/wp-json\/wp\/v2\/product"}],"about":[{"href":"https:\/\/logistiikkakeskus.net\/kauppa\/wp-json\/wp\/v2\/types\/product"}],"replies":[{"embeddable":true,"href":"https:\/\/logistiikkakeskus.net\/kauppa\/wp-json\/wp\/v2\/comments?post=75529"}],"wp:featuredmedia":[{"embeddable":true,"href":"https:\/\/logistiikkakeskus.net\/kauppa\/wp-json\/wp\/v2\/media\/104106"}],"wp:attachment":[{"href":"https:\/\/logistiikkakeskus.net\/kauppa\/wp-json\/wp\/v2\/media?parent=75529"}],"wp:term":[{"taxonomy":"product_brand","embeddable":true,"href":"https:\/\/logistiikkakeskus.net\/kauppa\/wp-json\/wp\/v2\/product_brand?post=75529"},{"taxonomy":"product_cat","embeddable":true,"href":"https:\/\/logistiikkakeskus.net\/kauppa\/wp-json\/wp\/v2\/product_cat?post=75529"},{"taxonomy":"product_tag","embeddable":true,"href":"https:\/\/logistiikkakeskus.net\/kauppa\/wp-json\/wp\/v2\/product_tag?post=75529"}],"curies":[{"name":"wp","href":"https:\/\/api.w.org\/{rel}","templated":true}]}}