{"id":75527,"date":"2022-12-01T09:42:52","date_gmt":"2022-12-01T09:42:52","guid":{"rendered":"https:\/\/logistiikkakeskus.net\/kauppa\/tuote\/nestekaasupullo-kuori-33-kg-kv-teras\/"},"modified":"2026-01-20T09:19:25","modified_gmt":"2026-01-20T07:19:25","slug":"nestekaasupullo-kuori-33-kg-kv-teras","status":"publish","type":"product","link":"https:\/\/logistiikkakeskus.net\/kauppa\/tuote\/nestekaasupullo-kuori-33-kg-kv-teras\/","title":{"rendered":"Nestekaasupullo kuori 33 kg KV ter\u00e4s"},"content":{"rendered":"<p>Ter\u00e4spullo kierreventtiilill\u00e4 33 kg (ei sis\u00e4ll\u00e4 kaasua).Korkeus: 1300mm, Halkaisija: 320mm, Kuoren paino: 33-37kg Jos teill\u00e4 eiole tyhj\u00e4\u00e4 kaasupulloa, ja haluatte tilata t\u00e4yden pullon,tilatkaa sek\u00e4 kuori, ett\u00e4 t\u00e4ytt\u00f6. Kuori j\u00e4\u00e4 teid\u00e4n omaksi. Jos haluattevaihtaa tyhj\u00e4n pullon t\u00e4yteen, tilatkaa pelkk\u00e4 kaasupullon t\u00e4ytt\u00f6.<\/p>\n","protected":false},"excerpt":{"rendered":"<p>Ter\u00e4spullo kierreventtiilill\u00e4 33 kg (ei sis\u00e4ll\u00e4 kaasua).Korkeus: 1300mm, Halkaisija: 320mm, Kuoren paino: 33-37kg Jos teill\u00e4 eiole tyhj\u00e4\u00e4 kaasupulloa, ja haluatte tilata t\u00e4yden pullon,tilatkaa sek\u00e4 kuori, ett\u00e4 t\u00e4ytt\u00f6. Kuori j\u00e4\u00e4 teid\u00e4n omaksi. Jos haluattevaihtaa tyhj\u00e4n pullon t\u00e4yteen, tilatkaa pelkk\u00e4 kaasupullon t\u00e4ytt\u00f6.<\/p>\n","protected":false},"featured_media":104105,"comment_status":"open","ping_status":"closed","template":"","meta":[],"product_brand":[],"product_cat":[3367],"product_tag":[],"class_list":{"0":"post-75527","1":"product","2":"type-product","3":"status-publish","4":"has-post-thumbnail","6":"product_cat-kemikaalit-kaasut-nestekaasu","8":"first","9":"instock","10":"shipping-taxable","11":"purchasable","12":"product-type-simple"},"_links":{"self":[{"href":"https:\/\/logistiikkakeskus.net\/kauppa\/wp-json\/wp\/v2\/product\/75527","targetHints":{"allow":["GET"]}}],"collection":[{"href":"https:\/\/logistiikkakeskus.net\/kauppa\/wp-json\/wp\/v2\/product"}],"about":[{"href":"https:\/\/logistiikkakeskus.net\/kauppa\/wp-json\/wp\/v2\/types\/product"}],"replies":[{"embeddable":true,"href":"https:\/\/logistiikkakeskus.net\/kauppa\/wp-json\/wp\/v2\/comments?post=75527"}],"wp:featuredmedia":[{"embeddable":true,"href":"https:\/\/logistiikkakeskus.net\/kauppa\/wp-json\/wp\/v2\/media\/104105"}],"wp:attachment":[{"href":"https:\/\/logistiikkakeskus.net\/kauppa\/wp-json\/wp\/v2\/media?parent=75527"}],"wp:term":[{"taxonomy":"product_brand","embeddable":true,"href":"https:\/\/logistiikkakeskus.net\/kauppa\/wp-json\/wp\/v2\/product_brand?post=75527"},{"taxonomy":"product_cat","embeddable":true,"href":"https:\/\/logistiikkakeskus.net\/kauppa\/wp-json\/wp\/v2\/product_cat?post=75527"},{"taxonomy":"product_tag","embeddable":true,"href":"https:\/\/logistiikkakeskus.net\/kauppa\/wp-json\/wp\/v2\/product_tag?post=75527"}],"curies":[{"name":"wp","href":"https:\/\/api.w.org\/{rel}","templated":true}]}}