{"id":75503,"date":"2022-12-01T09:42:44","date_gmt":"2022-12-01T09:42:44","guid":{"rendered":"https:\/\/logistiikkakeskus.net\/kauppa\/tuote\/talvikasine-tegera-296-8m\/"},"modified":"2026-01-20T09:19:25","modified_gmt":"2026-01-20T07:19:25","slug":"talvikasine-tegera-296-8m","status":"publish","type":"product","link":"https:\/\/logistiikkakeskus.net\/kauppa\/tuote\/talvikasine-tegera-296-8m\/","title":{"rendered":"Talvik\u00e4sine Etra Snow Grip, 8\/M"},"content":{"rendered":"<p>Pukinahkaa, turkisvuori ja vedenpit\u00e4v\u00e4 talvik\u00e4sine.Talvik\u00e4sine kylmiin ja m\u00e4rkiin olosuhteisiin.K\u00e4mmen kest\u00e4v\u00e4\u00e4 ja pehme\u00e4\u00e4 pukinnahkaa. Tuulen- ja vedenpit\u00e4v\u00e4 kalvo.Heijastinkuviointi k\u00e4mmensel\u00e4ss\u00e4 sek\u00e4 k\u00e4sineen varressa.Vuorimateriaali 3M Thinsulate ja varressa miellytt\u00e4v\u00e4 keinoturkisMyyntier\u00e4 1 pr (6 pr\/ pkt).Hakusanat: talvihanska, nahkahanska<\/p>\n","protected":false},"excerpt":{"rendered":"<p>Pukinahkaa, turkisvuori ja vedenpit\u00e4v\u00e4 talvik\u00e4sine.Talvik\u00e4sine kylmiin ja m\u00e4rkiin olosuhteisiin.K\u00e4mmen kest\u00e4v\u00e4\u00e4 ja pehme\u00e4\u00e4 pukinnahkaa. Tuulen- ja vedenpit\u00e4v\u00e4 kalvo.Heijastinkuviointi k\u00e4mmensel\u00e4ss\u00e4 sek\u00e4 k\u00e4sineen varressa.Vuorimateriaali 3M Thinsulate ja varressa miellytt\u00e4v\u00e4 keinoturkisMyyntier\u00e4 1 pr (6 pr\/ pkt).Hakusanat: talvihanska, nahkahanska<\/p>\n","protected":false},"featured_media":104093,"comment_status":"open","ping_status":"closed","template":"","meta":[],"product_brand":[],"product_cat":[3383],"product_tag":[],"class_list":{"0":"post-75503","1":"product","2":"type-product","3":"status-publish","4":"has-post-thumbnail","6":"product_cat-henkilonsuojaimet-ja-tyoturvallisuus-henkilonsuojaimet-kasineet","8":"first","9":"instock","10":"shipping-taxable","11":"purchasable","12":"product-type-simple"},"_links":{"self":[{"href":"https:\/\/logistiikkakeskus.net\/kauppa\/wp-json\/wp\/v2\/product\/75503","targetHints":{"allow":["GET"]}}],"collection":[{"href":"https:\/\/logistiikkakeskus.net\/kauppa\/wp-json\/wp\/v2\/product"}],"about":[{"href":"https:\/\/logistiikkakeskus.net\/kauppa\/wp-json\/wp\/v2\/types\/product"}],"replies":[{"embeddable":true,"href":"https:\/\/logistiikkakeskus.net\/kauppa\/wp-json\/wp\/v2\/comments?post=75503"}],"wp:featuredmedia":[{"embeddable":true,"href":"https:\/\/logistiikkakeskus.net\/kauppa\/wp-json\/wp\/v2\/media\/104093"}],"wp:attachment":[{"href":"https:\/\/logistiikkakeskus.net\/kauppa\/wp-json\/wp\/v2\/media?parent=75503"}],"wp:term":[{"taxonomy":"product_brand","embeddable":true,"href":"https:\/\/logistiikkakeskus.net\/kauppa\/wp-json\/wp\/v2\/product_brand?post=75503"},{"taxonomy":"product_cat","embeddable":true,"href":"https:\/\/logistiikkakeskus.net\/kauppa\/wp-json\/wp\/v2\/product_cat?post=75503"},{"taxonomy":"product_tag","embeddable":true,"href":"https:\/\/logistiikkakeskus.net\/kauppa\/wp-json\/wp\/v2\/product_tag?post=75503"}],"curies":[{"name":"wp","href":"https:\/\/api.w.org\/{rel}","templated":true}]}}