{"id":75495,"date":"2022-12-01T09:42:41","date_gmt":"2022-12-01T09:42:41","guid":{"rendered":"https:\/\/logistiikkakeskus.net\/kauppa\/tuote\/nitriilikasine-tegera-747-9\/"},"modified":"2026-01-20T09:19:24","modified_gmt":"2026-01-20T07:19:24","slug":"nitriilikasine-tegera-747-9","status":"publish","type":"product","link":"https:\/\/logistiikkakeskus.net\/kauppa\/tuote\/nitriilikasine-tegera-747-9\/","title":{"rendered":"Nitriilik\u00e4sine Honeywell T4700, 9"},"content":{"rendered":"<p>Synteettinen k\u00e4sine t\u00e4yspinnoitettua nitriili\u00e4. Vett\u00e4 ja \u00f6ljy\u00e4 hylkiv\u00e4\u00e4.ENSISIJAISET K\u00c4YTT\u00d6YMP\u00c4RIST\u00d6T: \u00d6ljyiset ja rasvaiset ymp\u00e4rist\u00f6t,likaiset ymp\u00e4rist\u00f6t, m\u00e4r\u00e4t ymp\u00e4rist\u00f6t, kosteat ymp\u00e4rist\u00f6t. Myyntier\u00e4 1pr (12 pr\/pkt). Hakusanat: ty\u00f6k\u00e4sine, kumisormikas, ty\u00f6hanska,puutarhak\u00e4sine<\/p>\n","protected":false},"excerpt":{"rendered":"<p>Synteettinen k\u00e4sine t\u00e4yspinnoitettua nitriili\u00e4. Vett\u00e4 ja \u00f6ljy\u00e4 hylkiv\u00e4\u00e4.ENSISIJAISET K\u00c4YTT\u00d6YMP\u00c4RIST\u00d6T: \u00d6ljyiset ja rasvaiset ymp\u00e4rist\u00f6t,likaiset ymp\u00e4rist\u00f6t, m\u00e4r\u00e4t ymp\u00e4rist\u00f6t, kosteat ymp\u00e4rist\u00f6t. Myyntier\u00e4 1pr (12 pr\/pkt). Hakusanat: ty\u00f6k\u00e4sine, kumisormikas, ty\u00f6hanska,puutarhak\u00e4sine<\/p>\n","protected":false},"featured_media":104091,"comment_status":"open","ping_status":"closed","template":"","meta":[],"product_brand":[],"product_cat":[3383],"product_tag":[],"class_list":{"0":"post-75495","1":"product","2":"type-product","3":"status-publish","4":"has-post-thumbnail","6":"product_cat-henkilonsuojaimet-ja-tyoturvallisuus-henkilonsuojaimet-kasineet","8":"first","9":"instock","10":"shipping-taxable","11":"purchasable","12":"product-type-simple"},"_links":{"self":[{"href":"https:\/\/logistiikkakeskus.net\/kauppa\/wp-json\/wp\/v2\/product\/75495","targetHints":{"allow":["GET"]}}],"collection":[{"href":"https:\/\/logistiikkakeskus.net\/kauppa\/wp-json\/wp\/v2\/product"}],"about":[{"href":"https:\/\/logistiikkakeskus.net\/kauppa\/wp-json\/wp\/v2\/types\/product"}],"replies":[{"embeddable":true,"href":"https:\/\/logistiikkakeskus.net\/kauppa\/wp-json\/wp\/v2\/comments?post=75495"}],"wp:featuredmedia":[{"embeddable":true,"href":"https:\/\/logistiikkakeskus.net\/kauppa\/wp-json\/wp\/v2\/media\/104091"}],"wp:attachment":[{"href":"https:\/\/logistiikkakeskus.net\/kauppa\/wp-json\/wp\/v2\/media?parent=75495"}],"wp:term":[{"taxonomy":"product_brand","embeddable":true,"href":"https:\/\/logistiikkakeskus.net\/kauppa\/wp-json\/wp\/v2\/product_brand?post=75495"},{"taxonomy":"product_cat","embeddable":true,"href":"https:\/\/logistiikkakeskus.net\/kauppa\/wp-json\/wp\/v2\/product_cat?post=75495"},{"taxonomy":"product_tag","embeddable":true,"href":"https:\/\/logistiikkakeskus.net\/kauppa\/wp-json\/wp\/v2\/product_tag?post=75495"}],"curies":[{"name":"wp","href":"https:\/\/api.w.org\/{rel}","templated":true}]}}