{"id":75487,"date":"2022-12-01T09:42:39","date_gmt":"2022-12-01T09:42:39","guid":{"rendered":"https:\/\/logistiikkakeskus.net\/kauppa\/tuote\/nitriilisormikas-pitkav-ansell-37-185-8\/"},"modified":"2026-01-20T09:19:23","modified_gmt":"2026-01-20T07:19:23","slug":"nitriilisormikas-pitkav-ansell-37-185-8","status":"publish","type":"product","link":"https:\/\/logistiikkakeskus.net\/kauppa\/tuote\/nitriilisormikas-pitkav-ansell-37-185-8\/","title":{"rendered":"Nitriilisormikas pitk\u00e4v.ANSELL 37-185, 8"},"content":{"rendered":"<p>Vahva kemikaalinkestok\u00e4sine kyyn\u00e4rp\u00e4\u00e4h\u00e4n ulottuvalla rannekkeella.Vihre\u00e4 nitriilik\u00e4sine, karhennettu k\u00e4mmen, nukaton sis\u00e4pinta. Tehokassuoja useita liuottimia, \u00f6ljyj\u00e4 ja rasvoja vastaan. Pituus: 455 mm.Paksuus: 0,56 mm. CE &#8211; kategoria III. Hyv\u00e4ksytty elintarviketeollisuudenk\u00e4ytt\u00f6\u00f6n EN 1935\/2004 mukaisesti. Myyntier\u00e4 1 pr (12 pr\/pss).<\/p>\n","protected":false},"excerpt":{"rendered":"<p>Vahva kemikaalinkestok\u00e4sine kyyn\u00e4rp\u00e4\u00e4h\u00e4n ulottuvalla rannekkeella.Vihre\u00e4 nitriilik\u00e4sine, karhennettu k\u00e4mmen, nukaton sis\u00e4pinta. Tehokassuoja useita liuottimia, \u00f6ljyj\u00e4 ja rasvoja vastaan. Pituus: 455 mm.Paksuus: 0,56 mm. CE &#8211; kategoria III. Hyv\u00e4ksytty elintarviketeollisuudenk\u00e4ytt\u00f6\u00f6n EN 1935\/2004 mukaisesti. Myyntier\u00e4 1 pr (12 pr\/pss).<\/p>\n","protected":false},"featured_media":104085,"comment_status":"open","ping_status":"closed","template":"","meta":[],"product_brand":[],"product_cat":[3383],"product_tag":[],"class_list":{"0":"post-75487","1":"product","2":"type-product","3":"status-publish","4":"has-post-thumbnail","6":"product_cat-henkilonsuojaimet-ja-tyoturvallisuus-henkilonsuojaimet-kasineet","8":"first","9":"instock","10":"shipping-taxable","11":"purchasable","12":"product-type-simple"},"_links":{"self":[{"href":"https:\/\/logistiikkakeskus.net\/kauppa\/wp-json\/wp\/v2\/product\/75487","targetHints":{"allow":["GET"]}}],"collection":[{"href":"https:\/\/logistiikkakeskus.net\/kauppa\/wp-json\/wp\/v2\/product"}],"about":[{"href":"https:\/\/logistiikkakeskus.net\/kauppa\/wp-json\/wp\/v2\/types\/product"}],"replies":[{"embeddable":true,"href":"https:\/\/logistiikkakeskus.net\/kauppa\/wp-json\/wp\/v2\/comments?post=75487"}],"wp:featuredmedia":[{"embeddable":true,"href":"https:\/\/logistiikkakeskus.net\/kauppa\/wp-json\/wp\/v2\/media\/104085"}],"wp:attachment":[{"href":"https:\/\/logistiikkakeskus.net\/kauppa\/wp-json\/wp\/v2\/media?parent=75487"}],"wp:term":[{"taxonomy":"product_brand","embeddable":true,"href":"https:\/\/logistiikkakeskus.net\/kauppa\/wp-json\/wp\/v2\/product_brand?post=75487"},{"taxonomy":"product_cat","embeddable":true,"href":"https:\/\/logistiikkakeskus.net\/kauppa\/wp-json\/wp\/v2\/product_cat?post=75487"},{"taxonomy":"product_tag","embeddable":true,"href":"https:\/\/logistiikkakeskus.net\/kauppa\/wp-json\/wp\/v2\/product_tag?post=75487"}],"curies":[{"name":"wp","href":"https:\/\/api.w.org\/{rel}","templated":true}]}}