{"id":75430,"date":"2022-12-01T09:42:15","date_gmt":"2022-12-01T09:42:15","guid":{"rendered":"https:\/\/logistiikkakeskus.net\/kauppa\/tuote\/tyohousut-musta-stara-c46\/"},"modified":"2026-01-20T09:19:22","modified_gmt":"2026-01-20T07:19:22","slug":"tyohousut-musta-stara-c46","status":"publish","type":"product","link":"https:\/\/logistiikkakeskus.net\/kauppa\/tuote\/tyohousut-musta-stara-c46\/","title":{"rendered":"Ty\u00f6housut musta Stara C46"},"content":{"rendered":"<p>TILAUSTUOTE.TUOTEELLA NORMAALIA PIDEMPI TOIMITUSAIKA.Joustavat housut kuuluvat No-Scratch-tuotesarjaan, jossa metalliosat onpeitettyja suojattu hyvin, mik\u00e4 est\u00e4\u00e4 herkkien pintojen naarmuuntumisen riski\u00e4.Joustava kangas pakaran, etu-, haara- ja takaosan p\u00e4\u00e4lle takaavateritt\u00e4in hyv\u00e4n liikkuvuuden, mukavuuden ja ilmavuuden.Joustavuuden ja kapeamman istuvuuden avulla luodaan tiukemmat housut.Ennalta taivutetut polvet lis\u00e4\u00e4v\u00e4t istuvuutta ja joustavuutta.Corduralla vahvistetut roikkuvat taskut ja polvitaskut.Taitettava 5 cm: ll\u00e4.Taskut ja pidike: Kaksi irrotettavaa ripustustaskua tarrakiinnityksell\u00e4.Kaksi etutaskua. Upotetut postitaskut takana. Oikea jalkatasku peukalo-ja kynataskuilla. Jalkatasku, jossa ulkoisesti kulmikas puhelutasku,magneettinen lukko. Sis\u00e4iset polvisuojataskut kahdessa korkeusasennossa.Materiaali ja paino: 65% polyesteri, 35% puuvilla. 240 g\/m\u00b2.<\/p>\n","protected":false},"excerpt":{"rendered":"<p>TILAUSTUOTE.TUOTEELLA NORMAALIA PIDEMPI TOIMITUSAIKA.Joustavat housut kuuluvat No-Scratch-tuotesarjaan, jossa metalliosat onpeitettyja suojattu hyvin, mik\u00e4 est\u00e4\u00e4 herkkien pintojen naarmuuntumisen riski\u00e4.Joustava kangas pakaran, etu-, haara- ja takaosan p\u00e4\u00e4lle takaavateritt\u00e4in hyv\u00e4n liikkuvuuden, mukavuuden ja ilmavuuden.Joustavuuden ja kapeamman istuvuuden avulla luodaan tiukemmat housut.Ennalta taivutetut polvet lis\u00e4\u00e4v\u00e4t istuvuutta ja joustavuutta.Corduralla vahvistetut roikkuvat taskut ja polvitaskut.Taitettava 5 cm: ll\u00e4.Taskut ja pidike: Kaksi [&hellip;]<\/p>\n","protected":false},"featured_media":0,"comment_status":"open","ping_status":"closed","template":"","meta":[],"product_brand":[],"product_cat":[3412],"product_tag":[],"class_list":{"0":"post-75430","1":"product","2":"type-product","3":"status-publish","5":"product_cat-vaatteet-tyovaatteet-stara-kesavaatteet","7":"first","8":"instock","9":"shipping-taxable","10":"purchasable","11":"product-type-simple"},"_links":{"self":[{"href":"https:\/\/logistiikkakeskus.net\/kauppa\/wp-json\/wp\/v2\/product\/75430","targetHints":{"allow":["GET"]}}],"collection":[{"href":"https:\/\/logistiikkakeskus.net\/kauppa\/wp-json\/wp\/v2\/product"}],"about":[{"href":"https:\/\/logistiikkakeskus.net\/kauppa\/wp-json\/wp\/v2\/types\/product"}],"replies":[{"embeddable":true,"href":"https:\/\/logistiikkakeskus.net\/kauppa\/wp-json\/wp\/v2\/comments?post=75430"}],"wp:attachment":[{"href":"https:\/\/logistiikkakeskus.net\/kauppa\/wp-json\/wp\/v2\/media?parent=75430"}],"wp:term":[{"taxonomy":"product_brand","embeddable":true,"href":"https:\/\/logistiikkakeskus.net\/kauppa\/wp-json\/wp\/v2\/product_brand?post=75430"},{"taxonomy":"product_cat","embeddable":true,"href":"https:\/\/logistiikkakeskus.net\/kauppa\/wp-json\/wp\/v2\/product_cat?post=75430"},{"taxonomy":"product_tag","embeddable":true,"href":"https:\/\/logistiikkakeskus.net\/kauppa\/wp-json\/wp\/v2\/product_tag?post=75430"}],"curies":[{"name":"wp","href":"https:\/\/api.w.org\/{rel}","templated":true}]}}