{"id":75358,"date":"2022-12-01T09:41:45","date_gmt":"2022-12-01T09:41:45","guid":{"rendered":"https:\/\/logistiikkakeskus.net\/kauppa\/tuote\/talvikasine-guide-4146w-8\/"},"modified":"2026-01-20T09:19:19","modified_gmt":"2026-01-20T07:19:19","slug":"talvikasine-guide-4146w-8","status":"publish","type":"product","link":"https:\/\/logistiikkakeskus.net\/kauppa\/tuote\/talvikasine-guide-4146w-8\/","title":{"rendered":"Talvik\u00e4sine Guide 4146W, 8"},"content":{"rendered":"<p>Yhdistelm\u00e4 vahvaa nahkaa, joustavaa tekstiili\u00e4, l\u00e4mmitt\u00e4v\u00e4 vuori,tuulenpit\u00e4v\u00e4 ja vesitiivis kalvo tekev\u00e4t kaikki yhdess\u00e4 t\u00e4st\u00e4 k\u00e4sineest\u00e4mukavan k\u00e4ytt\u00e4\u00e4 kosteimpana ja kylmimp\u00e4n\u00e4 aikana. K\u00e4mmen ja etusormensek\u00e4 sormenp\u00e4iden vahvistukset on tehty pehme\u00e4st\u00e4 ja kest\u00e4v\u00e4st\u00e4vuohennahkasta ja koko k\u00e4sine on vuorattu mukavalla ja erist\u00e4v\u00e4ll\u00e4fleecemateriaalilla. P\u00e4\u00e4llinen on joustavaa synteettist\u00e4 materiaalia jarystysten p\u00e4\u00e4ll\u00e4 on vahvistukset. Avoranneke ergonomisella resorilla.K\u00e4sine on on helppo pukea ja riisua. K\u00e4sine sopii hyvin kosteisiin jakylmiin ymp\u00e4rist\u00f6ihin rakennus- ja timpurit\u00f6ihin. Myyntier\u00e4 1 pr (6pr\/pss). Hakusanat: ty\u00f6hanska, ty\u00f6k\u00e4sine, talvihanska<\/p>\n","protected":false},"excerpt":{"rendered":"<p>Yhdistelm\u00e4 vahvaa nahkaa, joustavaa tekstiili\u00e4, l\u00e4mmitt\u00e4v\u00e4 vuori,tuulenpit\u00e4v\u00e4 ja vesitiivis kalvo tekev\u00e4t kaikki yhdess\u00e4 t\u00e4st\u00e4 k\u00e4sineest\u00e4mukavan k\u00e4ytt\u00e4\u00e4 kosteimpana ja kylmimp\u00e4n\u00e4 aikana. K\u00e4mmen ja etusormensek\u00e4 sormenp\u00e4iden vahvistukset on tehty pehme\u00e4st\u00e4 ja kest\u00e4v\u00e4st\u00e4vuohennahkasta ja koko k\u00e4sine on vuorattu mukavalla ja erist\u00e4v\u00e4ll\u00e4fleecemateriaalilla. P\u00e4\u00e4llinen on joustavaa synteettist\u00e4 materiaalia jarystysten p\u00e4\u00e4ll\u00e4 on vahvistukset. Avoranneke ergonomisella resorilla.K\u00e4sine on on helppo pukea ja [&hellip;]<\/p>\n","protected":false},"featured_media":104062,"comment_status":"open","ping_status":"closed","template":"","meta":[],"product_brand":[],"product_cat":[3383],"product_tag":[],"class_list":{"0":"post-75358","1":"product","2":"type-product","3":"status-publish","4":"has-post-thumbnail","6":"product_cat-henkilonsuojaimet-ja-tyoturvallisuus-henkilonsuojaimet-kasineet","8":"first","9":"instock","10":"shipping-taxable","11":"purchasable","12":"product-type-simple"},"_links":{"self":[{"href":"https:\/\/logistiikkakeskus.net\/kauppa\/wp-json\/wp\/v2\/product\/75358","targetHints":{"allow":["GET"]}}],"collection":[{"href":"https:\/\/logistiikkakeskus.net\/kauppa\/wp-json\/wp\/v2\/product"}],"about":[{"href":"https:\/\/logistiikkakeskus.net\/kauppa\/wp-json\/wp\/v2\/types\/product"}],"replies":[{"embeddable":true,"href":"https:\/\/logistiikkakeskus.net\/kauppa\/wp-json\/wp\/v2\/comments?post=75358"}],"wp:featuredmedia":[{"embeddable":true,"href":"https:\/\/logistiikkakeskus.net\/kauppa\/wp-json\/wp\/v2\/media\/104062"}],"wp:attachment":[{"href":"https:\/\/logistiikkakeskus.net\/kauppa\/wp-json\/wp\/v2\/media?parent=75358"}],"wp:term":[{"taxonomy":"product_brand","embeddable":true,"href":"https:\/\/logistiikkakeskus.net\/kauppa\/wp-json\/wp\/v2\/product_brand?post=75358"},{"taxonomy":"product_cat","embeddable":true,"href":"https:\/\/logistiikkakeskus.net\/kauppa\/wp-json\/wp\/v2\/product_cat?post=75358"},{"taxonomy":"product_tag","embeddable":true,"href":"https:\/\/logistiikkakeskus.net\/kauppa\/wp-json\/wp\/v2\/product_tag?post=75358"}],"curies":[{"name":"wp","href":"https:\/\/api.w.org\/{rel}","templated":true}]}}