{"id":75340,"date":"2022-12-01T09:41:38","date_gmt":"2022-12-01T09:41:38","guid":{"rendered":"https:\/\/logistiikkakeskus.net\/kauppa\/tuote\/tyokasine-guide-159-koko-7\/"},"modified":"2025-03-25T14:43:36","modified_gmt":"2025-03-25T12:43:36","slug":"tyokasine-guide-159-koko-7","status":"publish","type":"product","link":"https:\/\/logistiikkakeskus.net\/kauppa\/tuote\/tyokasine-guide-159-koko-7\/","title":{"rendered":"Ty\u00f6k\u00e4sine Guide 159 koko 7"},"content":{"rendered":"<p>Ohut ja eritt\u00e4in notkea k\u00e4sine, jonka ote pit\u00e4\u00e4 \u00e4\u00e4rimm\u00e4isen hyvin.Kahteen kertaan kastettu k\u00e4sine on nestetiivis, ja uloimman kerroksenainutlaatuinen mikrohuokoinen pinta pit\u00e4\u00e4 \u00e4\u00e4rimm\u00e4isen hyvin sek\u00e4 m\u00e4rill\u00e4ett\u00e4 kuivilla pinnoilla. G13-neuloksen sek\u00e4 ergonomisen rakenteen japehme\u00e4n lateksin ansiosta eritt\u00e4in mukava k\u00e4sine, jossa hyv\u00e4sormituntuma. K\u00e4mmensel\u00e4n keltainen Hi-Vis-huomiov\u00e4ri lis\u00e4\u00e4 n\u00e4kyvyytt\u00e4.Kauluksessa koon osoittava v\u00e4rimerkint\u00e4. \u00d6kotex-hyv\u00e4ksynt\u00e4. Sopiirakentamiseen, kokoonpanoon, maansiirtot\u00f6ihin ja tavarank\u00e4sittelyyn.Saumaton, polyesteri\u00e4. Nestetiivis puolikasto. Eritt\u00e4in hyv\u00e4 pito, Hi-vis. Myyntier\u00e4: 1 pr (6 pr \/ nippu). Hakusanat: asentajank\u00e4sine,ty\u00f6hanska, ty\u00f6sormikas, puutarhak\u00e4sine<\/p>\n","protected":false},"excerpt":{"rendered":"<p>Ohut ja eritt\u00e4in notkea k\u00e4sine, jonka ote pit\u00e4\u00e4 \u00e4\u00e4rimm\u00e4isen hyvin.Kahteen kertaan kastettu k\u00e4sine on nestetiivis, ja uloimman kerroksenainutlaatuinen mikrohuokoinen pinta pit\u00e4\u00e4 \u00e4\u00e4rimm\u00e4isen hyvin sek\u00e4 m\u00e4rill\u00e4ett\u00e4 kuivilla pinnoilla. G13-neuloksen sek\u00e4 ergonomisen rakenteen japehme\u00e4n lateksin ansiosta eritt\u00e4in mukava k\u00e4sine, jossa hyv\u00e4sormituntuma. K\u00e4mmensel\u00e4n keltainen Hi-Vis-huomiov\u00e4ri lis\u00e4\u00e4 n\u00e4kyvyytt\u00e4.Kauluksessa koon osoittava v\u00e4rimerkint\u00e4. \u00d6kotex-hyv\u00e4ksynt\u00e4. Sopiirakentamiseen, kokoonpanoon, maansiirtot\u00f6ihin ja tavarank\u00e4sittelyyn.Saumaton, polyesteri\u00e4. Nestetiivis [&hellip;]<\/p>\n","protected":false},"featured_media":0,"comment_status":"open","ping_status":"closed","template":"","meta":[],"product_brand":[],"product_cat":[3383],"product_tag":[],"class_list":{"0":"post-75340","1":"product","2":"type-product","3":"status-publish","5":"product_cat-henkilonsuojaimet-ja-tyoturvallisuus-henkilonsuojaimet-kasineet","7":"first","8":"instock","9":"shipping-taxable","10":"purchasable","11":"product-type-simple"},"_links":{"self":[{"href":"https:\/\/logistiikkakeskus.net\/kauppa\/wp-json\/wp\/v2\/product\/75340","targetHints":{"allow":["GET"]}}],"collection":[{"href":"https:\/\/logistiikkakeskus.net\/kauppa\/wp-json\/wp\/v2\/product"}],"about":[{"href":"https:\/\/logistiikkakeskus.net\/kauppa\/wp-json\/wp\/v2\/types\/product"}],"replies":[{"embeddable":true,"href":"https:\/\/logistiikkakeskus.net\/kauppa\/wp-json\/wp\/v2\/comments?post=75340"}],"wp:attachment":[{"href":"https:\/\/logistiikkakeskus.net\/kauppa\/wp-json\/wp\/v2\/media?parent=75340"}],"wp:term":[{"taxonomy":"product_brand","embeddable":true,"href":"https:\/\/logistiikkakeskus.net\/kauppa\/wp-json\/wp\/v2\/product_brand?post=75340"},{"taxonomy":"product_cat","embeddable":true,"href":"https:\/\/logistiikkakeskus.net\/kauppa\/wp-json\/wp\/v2\/product_cat?post=75340"},{"taxonomy":"product_tag","embeddable":true,"href":"https:\/\/logistiikkakeskus.net\/kauppa\/wp-json\/wp\/v2\/product_tag?post=75340"}],"curies":[{"name":"wp","href":"https:\/\/api.w.org\/{rel}","templated":true}]}}